{"id":1641,"date":"2018-03-23T11:17:40","date_gmt":"2018-03-23T10:17:40","guid":{"rendered":"http:\/\/www.imf.asso.fr\/pages\/?page_id=1641"},"modified":"2026-03-05T10:01:07","modified_gmt":"2026-03-05T09:01:07","slug":"insertion-professionnelle-des-diplomes-imf","status":"publish","type":"page","link":"https:\/\/www.imf.asso.fr\/pages\/?page_id=1641","title":{"rendered":"R\u00e9ussite aux dipl\u00f4mes, Insertion Professionnelle et Satisfaction"},"content":{"rendered":"<p><!--more--><\/p>\n<div class=\"post-nav-top parent-return parent-88 clearfix\">\n<p class=\"col-md-12\"><i class=\"fa fa-arrow-circle-up\"><\/i> Revenir \u00e0 <a class=\"parent-return-link\" href=\"\/pages\/\">Accueil<\/a><\/p>\n<\/div>\n<table style=\"height: 195px; width: 100%; border-collapse: collapse; border-style: hidden;\" border=\"none\">\n<tbody>\n<tr class=\"cell_background_title\" style=\"height: 39px;\">\n<td style=\"width: 85.3242%; height: 39px;\" colspan=\"6\">\n<p><span style=\"font-size: 14pt; color: #1d60ab;\"><strong>Taux de r\u00e9ussite aux dipl\u00f4mes<\/strong><\/span><\/p>\n<p><strong>Marseille<\/strong><\/p>\n<\/td>\n<\/tr>\n<tr style=\"height: 39px;\">\n<td style=\"width: 14.2857%; height: 39px;\">\u00a0<\/td>\n<td style=\"width: 14.2077%; height: 39px; background-color: #1b60ab;\" width=\"76\"><span style=\"color: #ffffff;\"><strong>DEAES<\/strong><\/span><\/td>\n<td style=\"width: 14.2077%; height: 39px; background-color: #1b60ab;\" width=\"76\"><span style=\"color: #ffffff;\"><strong>DEME<\/strong><\/span><\/td>\n<td style=\"width: 14.2077%; height: 39px; background-color: #1b60ab;\" width=\"76\"><span style=\"color: #ffffff;\"><strong>DEES<\/strong><\/span><\/td>\n<td style=\"width: 14.2077%; height: 39px; background-color: #1b60ab;\" width=\"76\"><span style=\"color: #ffffff;\"><strong>DEASS<\/strong><\/span><\/td>\n<td style=\"width: 14.2077%; height: 39px; background-color: #1b60ab;\" width=\"76\"><span style=\"color: #ffffff;\"><strong>DEIS<\/strong><\/span><\/td>\n<\/tr>\n<tr style=\"height: 39px;\">\n<td style=\"width: 14.2857%; height: 39px;\">2025<\/td>\n<td style=\"width: 14.2077%; height: 39px;\">96%<\/td>\n<td style=\"width: 14.2077%; height: 39px;\">88%<\/td>\n<td style=\"width: 14.2077%; height: 39px;\">97%<\/td>\n<td style=\"width: 14.2077%; height: 39px;\">100%<\/td>\n<td style=\"width: 14.2077%; height: 39px;\">100%<\/td>\n<\/tr>\n<tr style=\"height: 39px;\">\n<td style=\"width: 14.2857%; height: 39px;\">2024<\/td>\n<td style=\"width: 14.2077%; height: 39px;\">100%<\/td>\n<td style=\"width: 14.2077%; height: 39px;\">84%<\/td>\n<td style=\"width: 14.2077%; height: 39px;\">99%<\/td>\n<td style=\"width: 14.2077%; height: 39px;\">100%<\/td>\n<td style=\"width: 14.2077%; height: 39px;\">100<\/td>\n<\/tr>\n<tr style=\"height: 39px;\">\n<td style=\"width: 14.2857%; height: 39px;\">2023<\/td>\n<td style=\"width: 14.2077%; height: 39px;\">100%<\/td>\n<td style=\"width: 14.2077%; height: 39px;\">100%<\/td>\n<td style=\"width: 14.2077%; height: 39px;\">97%<\/td>\n<td style=\"width: 14.2077%; height: 39px;\">97%<\/td>\n<td style=\"width: 14.2077%; height: 39px;\">75%<\/td>\n<\/tr>\n<\/tbody>\n<\/table>\n<p><!--\n\n\n\n\n\n\n\n\n\n\n\n\n\n\n\n\n\n\n\n\n\n<tr>\n\n\n<td style=\"width: 14.2857%;\">2022<\/td>\n\n\n\n\n<td style=\"width: 14.2077%;\">100%<\/td>\n\n\n\n\n<td style=\"width: 14.2077%;\">97.9%<\/td>\n\n\n\n\n<td style=\"width: 14.2077%;\">-<\/td>\n\n\n\n\n<td style=\"width: 14.2077%;\">-<\/td>\n\n\n\n\n<td style=\"width: 14.2077%;\">78%<\/td>\n\n\n<\/tr>\n\n\n\n\n<tr>\n\n\n<td style=\"width: 14.2857%;\">2021<\/td>\n\n\n\n\n<td style=\"width: 14.2077%;\">100%<\/td>\n\n\n\n\n<td style=\"width: 14.2077%;\">100%<\/td>\n\n\n\n\n<td style=\"width: 14.2077%;\">93%<\/td>\n\n\n\n\n<td style=\"width: 14.2077%;\">94%<\/td>\n\n\n\n\n<td style=\"width: 14.2077%;\">100%<\/td>\n\n\n<\/tr>\n\n\n\n\n<tr>\n\n\n<td style=\"width: 14.2857%;\">2020<\/td>\n\n\n\n\n<td style=\"width: 14.2077%;\">100%<\/td>\n\n\n\n\n<td style=\"width: 14.2077%;\">97%<\/td>\n\n\n\n\n<td style=\"width: 14.2077%;\">100%<\/td>\n\n\n\n\n<td style=\"width: 14.2077%;\">96%<\/td>\n\n\n\n\n<td style=\"width: 14.2077%;\">100%<\/td>\n\n\n<\/tr>\n\n\n\n\n<tr style=\"height: 39px;\">\n\n\n<td style=\"width: 14.2857%; height: 39px;\">2019<\/td>\n\n\n\n\n<td style=\"width: 14.2077%; height: 39px;\" width=\"76\">100%<\/td>\n\n\n\n\n<td style=\"width: 14.2077%; height: 39px;\" width=\"76\">92%<\/td>\n\n\n\n\n<td style=\"width: 14.2077%; height: 39px;\" width=\"76\">80,5%<\/td>\n\n\n\n\n<td style=\"width: 14.2077%; height: 39px;\" width=\"76\">85,3%<\/td>\n\n\n\n\n<td style=\"width: 14.2077%; height: 39px;\" width=\"76\">86%<\/td>\n\n\n<\/tr>\n\n\n\n\n<tr style=\"height: 39px;\">\n\n\n<td style=\"width: 14.2857%; height: 39px;\">2018<\/td>\n\n\n\n\n<td style=\"width: 14.2077%; height: 39px;\" width=\"76\">100%<\/td>\n\n\n\n\n<td style=\"width: 14.2077%; height: 39px;\" width=\"76\">87,1%<\/td>\n\n\n\n\n<td style=\"width: 14.2077%; height: 39px;\" width=\"76\">78,7%<\/td>\n\n\n\n\n<td style=\"width: 14.2077%; height: 39px;\" width=\"76\">82,1%<\/td>\n\n\n\n\n<td style=\"width: 14.2077%; height: 39px;\" width=\"76\">75%<\/td>\n\n\n<\/tr>\n\n\n\n\n\n\n\n\n\n\n\n\n\n\n\n\n\n\n\n\n\n--><\/p>\n<p>&nbsp;<\/p>\n<table style=\"width: 100%; border-collapse: collapse;\">\n<tbody>\n<tr class=\"cell_background_title\" style=\"height: 39px;\">\n<td style=\"height: 39px; width: 94.0802%;\" colspan=\"9\"><strong>Avignon<\/strong><\/td>\n<td style=\"width: 99.6356%; height: 39px;\">\u00a0<\/td>\n<\/tr>\n<tr style=\"height: 39px;\">\n<td style=\"width: 11.1111%; height: 39px;\">\u00a0<\/td>\n<td style=\"width: 19.8088%; height: 39px; text-align: center; background-color: #1b60ab;\"><span style=\"color: #ffffff;\"><strong>DEAES<\/strong><\/span><\/td>\n<td style=\"width: 6.58015%; height: 39px; text-align: center; background-color: #1b60ab;\"><span style=\"color: #ffffff;\"><strong>DEME<\/strong><\/span><\/td>\n<td style=\"width: 6.58015%; text-align: center; background-color: #1b60ab;\"><span style=\"color: #ffffff;\"><strong>DETISF<\/strong><strong><br \/>\n<\/strong><\/span><\/td>\n<td style=\"width: 11.1111%; height: 39px; text-align: center; background-color: #1b60ab;\"><span style=\"color: #ffffff;\"><strong>DEES<\/strong><\/span><\/td>\n<td style=\"width: 11.1111%; height: 39px; text-align: center; background-color: #1b60ab;\"><span style=\"color: #ffffff;\"><strong>DEASS<\/strong><\/span><\/td>\n<td style=\"width: 11.1111%; height: 39px; text-align: center; background-color: #1b60ab;\"><span style=\"color: #ffffff;\"><strong>DEJE<\/strong><\/span><\/td>\n<td style=\"width: 11.1111%; height: 39px; text-align: center; background-color: #1b60ab;\"><span style=\"color: #ffffff;\"><strong>CAFERUIS<\/strong><\/span><\/td>\n<td style=\"width: 5.55555%; height: 39px; text-align: center; background-color: #1b60ab;\"><span style=\"color: #ffffff;\"><strong>DEIS<\/strong><\/span><\/td>\n<td style=\"width: 99.6356%; text-align: center; height: 39px; background-color: #1b60ab;\"><span style=\"color: #ffffff;\"><strong>CAFDES<\/strong><\/span><\/td>\n<\/tr>\n<tr>\n<td style=\"width: 11.1111%;\">2025<\/td>\n<td style=\"width: 19.8088%; text-align: center;\">94%<\/td>\n<td style=\"width: 6.58015%; text-align: center;\">90%<\/td>\n<td style=\"width: 6.58015%; text-align: center;\">80%<\/td>\n<td style=\"width: 11.1111%; text-align: center;\">100%<\/td>\n<td style=\"width: 11.1111%; text-align: center;\">100%<\/td>\n<td style=\"width: 11.1111%; text-align: center;\">100%<\/td>\n<td style=\"width: 11.1111%; text-align: center;\">77%<\/td>\n<td style=\"width: 5.55555%; text-align: center;\">100%<\/td>\n<td style=\"width: 99.6356%; text-align: center;\">75%<\/td>\n<\/tr>\n<tr>\n<td style=\"width: 11.1111%;\">2024<\/td>\n<td style=\"width: 19.8088%; text-align: center;\">93%<\/td>\n<td style=\"width: 6.58015%; text-align: center;\">87%<\/td>\n<td style=\"width: 6.58015%; text-align: center;\">100%<\/td>\n<td style=\"width: 11.1111%; text-align: center;\">97%<\/td>\n<td style=\"width: 11.1111%; text-align: center;\">100%<\/td>\n<td style=\"width: 11.1111%; text-align: center;\">100%<\/td>\n<td style=\"width: 11.1111%; text-align: center;\">100%<\/td>\n<td style=\"width: 5.55555%; text-align: center;\">100%<\/td>\n<td style=\"width: 99.6356%; text-align: center;\">60%<\/td>\n<\/tr>\n<tr style=\"height: 39px;\">\n<td style=\"width: 11.1111%; height: 39px;\">2023<\/td>\n<td style=\"width: 19.8088%; text-align: center; height: 39px;\">100%<\/td>\n<td style=\"width: 6.58015%; text-align: center; height: 39px;\">95%<\/td>\n<td style=\"width: 6.58015%; text-align: center;\">&#8211;<\/td>\n<td style=\"width: 11.1111%; text-align: center; height: 39px;\">93%<\/td>\n<td style=\"width: 11.1111%; text-align: center; height: 39px;\">92%<\/td>\n<td style=\"width: 11.1111%; text-align: center; height: 39px;\">100%<\/td>\n<td style=\"width: 11.1111%; text-align: center; height: 39px;\">&#8211;<\/td>\n<td style=\"width: 5.55555%; text-align: center; height: 39px;\">&#8211;<\/td>\n<td style=\"width: 99.6356%; text-align: center; height: 39px;\">&#8211;<\/td>\n<\/tr>\n<\/tbody>\n<\/table>\n<p><!--\n\n\n\n\n\n\n\n\n\n\n\n\n\n\n\n\n\n\n<tr style=\"height: 39px;\">\n\n\n<td style=\"width: 11.1111%; height: 39px;\">2022<\/td>\n\n\n\n\n<td style=\"width: 19.8088%; text-align: center; height: 39px;\">100%<\/td>\n\n\n\n\n<td style=\"width: 6.58015%; text-align: center; height: 39px;\">100%<\/td>\n\n\n\n\n<td style=\"width: 6.58015%; text-align: center;\">-<\/td>\n\n\n\n\n<td style=\"width: 11.1111%; text-align: center; height: 39px;\">96%<\/td>\n\n\n\n\n<td style=\"width: 11.1111%; text-align: center; height: 39px;\">93%<\/td>\n\n\n\n\n<td style=\"width: 11.1111%; text-align: center; height: 39px;\">100%<\/td>\n\n\n\n\n<td style=\"width: 11.1111%; text-align: center; height: 39px;\">85%<\/td>\n\n\n\n\n<td style=\"width: 5.55555%; text-align: center; height: 39px;\">100%<\/td>\n\n\n\n\n<td style=\"width: 99.6356%; text-align: center; height: 39px;\">100%<\/td>\n\n\n<\/tr>\n\n\n\n\n<tr style=\"height: 39px;\">\n\n\n<td style=\"width: 11.1111%; height: 39px;\">2021<\/td>\n\n\n\n\n<td style=\"width: 19.8088%; text-align: center; height: 39px;\">100%<\/td>\n\n\n\n\n<td style=\"width: 6.58015%; text-align: center; height: 39px;\">87%<\/td>\n\n\n\n\n<td style=\"width: 6.58015%; text-align: center;\">-<\/td>\n\n\n\n\n<td style=\"width: 11.1111%; text-align: center; height: 39px;\">97%<\/td>\n\n\n\n\n<td style=\"width: 11.1111%; text-align: center; height: 39px;\">83%<\/td>\n\n\n\n\n<td style=\"width: 11.1111%; text-align: center; height: 39px;\">100%<\/td>\n\n\n\n\n<td style=\"width: 11.1111%; text-align: center; height: 39px;\">76%<\/td>\n\n\n\n\n<td style=\"width: 5.55555%; text-align: center; height: 39px;\">100%<\/td>\n\n\n\n\n<td style=\"width: 99.6356%; text-align: center; height: 39px;\">100%<\/td>\n\n\n<\/tr>\n\n\n\n\n<tr style=\"height: 39px;\">\n\n\n<td style=\"width: 11.1111%; height: 39px;\">2020<\/td>\n\n\n\n\n<td style=\"width: 19.8088%; text-align: center; height: 39px;\">100%<\/td>\n\n\n\n\n<td style=\"width: 6.58015%; text-align: center; height: 39px;\">100%<\/td>\n\n\n\n\n<td style=\"width: 6.58015%; text-align: center;\">-<\/td>\n\n\n\n\n<td style=\"width: 11.1111%; text-align: center; height: 39px;\">97%<\/td>\n\n\n\n\n<td style=\"width: 11.1111%; text-align: center; height: 39px;\">100%<\/td>\n\n\n\n\n<td style=\"width: 11.1111%; text-align: center; height: 39px;\">100%<\/td>\n\n\n\n\n<td style=\"width: 11.1111%; text-align: center; height: 39px;\">-<\/td>\n\n\n\n\n<td style=\"width: 5.55555%; text-align: center; height: 39px;\">83%<\/td>\n\n\n\n\n<td style=\"width: 99.6356%; text-align: center; height: 39px;\">71%<\/td>\n\n\n<\/tr>\n\n\n\n\n<tr style=\"height: 39px;\">\n\n\n<td style=\"width: 11.1111%; height: 39px;\">2019<\/td>\n\n\n\n\n<td style=\"width: 19.8088%; text-align: center; height: 39px;\" width=\"76\">98,2%<\/td>\n\n\n\n\n<td style=\"width: 6.58015%; text-align: center; height: 39px;\" width=\"74\">97,2%<\/td>\n\n\n\n\n<td style=\"width: 6.58015%; text-align: center;\">-<\/td>\n\n\n\n\n<td style=\"width: 11.1111%; text-align: center; height: 39px;\" width=\"74\">97,8%<\/td>\n\n\n\n\n<td style=\"width: 11.1111%; text-align: center; height: 39px;\" width=\"75\">100%<\/td>\n\n\n\n\n<td style=\"width: 11.1111%; text-align: center; height: 39px;\" width=\"74\">90,4%<\/td>\n\n\n\n\n<td style=\"width: 11.1111%; text-align: center; height: 39px;\" width=\"83\">-<\/td>\n\n\n\n\n<td style=\"width: 5.55555%; text-align: center; height: 39px;\" width=\"74\">66%<\/td>\n\n\n\n\n<td style=\"width: 99.6356%; text-align: center; height: 39px;\">75%<\/td>\n\n\n<\/tr>\n\n\n\n\n<tr style=\"height: 39px;\">\n\n\n<td style=\"width: 11.1111%; height: 39px;\">2018<\/td>\n\n\n\n\n<td style=\"width: 19.8088%; text-align: center; height: 39px;\" width=\"76\">97,5%<\/td>\n\n\n\n\n<td style=\"width: 6.58015%; text-align: center; height: 39px;\" width=\"74\">91,9%<\/td>\n\n\n\n\n<td style=\"width: 6.58015%; text-align: center;\">-<\/td>\n\n\n\n\n<td style=\"width: 11.1111%; text-align: center; height: 39px;\" width=\"74\">88,6%<\/td>\n\n\n\n\n<td style=\"width: 11.1111%; text-align: center; height: 39px;\" width=\"75\">77,7%<\/td>\n\n\n\n\n<td style=\"width: 11.1111%; text-align: center; height: 39px;\" width=\"74\">100%<\/td>\n\n\n\n\n<td style=\"width: 11.1111%; text-align: center; height: 39px;\" width=\"83\">64,5%<\/td>\n\n\n\n\n<td style=\"width: 5.55555%; text-align: center; height: 39px;\" width=\"74\">100%<\/td>\n\n\n\n\n<td style=\"width: 99.6356%; text-align: center; height: 39px;\">-<\/td>\n\n\n<\/tr>\n\n\n\n\n\n\n\n\n\n\n\n\n\n\n\n\n\n\n--><\/p>\n<p>&nbsp;<\/p>\n<table style=\"border-collapse: collapse; width: 28.1426%;\">\n<tbody>\n<tr class=\"cell_background_title\" style=\"height: 39px;\">\n<td style=\"height: 39px; width: 44.7505%;\" colspan=\"3\"><strong>Arles<\/strong><\/td>\n<\/tr>\n<tr>\n<td style=\"width: 18.7851%;\">\u00a0<\/td>\n<td style=\"width: 12.9827%; background-color: #1b60ab;\"><span style=\"color: #ffffff;\"><strong>DEAES<\/strong><\/span><\/td>\n<td style=\"width: 12.9827%; background-color: #1b60ab;\"><span style=\"color: #ffffff;\"><strong>DEEJE<\/strong><\/span><\/td>\n<\/tr>\n<tr>\n<td style=\"width: 18.7851%;\">2025<\/td>\n<td style=\"width: 12.9827%; text-align: center;\">93%<\/td>\n<td style=\"width: 12.9827%; text-align: center;\">&#8211;<\/td>\n<\/tr>\n<tr>\n<td style=\"width: 18.7851%;\">2024<\/td>\n<td style=\"width: 12.9827%; text-align: center;\">100%<\/td>\n<td style=\"width: 12.9827%; text-align: center;\">100%<\/td>\n<\/tr>\n<tr>\n<td style=\"width: 18.7851%;\">2023<\/td>\n<td style=\"width: 12.9827%; text-align: center;\">100%<\/td>\n<td style=\"width: 12.9827%; text-align: center;\">100%<\/td>\n<\/tr>\n<\/tbody>\n<\/table>\n<p><!--\n\n\n\n\n\n\n\n\n\n\n\n\n\n\n\n<tr><span style=\"display: inline-block; width: 0px; overflow: hidden; line-height: 0;\" data-mce-type=\"bookmark\" class=\"mce_SELRES_start\"><\/span>\n\n\n<td style=\"width: 18.7851%;\">2022<\/td>\n\n\n\n\n<td style=\"width: 12.9827%; text-align: center;\">100%<\/td>\n\n\n\n\n<td style=\"width: 12.9827%; text-align: center;\">-<\/td>\n\n\n<\/tr>\n\n\n\n\n<tr style=\"height: 39px;\">\n\n\n<td style=\"width: 18.7851%; height: 39px;\">2021<\/td>\n\n\n\n\n<td style=\"width: 12.9827%; text-align: center; height: 39px;\">100%<\/td>\n\n\n\n\n<td style=\"width: 12.9827%; text-align: center;\">-<\/td>\n\n\n<\/tr>\n\n\n\n\n<tr style=\"height: 39px;\">\n\n\n<td style=\"width: 18.7851%; height: 39px;\">2020<\/td>\n\n\n\n\n<td style=\"width: 12.9827%; text-align: center; height: 39px;\">100%<\/td>\n\n\n\n\n<td style=\"width: 12.9827%; text-align: center;\">-<\/td>\n\n\n<\/tr>\n\n\n\n\n<tr style=\"height: 39px;\">\n\n\n<td style=\"width: 18.7851%; height: 39px;\">2019<\/td>\n\n\n\n\n<td style=\"width: 12.9827%; text-align: center; height: 39px;\" width=\"74\">100%<\/td>\n\n\n\n\n<td style=\"width: 12.9827%; text-align: center;\">-<\/td>\n\n\n<\/tr>\n\n\n\n\n<tr style=\"height: 39px;\">\n\n\n<td style=\"width: 18.7851%; height: 39px;\">2018<\/td>\n\n\n\n\n<td style=\"width: 12.9827%; text-align: center; height: 39px;\" width=\"74\">100%<\/td>\n\n\n\n\n<td style=\"width: 12.9827%; text-align: center;\">-<\/td>\n\n\n<\/tr>\n\n\n\n\n\n\n\n\n\n\n\n\n\n\n\n--><\/p>\n<p>&nbsp;<\/p>\n<p><span style=\"color: #1d60ab; font-size: 14pt;\"><strong>Insertion Professionnelle des dipl\u00f4m\u00e9s et Taux de satisfaction<\/strong><\/span><\/p>\n<p><em>R\u00e9sultats enqu\u00eate insertion \u00e0 6 mois apr\u00e8s le dipl\u00f4me.<\/em><\/p>\n<ul>\n<li><a href=\"https:\/\/www.imf.asso.fr\/pages\/wp-content\/uploads\/insertion-prof-enquete-analyse-globale-diplomes-2025-modif.pdf\">insertion des \u00e9tudiants dipl\u00f4m\u00e9s 2025<\/a><\/li>\n<li><a href=\"https:\/\/www.imf.asso.fr\/pages\/wp-content\/uploads\/Bilan_enquete_insertion_pro_dipomes2024.pdf\">insertion des \u00e9tudiants dipl\u00f4m\u00e9s 2024<\/a><\/li>\n<li><a href=\"https:\/\/www.imf.asso.fr\/pages\/wp-content\/uploads\/ANALYSE-GLOBALE-2023.pdf\">insertion des \u00e9tudiants dipl\u00f4m\u00e9s 2023<\/a><\/li>\n<\/ul>\n<p><!--\n\t\n\t\n\t\n\t\n\t\n\t\n\t\n\t\n\t\n\t\n\t\n\t\n\t\n\t\n\t\n\t\n\t\n\t\n\t\n\t\n\t\n\t\n\n<li><a href=\"https:\/\/www.imf.asso.fr\/pages\/wp-content\/uploads\/analyse_site.pdf\">insertion des \u00e9tudiants dipl\u00f4m\u00e9s 2022<\/a><\/li>\n\n\n\t\n\n<li><a href=\"\/ressources\/cms\/insertion_etudiants_diplomes_2021.pdf\" target=\"_blank\" rel=\"noopener\">insertion des \u00e9tudiants dipl\u00f4m\u00e9s 2021<\/a><\/li>\n\n\n\t\n\n<li><a href=\"\/ressources\/cms\/insertion_etudiants_diplomes_2020.pdf\" target=\"_blank\" rel=\"noopener\">insertion des \u00e9tudiants dipl\u00f4m\u00e9s 2020<\/a><\/li>\n\n\n\t\n\n<li><a href=\"\/ressources\/cms\/insertion_etudiants_diplomes_2019.pdf\" target=\"_blank\" rel=\"noopener noreferrer\">insertion des \u00e9tudiants dipl\u00f4m\u00e9s 2019<\/a><\/li>\n\n\n\t\n\n<li><a href=\"\/ressources\/cms\/insertion_etudiants_diplomes_2018.pdf\" target=\"_blank\" rel=\"noopener noreferrer\"><span style=\"display: inline-block; width: 0px; overflow: hidden; line-height: 0;\" data-mce-type=\"bookmark\" class=\"mce_SELRES_start\"><\/span>insertion des \u00e9tudiants dipl\u00f4m\u00e9s 2018<\/a><\/li>\n\n\n\n\n\n\n\n\n\n\n\n\n\n\n\n\n\n\n\n\n\n\n\n--><\/p>\n<p>&nbsp;<\/p>\n","protected":false},"excerpt":{"rendered":"","protected":false},"author":1,"featured_media":0,"parent":0,"menu_order":0,"comment_status":"closed","ping_status":"closed","template":"template-twocolumnsright.php","meta":{"footnotes":""},"_links":{"self":[{"href":"https:\/\/www.imf.asso.fr\/pages\/index.php?rest_route=\/wp\/v2\/pages\/1641"}],"collection":[{"href":"https:\/\/www.imf.asso.fr\/pages\/index.php?rest_route=\/wp\/v2\/pages"}],"about":[{"href":"https:\/\/www.imf.asso.fr\/pages\/index.php?rest_route=\/wp\/v2\/types\/page"}],"author":[{"embeddable":true,"href":"https:\/\/www.imf.asso.fr\/pages\/index.php?rest_route=\/wp\/v2\/users\/1"}],"replies":[{"embeddable":true,"href":"https:\/\/www.imf.asso.fr\/pages\/index.php?rest_route=%2Fwp%2Fv2%2Fcomments&post=1641"}],"version-history":[{"count":4,"href":"https:\/\/www.imf.asso.fr\/pages\/index.php?rest_route=\/wp\/v2\/pages\/1641\/revisions"}],"predecessor-version":[{"id":16417,"href":"https:\/\/www.imf.asso.fr\/pages\/index.php?rest_route=\/wp\/v2\/pages\/1641\/revisions\/16417"}],"wp:attachment":[{"href":"https:\/\/www.imf.asso.fr\/pages\/index.php?rest_route=%2Fwp%2Fv2%2Fmedia&parent=1641"}],"curies":[{"name":"wp","href":"https:\/\/api.w.org\/{rel}","templated":true}]}}