{"id":16,"date":"2017-07-05T10:36:58","date_gmt":"2017-07-05T08:36:58","guid":{"rendered":"http:\/\/www.imf.asso.fr\/pages\/?page_id=16"},"modified":"2026-04-15T15:48:07","modified_gmt":"2026-04-15T13:48:07","slug":"informations-et-conseils","status":"publish","type":"page","link":"https:\/\/www.imf.asso.fr\/pages\/?page_id=16","title":{"rendered":"Informations et Conseils"},"content":{"rendered":"<p><!--more--><\/p>\n<table class=\"cell_align_content\">\n<tbody>\n<tr class=\"cell_background_title\">\n<td><span style=\"font-size: 14pt;\"><strong><span style=\"color: #1d60ab;\">Contacter le service ICO<\/span><\/strong><\/span><\/td>\n<\/tr>\n<tr>\n<td>\n<table style=\"border-collapse: collapse; width: 100%;\">\n<tbody>\n<tr>\n<td style=\"width: 50%;\">\n<p><span style=\"color: #1d60ab;\"><strong>ICO Marseille<\/strong><\/span><\/p>\n<p><b>04 91 24 61 12<\/b> <b><br \/>\n04 91 53 60 48 <\/b><b><br \/>\n<\/b>imfinfos@imf.asso.fr\u00a0<\/p>\n<\/td>\n<td style=\"width: 50%;\">\n<p><span style=\"color: #1d60ab;\"><strong>ICO Avignon \/ Arles<\/strong><\/span><\/p>\n<p><b>04 13 35 46 86<\/b><b><br \/>\n<\/b>imfinfos@imf.asso.fr\u00a0<b><br \/>\n<\/b><\/p>\n<\/td>\n<\/tr>\n<\/tbody>\n<\/table>\n<ul>\n<li><strong>Horaires d&rsquo;ouverture :<\/strong>\u00a0 5 jours \/ semaine de 9h00 \u00e0 17h00 (sauf le vendredi 9h00-14h00)<\/li>\n<li><a href=\"http:\/\/www.imf.asso.fr\/pages\/?page_id=2994\"><strong>Les dates de nos r\u00e9unions d&rsquo;information collective<\/strong><\/a><\/li>\n<\/ul>\n<\/td>\n<\/tr>\n<\/tbody>\n<\/table>\n<table class=\"cell_align_content\">\n<tbody>\n<tr class=\"cell_background_title\">\n<td><strong><span style=\"color: #1d60ab; font-size: 14pt;\">Les missions du Service<\/span><\/strong><\/td>\n<\/tr>\n<tr>\n<td>\n<ul style=\"list-style-type: disc;\">\n<li><strong>Faire conna\u00eetre les m\u00e9tiers et formations du travail social<\/strong><\/li>\n<li>Promouvoir et veiller au <strong>d\u00e9veloppement de l\u2019Institut<\/strong><\/li>\n<li><strong>Accompagner le public<\/strong> dans la construction de leur projet de formation et\/ou professionnel<\/li>\n<\/ul>\n<p>ICO est lab\u00e9lis\u00e9 par le Conseil R\u00e9gional comme Point d\u2019Informations et Orientation (PIO) VAE pour les informer sur l&rsquo;<a href=\"\/pages\/?page_id=264\">offre de formations<\/a> et les divers dispositifs de financement.<\/p>\n<p>ICO est ouvert gratuitement \u00e0 tout public : jeunes, adultes, demandeurs d\u2019emploi, salari\u00e9s, travailleurs ind\u00e9pendants et employeurs du secteur social et m\u00e9dico-social.<\/p>\n<p>Il d\u00e9veloppe et anime un syst\u00e8me d\u2019information \u00e0 l\u2019usage des professionnels et du grand public sur les formations, le financement des formations, les concours, la VAE et l\u2019emploi dans le secteur social.<\/p>\n<\/td>\n<\/tr>\n<\/tbody>\n<\/table>\n<table class=\"cell_align_content\">\n<tbody>\n<tr class=\"cell_background_title\">\n<td><span style=\"color: #1d60ab; font-size: 14pt;\"><strong>Les moyens<\/strong><\/span><\/td>\n<\/tr>\n<tr>\n<td>\n<p>La cellule d&rsquo;accueil, d&rsquo;information et d&rsquo;orientation est un <strong>espace orientation<\/strong> m\u00e9tiers emploi formation et a pour missions d&rsquo;accueillir, d&rsquo;informer, d&rsquo;orienter les personnes en recherche d\u2019un m\u00e9tier ou d\u2019une formation dans le secteur social. Les conseillers de la cellule les accompagnent dans la construction de leur projet professionnel ou de leur projet de formation.<\/p>\n<p>Elle m\u00e8ne des actions en <strong>collaboration avec les prescripteurs<\/strong> &#8211; missions locales, p\u00f4les emploi, CIO, SCUIO, cit\u00e9 des m\u00e9tiers, structures d\u2019insertion professionnelle \u00e0 destination de publics sp\u00e9cifiques, CARIF <em>Espace Comp\u00e9tences,<\/em>&#8230;<\/p>\n<p>ICO permet \u00e9galement d\u2019<strong>acc\u00e9der \u00e0 des bases d\u2019informations<\/strong> pour rechercher une action ou un organisme de formation, conna\u00eetre les aides et dispositifs ou trouver les coordonn\u00e9es des diff\u00e9rents acteurs. C\u2019est un lieu ressources et d\u2019information sur les formations et l\u2019apprentissage.<\/p>\n<ul>\n<li><strong>Accueil personnalis\u00e9<\/strong> : aide, assistance, \u00e9coute et conseil sur l\u2019orientation professionnelle et la recherche de financements.<\/li>\n<li><strong>Information et conseil<\/strong> par courriers, mail, t\u00e9l\u00e9phone\u2026<\/li>\n<li><strong>Veille et mise \u00e0 disposition d\u2019informations sur les formations<\/strong> (informations sur les m\u00e9tiers et les cursus de formation), sur l\u2019emploi (ouvrages sur la r\u00e9alisation d\u2019un CV, d\u2019une lettre de motivation, sur l\u2019entretien d\u2019embauche, sur les structures du secteur social et m\u00e9dico-social\u2026)<\/li>\n<li>Diffusion d\u2019<strong>offre d\u2019emploi et la gestion des CV <\/strong>: Alimentation d\u2019un site offres et demandes de stages, emplois et contrats d\u2019apprentissage : mise en relation entre nos \u00e9tudiants et\/ou nos dipl\u00f4m\u00e9s et les employeurs du secteur. Nos nouveaux et anciens \u00e9tudiants peuvent d\u00e9poser leur CV et les employeurs leurs offres.<\/li>\n<\/ul>\n<\/td>\n<\/tr>\n<\/tbody>\n<\/table>\n<p>&nbsp;<\/p>\n","protected":false},"excerpt":{"rendered":"","protected":false},"author":1,"featured_media":0,"parent":0,"menu_order":0,"comment_status":"closed","ping_status":"closed","template":"template-twocolumnsright.php","meta":{"footnotes":""},"_links":{"self":[{"href":"https:\/\/www.imf.asso.fr\/pages\/index.php?rest_route=\/wp\/v2\/pages\/16"}],"collection":[{"href":"https:\/\/www.imf.asso.fr\/pages\/index.php?rest_route=\/wp\/v2\/pages"}],"about":[{"href":"https:\/\/www.imf.asso.fr\/pages\/index.php?rest_route=\/wp\/v2\/types\/page"}],"author":[{"embeddable":true,"href":"https:\/\/www.imf.asso.fr\/pages\/index.php?rest_route=\/wp\/v2\/users\/1"}],"replies":[{"embeddable":true,"href":"https:\/\/www.imf.asso.fr\/pages\/index.php?rest_route=%2Fwp%2Fv2%2Fcomments&post=16"}],"version-history":[{"count":3,"href":"https:\/\/www.imf.asso.fr\/pages\/index.php?rest_route=\/wp\/v2\/pages\/16\/revisions"}],"predecessor-version":[{"id":17249,"href":"https:\/\/www.imf.asso.fr\/pages\/index.php?rest_route=\/wp\/v2\/pages\/16\/revisions\/17249"}],"wp:attachment":[{"href":"https:\/\/www.imf.asso.fr\/pages\/index.php?rest_route=%2Fwp%2Fv2%2Fmedia&parent=16"}],"curies":[{"name":"wp","href":"https:\/\/api.w.org\/{rel}","templated":true}]}}