{"id":15941,"date":"2026-01-19T15:12:30","date_gmt":"2026-01-19T14:12:30","guid":{"rendered":"https:\/\/www.imf.asso.fr\/pages\/?page_id=15941"},"modified":"2026-03-16T11:26:57","modified_gmt":"2026-03-16T10:26:57","slug":"journee-detudes-les-droits-des-femmes","status":"publish","type":"page","link":"https:\/\/www.imf.asso.fr\/pages\/?page_id=15941","title":{"rendered":"Journ\u00e9e d&rsquo;\u00e9tudes : les droits des femmes"},"content":{"rendered":"<p>&nbsp;<\/p>\n<p>\u00c0 l\u2019occasion de la Journ\u00e9e Internationale des <span style=\"color: #1b60ab;\"><strong>Droits des femmes<\/strong><\/span> , l\u2019IMF RIS Avignon a organis\u00e9 une conf\u00e9rence riche en r\u00e9flexions et en apprentissages.<\/p>\n<p><!--more--><\/p>\n<p><img decoding=\"async\" loading=\"lazy\" class=\"alignnone size-large wp-image-16069\" src=\"https:\/\/www.imf.asso.fr\/pages\/wp-content\/uploads\/droitsfemmes-ban01-1024x156.png\" alt=\"\" width=\"945\" height=\"144\" srcset=\"https:\/\/www.imf.asso.fr\/pages\/wp-content\/uploads\/droitsfemmes-ban01-1024x156.png 1024w, https:\/\/www.imf.asso.fr\/pages\/wp-content\/uploads\/droitsfemmes-ban01-300x46.png 300w, https:\/\/www.imf.asso.fr\/pages\/wp-content\/uploads\/droitsfemmes-ban01-768x117.png 768w, https:\/\/www.imf.asso.fr\/pages\/wp-content\/uploads\/droitsfemmes-ban01-945x144.png 945w, https:\/\/www.imf.asso.fr\/pages\/wp-content\/uploads\/droitsfemmes-ban01-1300x198.png 1300w, https:\/\/www.imf.asso.fr\/pages\/wp-content\/uploads\/droitsfemmes-ban01.png 1414w\" sizes=\"(max-width: 945px) 100vw, 945px\" \/><\/p>\n<p>&nbsp;<\/p>\n<p>Cette journ\u00e9e, situ\u00e9e \u00e0 l\u2019intersection des <span style=\"color: #1b60ab;\"><strong>questions de genre, de violences et d\u2019\u00e9volutions soci\u00e9tales<\/strong><\/span>, a permis de cr\u00e9er un espace d\u2019\u00e9change autour des in\u00e9galit\u00e9s et de certaines conditions v\u00e9cues par les femmes aujourd\u2019hui.<\/p>\n<p>\nNous avons eu le plaisir d\u2019accueillir <span style=\"color: #1b60ab;\"><strong>Claude Ardid<\/strong><\/span>, journaliste et \u00e9crivain, <span style=\"color: #1b60ab;\"><strong>V\u00e9ronique Durand<\/strong><\/span>, chercheure anthropologue, <span style=\"color: #1b60ab;\"><strong>Emmanuelle Faure Bouillon<\/strong><\/span>, coordinatrice du Conseil Local de Sant\u00e9 Mentale d&rsquo;Avignon, <span style=\"color: #1b60ab;\"><strong>Ketty HOURRIER<\/strong><\/span>, cheffe de service du CSAPA Association Addictions France et <span style=\"color: #1b60ab;\"><strong>Carla BACHINI BERNARD<\/strong><\/span>, \u00e9tudiante en formation d&rsquo;Assistant de Service Social.<\/p>\n<p>Au cours de cette conf\u00e9rence, ces intervenant\u00b7es experts ont abord\u00e9 des sujets tels que la<span style=\"color: #1b60ab;\"><strong> prostitution des mineures, la sant\u00e9 mentale des femmes, les addictions chez les femmes, l\u2019estime de soi et la violence \u00e0 l\u2019\u00e9gard des femmes<\/strong> <\/span>dans une perspective nationale et internationale.<\/p>\n<p>Pour les \u00e9tudiant\u00b7es, cette journ\u00e9e a constitu\u00e9 une v\u00e9ritable opportunit\u00e9 d\u2019apprentissage. Ils ont pu b\u00e9n\u00e9ficier des analyses et de l\u2019expertise des intervenant\u00b7es, leur permettant de mieux <span style=\"color: #1b60ab;\"><strong>c<\/strong><strong>omprendre les enjeux de pr\u00e9vention, les dispositifs mis en place pour lutter contre les violences faites aux femmes, ainsi que les r\u00e9alit\u00e9s du terrain<\/strong><\/span> \u00e0 travers les t\u00e9moignages des professionnels pr\u00e9sents.<\/p>\n<p><strong>Un grand merci aux intervenant\u00b7es et aux \u00e9tudiant\u00b7es pour cette journ\u00e9e constructive<\/strong>, qui inspirera leurs futures pratiques en tant que professionnels du travail social.<\/p>\n<p>&nbsp;<\/p>\n<table style=\"border-collapse: collapse; width: 100%;\">\n<tbody>\n<tr>\n<td style=\"width: 33.3333%;\"><img decoding=\"async\" src=\"https:\/\/www.imf.asso.fr\/pages\/wp-content\/uploads\/IMG_2031-scaled.jpeg\" \/><\/td>\n<td style=\"width: 33.3333%;\"><img decoding=\"async\" src=\"https:\/\/www.imf.asso.fr\/pages\/wp-content\/uploads\/IMG_1961-scaled.jpeg\" \/>\u00a0<\/td>\n<td style=\"width: 34.5333%;\"><img decoding=\"async\" src=\"https:\/\/www.imf.asso.fr\/pages\/wp-content\/uploads\/IMG_1998-scaled.jpeg\" \/><\/td>\n<\/tr>\n<tr>\n<td style=\"width: 33.3333%;\"><img decoding=\"async\" src=\"https:\/\/www.imf.asso.fr\/pages\/wp-content\/uploads\/IMG_2014-scaled.jpeg\" \/><\/td>\n<td style=\"width: 33.3333%;\"><img decoding=\"async\" src=\"https:\/\/www.imf.asso.fr\/pages\/wp-content\/uploads\/IMG_2007-scaled.jpeg\" \/>\u00a0<\/td>\n<td style=\"width: 34.5333%;\">\n<p><img decoding=\"async\" src=\"https:\/\/www.imf.asso.fr\/pages\/wp-content\/uploads\/IMG_1984-scaled.jpeg\" \/><\/p>\n<\/td>\n<\/tr>\n<\/tbody>\n<\/table>\n<p>&nbsp;<\/p>\n<p><img decoding=\"async\" loading=\"lazy\" class=\"alignnone wp-image-16068\" src=\"https:\/\/www.imf.asso.fr\/pages\/wp-content\/uploads\/IMF-2025-Les-formations-du-Travail-Social_Page_1-1024x156.png\" alt=\"\" width=\"700\" height=\"107\" srcset=\"https:\/\/www.imf.asso.fr\/pages\/wp-content\/uploads\/IMF-2025-Les-formations-du-Travail-Social_Page_1-1024x156.png 1024w, https:\/\/www.imf.asso.fr\/pages\/wp-content\/uploads\/IMF-2025-Les-formations-du-Travail-Social_Page_1-300x46.png 300w, https:\/\/www.imf.asso.fr\/pages\/wp-content\/uploads\/IMF-2025-Les-formations-du-Travail-Social_Page_1-768x117.png 768w, https:\/\/www.imf.asso.fr\/pages\/wp-content\/uploads\/IMF-2025-Les-formations-du-Travail-Social_Page_1-945x144.png 945w, https:\/\/www.imf.asso.fr\/pages\/wp-content\/uploads\/IMF-2025-Les-formations-du-Travail-Social_Page_1-1300x198.png 1300w, https:\/\/www.imf.asso.fr\/pages\/wp-content\/uploads\/IMF-2025-Les-formations-du-Travail-Social_Page_1.png 1414w\" sizes=\"(max-width: 700px) 100vw, 700px\" \/><\/p>\n<table style=\"border: medium; width: 700px;\">\n<tbody>\n<tr style=\"border-collapse: hidden; border: none;\">\n<td style=\"width: 30px; text-align: left;\"><span style=\"color: #333399;\">08h45<\/span><\/td>\n<td><span style=\"color: #333399;\">\u00a0Accueil<\/span><\/td>\n<\/tr>\n<tr>\n<td><span style=\"color: #333399;\">09h00<\/span><\/td>\n<td><span style=\"color: #333399;\">Pr\u00e9sentation de la journ\u00e9e et introduction<\/span><\/td>\n<\/tr>\n<tr style=\"height: 39px;\">\n<td style=\"width: 30px; height: 39px; text-align: left;\"><span style=\"color: #333399;\">09h15<\/span><\/td>\n<td><span style=\"color: #333399;\">Intervention de <strong>Claude ARDID<\/strong>, journaliste et \u00e9crivain,<strong> sur la prostitution des mineures<\/strong><\/span><\/td>\n<\/tr>\n<tr>\n<td style=\"width: 30px; text-align: left;\"><span style=\"color: #333399;\">10h30<\/span><\/td>\n<td><span style=\"color: #333399;\">Pause<\/span><\/td>\n<\/tr>\n<tr>\n<td style=\"width: 30px; height: 39px; text-align: left;\"><span style=\"color: #333399;\">10h45<\/span><\/td>\n<td><span style=\"color: #333399;\">Intervention de <strong>Claude ARDID<\/strong>, journaliste et \u00e9crivain,<strong> sur la prostitution des mineures <\/strong>(reprise)<\/span><\/td>\n<\/tr>\n<tr style=\"height: 62px;\">\n<td style=\"width: 30px; text-align: left;\"><span style=\"color: #333399;\">11h30<\/span><\/td>\n<td><span style=\"color: #333399;\">Pr\u00e9sentation d&rsquo;un <strong>m\u00e9moire sur le th\u00e8me de la prostitution des mineures<\/strong> par <strong>Carla BACHINI BERNARD<\/strong>, \u00e9tudiante en derni\u00e8re ann\u00e9e de formation Assistant de Service Social<\/span><\/td>\n<\/tr>\n<tr>\n<td style=\"width: 30px; text-align: left;\"><span style=\"color: #333399;\">12h00<\/span><\/td>\n<td><span style=\"color: #333399;\">D\u00e9jeuner libre<\/span><\/td>\n<\/tr>\n<tr>\n<td style=\"width: 30px; text-align: left;\"><span style=\"color: #333399;\">13h00<\/span><\/td>\n<td><span style=\"color: #333399;\">Pr\u00e9sentation d&rsquo;<strong>ouvrages sur le th\u00e8me des droits des femmes et des violences faites aux femmes<\/strong> par <strong>Marie QUILLIVIC<\/strong>, documentaliste au CRM de l&rsquo;IMF RIS Avignon <br \/>\n[<em><a href=\"https:\/\/www.imf.asso.fr\/pages\/wp-content\/uploads\/Biblio-journee-du-9-mars-2026-v30janv26-10h30.pdf\"><strong>consulter la bibliographie<\/strong><\/a><\/em>]<\/span><\/td>\n<\/tr>\n<tr>\n<td style=\"width: 30px; text-align: left;\"><span style=\"color: #333399;\">14h00<\/span><\/td>\n<td><span style=\"color: #333399;\">Intervention d&rsquo;<strong>Emmanuelle FAURE BOUILLON<\/strong>, coordinatrice du CLSM d&rsquo;Avignon, sur <strong>la sant\u00e9 mentale chez les femmes<\/strong><\/span><\/td>\n<\/tr>\n<tr style=\"height: 39px;\">\n<td style=\"width: 30px; text-align: left;\"><span style=\"color: #333399;\">15h15<\/span><\/td>\n<td><span style=\"color: #333399;\">Pause<\/span><\/td>\n<\/tr>\n<tr style=\"height: 62px;\">\n<td style=\"width: 30px; height: 62px; text-align: left;\"><span style=\"color: #333399;\">15h30<\/span><\/td>\n<td style=\"height: 62px;\"><span style=\"color: #333399;\">Pr\u00e9sentation du <strong>travail du bin\u00f4me ASD et CSAPA sur l&rsquo;estime de soi<\/strong> aupr\u00e8s d&rsquo;un groupe de femmes concern\u00e9es par les probl\u00e9matiques d&rsquo;addictions<\/span><\/td>\n<\/tr>\n<tr>\n<td style=\"width: 30px; text-align: left;\"><span style=\"color: #333399;\">16h15<\/span><\/td>\n<td><span style=\"color: #333399;\">Intervention de <strong>V\u00e9ronique DURAND<\/strong>, ethnologue, sur <strong>la dimension nationale et internationale de la prise en compte des violences faites aux femmes<\/strong>, notamment ses missions au Br\u00e9sil aupr\u00e8s des auteurs de violences et aupr\u00e8s des victimes<\/span><\/td>\n<\/tr>\n<\/tbody>\n<\/table>\n<p><img decoding=\"async\" loading=\"lazy\" class=\"aligncenter wp-image-16163 size-large\" src=\"https:\/\/www.imf.asso.fr\/pages\/wp-content\/uploads\/ban_logos_journeedroitsdesfemmes-1024x145.png\" alt=\"\" width=\"945\" height=\"134\" srcset=\"https:\/\/www.imf.asso.fr\/pages\/wp-content\/uploads\/ban_logos_journeedroitsdesfemmes-1024x145.png 1024w, https:\/\/www.imf.asso.fr\/pages\/wp-content\/uploads\/ban_logos_journeedroitsdesfemmes-300x42.png 300w, https:\/\/www.imf.asso.fr\/pages\/wp-content\/uploads\/ban_logos_journeedroitsdesfemmes-768x109.png 768w, https:\/\/www.imf.asso.fr\/pages\/wp-content\/uploads\/ban_logos_journeedroitsdesfemmes-945x134.png 945w, https:\/\/www.imf.asso.fr\/pages\/wp-content\/uploads\/ban_logos_journeedroitsdesfemmes.png 1414w\" sizes=\"(max-width: 945px) 100vw, 945px\" \/><\/p>\n","protected":false},"excerpt":{"rendered":"<p>&nbsp;<\/p>\n<p>\u00c0 l\u2019occasion de la Journ\u00e9e Internationale des <span style=\"color: #1b60ab;\"><strong>Droits des femmes<\/strong><\/span> , l\u2019IMF RIS Avignon a organis\u00e9 une conf\u00e9rence riche en r\u00e9flexions et en apprentissages.<\/p><p><a class=\"more-link btn\" href=\"https:\/\/www.imf.asso.fr\/pages\/?page_id=15941\">Lire la suite<\/a><\/p>\n","protected":false},"author":4,"featured_media":0,"parent":0,"menu_order":0,"comment_status":"closed","ping_status":"closed","template":"","meta":{"footnotes":""},"_links":{"self":[{"href":"https:\/\/www.imf.asso.fr\/pages\/index.php?rest_route=\/wp\/v2\/pages\/15941"}],"collection":[{"href":"https:\/\/www.imf.asso.fr\/pages\/index.php?rest_route=\/wp\/v2\/pages"}],"about":[{"href":"https:\/\/www.imf.asso.fr\/pages\/index.php?rest_route=\/wp\/v2\/types\/page"}],"author":[{"embeddable":true,"href":"https:\/\/www.imf.asso.fr\/pages\/index.php?rest_route=\/wp\/v2\/users\/4"}],"replies":[{"embeddable":true,"href":"https:\/\/www.imf.asso.fr\/pages\/index.php?rest_route=%2Fwp%2Fv2%2Fcomments&post=15941"}],"version-history":[{"count":3,"href":"https:\/\/www.imf.asso.fr\/pages\/index.php?rest_route=\/wp\/v2\/pages\/15941\/revisions"}],"predecessor-version":[{"id":16605,"href":"https:\/\/www.imf.asso.fr\/pages\/index.php?rest_route=\/wp\/v2\/pages\/15941\/revisions\/16605"}],"wp:attachment":[{"href":"https:\/\/www.imf.asso.fr\/pages\/index.php?rest_route=%2Fwp%2Fv2%2Fmedia&parent=15941"}],"curies":[{"name":"wp","href":"https:\/\/api.w.org\/{rel}","templated":true}]}}