{"id":15077,"date":"2025-11-07T12:18:08","date_gmt":"2025-11-07T11:18:08","guid":{"rendered":"https:\/\/www.imf.asso.fr\/pages\/?page_id=15077"},"modified":"2026-03-20T11:05:57","modified_gmt":"2026-03-20T10:05:57","slug":"nos-formations-par-lapprentissage","status":"publish","type":"page","link":"https:\/\/www.imf.asso.fr\/pages\/?page_id=15077","title":{"rendered":"Nos formations par l&rsquo;apprentissage"},"content":{"rendered":"<p><!--more--><\/p>\n<p><img decoding=\"async\" loading=\"lazy\" class=\"alignnone wp-image-14907 size-large\" src=\"https:\/\/www.imf.asso.fr\/pages\/wp-content\/uploads\/banner-apprentis-1024x290.png\" alt=\"\" width=\"945\" height=\"268\" srcset=\"https:\/\/www.imf.asso.fr\/pages\/wp-content\/uploads\/banner-apprentis-1024x290.png 1024w, https:\/\/www.imf.asso.fr\/pages\/wp-content\/uploads\/banner-apprentis-300x85.png 300w, https:\/\/www.imf.asso.fr\/pages\/wp-content\/uploads\/banner-apprentis-768x217.png 768w, https:\/\/www.imf.asso.fr\/pages\/wp-content\/uploads\/banner-apprentis-945x267.png 945w, https:\/\/www.imf.asso.fr\/pages\/wp-content\/uploads\/banner-apprentis.png 1414w\" sizes=\"(max-width: 945px) 100vw, 945px\" \/><\/p>\n<p class=\"cvGsUA direction-ltr align-center para-style-body\"><span style=\"font-size: 14pt; color: #1d60ab;\"><strong><span class=\"a_GcMg font-feature-liga-off font-feature-clig-off font-feature-calt-off text-decoration-none text-strikethrough-none\">L&rsquo;IMF RIS propose des formations dipl\u00f4mantes ou<\/span><span class=\"a_GcMg font-feature-liga-off font-feature-clig-off font-feature-calt-off text-decoration-none text-strikethrough-none\">\u00a0certifiantes, accessibles \u00e0 tous les niveaux d&rsquo;\u00e9tude<\/span><span class=\"a_GcMg font-feature-liga-off font-feature-clig-off font-feature-calt-off text-decoration-none text-strikethrough-none\">, <\/span><span class=\"a_GcMg font-feature-liga-off font-feature-clig-off font-feature-calt-off text-decoration-none text-strikethrough-none\">mais \u00e9galement des <span style=\"color: #333333;\"><a href=\"https:\/\/www.imf.asso.fr\/pages\/?page_id=9941\">parcours pr\u00e9paratoires<\/a> <span style=\"color: #1d60ab;\">pour d\u00e9couvrir les m\u00e9tiers du social<\/span><\/span>.<\/span><\/strong><\/span><\/p>\n<p class=\"cvGsUA direction-ltr align-center para-style-body\"><span style=\"font-size: 12pt;\"><strong><span class=\"a_GcMg font-feature-liga-off font-feature-clig-off font-feature-calt-off text-decoration-none text-strikethrough-none\">Nos \u00e9quipes mettent en \u0153uvre des modalit\u00e9s p\u00e9dagogiques <\/span><span class=\"a_GcMg font-feature-liga-off font-feature-clig-off font-feature-calt-off text-decoration-none text-strikethrough-none\">vari\u00e9es et innovantes<\/span><span class=\"a_GcMg font-feature-liga-off font-feature-clig-off font-feature-calt-off text-decoration-none text-strikethrough-none\"> pour favoriser la r\u00e9ussite des apprenants : <\/span><\/strong><span class=\"a_GcMg font-feature-liga-off font-feature-clig-off font-feature-calt-off text-decoration-none text-strikethrough-none\">plateforme p\u00e9dagogique num\u00e9rique, s\u00e9minaires, ludification, projets participatifs, design thinking, mobilit\u00e9 et interculturalit\u00e9&#8230;<\/span><\/span><\/p>\n<p>&nbsp;<\/p>\n<p><span style=\"font-size: 18pt; color: #1d60ab;\"><strong>Nos formations\u00a0 :<\/strong><\/span><\/p>\n<p style=\"margin: 0px 0px 10px;\"><a style=\"display: block; width: 720px;\" href=\"https:\/\/www.imf.asso.fr\/pages\/?page_id=101\"><strong><span style=\"width: 420px; text-align: left; display: inline-block; margin: 0 5px 0 0;\"><span style=\"background: #9cc7ff; padding: 8px 20px; border-radius: 20px;\">Ma\u00eetre(sse) de Maison<\/span><\/span> <span style=\"border-radius: 20px; background: orange; width: 100px; text-align: center; display: inline-block; padding: 5px; margin: 0 5px 0 0;\">Marseille<\/span><span style=\"border-radius: 20px; background: orange; width: 100px; text-align: center; display: inline-block; padding: 5px; margin: 0 5px 0 0;\">Avignon<\/span><br \/>\n<\/strong><\/a><\/p>\n<p style=\"margin: 0px 0px 10px;\"><a style=\"display: block; width: 720px;\" href=\"https:\/\/www.imf.asso.fr\/pages\/?page_id=15379\"><strong><span style=\"width: 420px; text-align: left; display: inline-block; margin: 0 5px 0 0;\"><span style=\"background: #9cc7ff; padding: 8px 20px; border-radius: 20px;\">Accueillant(e) \u00c9ducatif<\/span><\/span> <span style=\"border-radius: 20px; background: orange; width: 100px; text-align: center; display: inline-block; padding: 5px; margin: 0 5px 0 0;\">Arles<\/span><\/strong><\/a><\/p>\n<p style=\"margin: 0px 0px 10px;\"><a style=\"display: block; width: 720px;\" href=\"https:\/\/www.imf.asso.fr\/pages\/?page_id=99\"><strong><span style=\"width: 420px; text-align: left; display: inline-block; margin: 0 5px 0 0;\"><span style=\"background: #9cc7ff; padding: 8px 20px; border-radius: 20px;\">Accompagnant(e) \u00c9ducatif et Social<\/span><\/span> <span style=\"border-radius: 20px; background: orange; width: 100px; text-align: center; display: inline-block; padding: 5px; margin: 0 5px 0 0;\">Marseille<\/span><span style=\"border-radius: 20px; background: orange; width: 100px; text-align: center; display: inline-block; padding: 5px; margin: 0 5px 0 0;\">Avignon<\/span><span style=\"border-radius: 20px; background: orange; width: 70px; text-align: center; display: inline-block; padding: 5px;\">Arles<\/span><\/strong><\/a><\/p>\n<p style=\"margin: 0px 0px 10px;\"><a style=\"display: block; width: 720px;\" href=\"https:\/\/www.imf.asso.fr\/pages\/?page_id=15379\"><strong><span style=\"width: 420px; text-align: left; display: inline-block; margin: 0 5px 0 0;\"><span style=\"background: #9cc7ff; padding: 8px 20px; border-radius: 20px;\">Double Diplomation Petite Enfance<\/span><\/span> <span style=\"border-radius: 20px; background: orange; width: 100px; text-align: center; display: inline-block; padding: 5px; margin: 0 5px 0 0;\">Marseille<\/span><span style=\"border-radius: 20px; background: orange; width: 100px; text-align: center; display: inline-block; padding: 5px; margin: 0 5px 0 0;\">Arles<\/span><br \/>\n<\/strong><\/a><\/p>\n<p style=\"margin: 0px 0px 10px;\"><a style=\"display: block; width: 720px;\" href=\"https:\/\/www.imf.asso.fr\/pages\/?page_id=5935\"><strong><span style=\"width: 420px; text-align: left; display: inline-block; margin: 0 5px 0 0;\"><span style=\"background: #9cc7ff; padding: 8px 20px; border-radius: 20px;\">Technicien(ne) de l&rsquo;Intervention Sociale et Familiale<\/span><\/span> <span style=\"border-radius: 20px; background: orange; width: 100px; text-align: center; display: inline-block; padding: 5px; margin: 0 5px 0 0;\">Marseille<\/span><span style=\"border-radius: 20px; background: orange; width: 100px; text-align: center; display: inline-block; padding: 5px; margin: 0 5px 0 0;\">Avignon<\/span><br \/>\n<\/strong><\/a><\/p>\n<p style=\"margin: 0px 0px 10px;\"><a style=\"display: block; width: 720px;\" href=\"https:\/\/www.imf.asso.fr\/pages\/?page_id=97\"><strong><span style=\"width: 420px; text-align: left; display: inline-block; margin: 0 5px 0 0;\"><span style=\"background: #9cc7ff; padding: 8px 20px; border-radius: 20px;\">Moniteur(trice) \u00c9ducateur(trice)<\/span><\/span> <span style=\"border-radius: 20px; background: orange; width: 100px; text-align: center; display: inline-block; padding: 5px; margin: 0 5px 0 0;\">Marseille<\/span><span style=\"border-radius: 20px; background: orange; width: 100px; text-align: center; display: inline-block; padding: 5px; margin: 0 5px 0 0;\">Avignon<\/span><span style=\"border-radius: 20px; background: orange; width: 70px; text-align: center; display: inline-block; padding: 5px;\">Arles<\/span><\/strong><\/a><\/p>\n<p style=\"margin: 0px 0px 10px;\"><a style=\"display: block; width: 720px;\" href=\"https:\/\/www.imf.asso.fr\/pages\/?page_id=672\"><strong><span style=\"width: 420px; text-align: left; display: inline-block; margin: 0 5px 0 0;\"><span style=\"background: #9cc7ff; padding: 8px 20px; border-radius: 20px;\">Moniteur(trice) d&rsquo;Atelier<\/span><\/span> <span style=\"border-radius: 20px; background: orange; width: 100px; text-align: center; display: inline-block; padding: 5px; margin: 0 5px 0 0;\">Avignon<\/span><\/strong><\/a><\/p>\n<p style=\"margin: 0px 0px 10px;\"><a style=\"display: block; width: 720px;\" href=\"https:\/\/www.imf.asso.fr\/pages\/?page_id=95\"><strong><span style=\"width: 420px; text-align: left; display: inline-block; margin: 0 5px 0 0;\"><span style=\"background: #9cc7ff; padding: 8px 20px; border-radius: 20px;\">\u00c9ducateur(trice) Sp\u00e9cialis\u00e9(e)<\/span><\/span> <span style=\"border-radius: 20px; background: orange; width: 100px; text-align: center; display: inline-block; padding: 5px; margin: 0 5px 0 0;\">Marseille<\/span><span style=\"border-radius: 20px; background: orange; width: 100px; text-align: center; display: inline-block; padding: 5px; margin: 0 5px 0 0;\">Avignon<\/span><\/strong><\/a><\/p>\n<p style=\"margin: 0px 0px 10px;\"><a style=\"display: block; width: 720px;\" href=\"https:\/\/www.imf.asso.fr\/pages\/?page_id=91\"><strong><span style=\"width: 420px; text-align: left; display: inline-block; margin: 0 5px 0 0;\"><span style=\"background: #9cc7ff; padding: 8px 20px; border-radius: 20px;\">Assistant(e) de Service Social<\/span><\/span> <span style=\"border-radius: 20px; background: orange; width: 100px; text-align: center; display: inline-block; padding: 5px; margin: 0 5px 0 0;\">Marseille<\/span><span style=\"border-radius: 20px; background: orange; width: 100px; text-align: center; display: inline-block; padding: 5px; margin: 0 5px 0 0;\">Avignon<\/span><\/strong><\/a><\/p>\n<p style=\"margin: 0px 0px 10px;\"><a style=\"display: block; width: 720px;\" href=\"https:\/\/www.imf.asso.fr\/pages\/?page_id=93\"><strong><span style=\"width: 420px; text-align: left; display: inline-block; margin: 0 5px 0 0;\"><span style=\"background: #9cc7ff; padding: 8px 20px; border-radius: 20px;\">\u00c9ducateur(trice) de Jeunes Enfants<\/span><\/span><span style=\"border-radius: 20px; background: orange; width: 100px; text-align: center; display: inline-block; padding: 5px; margin: 0 5px 0 0;\">Marseille<\/span> <span style=\"border-radius: 20px; background: orange; width: 100px; text-align: center; display: inline-block; padding: 5px; margin: 0 5px 0 0;\">Avignon<\/span><span style=\"border-radius: 20px; background: orange; width: 70px; text-align: center; display: inline-block; padding: 5px;\">Arles<\/span><\/strong><\/a><\/p>\n<p style=\"margin: 0px 0px 10px;\"><a style=\"display: block; width: 720px;\" href=\"https:\/\/www.imf.asso.fr\/pages\/?page_id=83\"><strong><span style=\"width: 420px; text-align: left; display: inline-block; margin: 0 5px 0 0;\"><span style=\"background: #9cc7ff; padding: 8px 20px; border-radius: 20px;\">Ing\u00e9nieur(e) Social (DEIS)<\/span><\/span> <span style=\"border-radius: 20px; background: orange; width: 100px; text-align: center; display: inline-block; padding: 5px; margin: 0 5px 0 0;\">Marseille<\/span><span style=\"border-radius: 20px; background: orange; width: 100px; text-align: center; display: inline-block; padding: 5px; margin: 0 5px 0 0;\">Avignon<\/span><\/strong><\/a><\/p>\n<p style=\"margin: 0px 0px 10px;\"><a style=\"display: block; width: 720px;\" href=\"https:\/\/www.imf.asso.fr\/pages\/?page_id=89\"><strong><span style=\"width: 420px; text-align: left; display: inline-block; margin: 0 5px 0 0;\"><span style=\"background: #9cc7ff; padding: 8px 20px; border-radius: 20px;\">Responsable de Service (CAFERUIS)<\/span><\/span> <span style=\"border-radius: 20px; background: orange; width: 100px; text-align: center; display: inline-block; padding: 5px; margin: 0 5px 0 0;\">Avignon<\/span><\/strong><\/a><\/p>\n<p style=\"margin: 0px 0px 10px;\"><a style=\"display: block; width: 720px;\" href=\"https:\/\/www.imf.asso.fr\/pages\/?page_id=87\"><strong><span style=\"width: 420px; text-align: left; display: inline-block; margin: 0 5px 0 0;\"><span style=\"background: #9cc7ff; padding: 8px 20px; border-radius: 20px;\">Directeur(trice) d&rsquo;\u00c9tablissement (CAFDES)<\/span><\/span> <span style=\"border-radius: 20px; background: orange; width: 100px; text-align: center; display: inline-block; padding: 5px; margin: 0 5px 0 0;\">Avignon<\/span><\/strong><\/a><\/p>\n","protected":false},"excerpt":{"rendered":"","protected":false},"author":4,"featured_media":0,"parent":10619,"menu_order":1,"comment_status":"closed","ping_status":"closed","template":"","meta":{"footnotes":""},"_links":{"self":[{"href":"https:\/\/www.imf.asso.fr\/pages\/index.php?rest_route=\/wp\/v2\/pages\/15077"}],"collection":[{"href":"https:\/\/www.imf.asso.fr\/pages\/index.php?rest_route=\/wp\/v2\/pages"}],"about":[{"href":"https:\/\/www.imf.asso.fr\/pages\/index.php?rest_route=\/wp\/v2\/types\/page"}],"author":[{"embeddable":true,"href":"https:\/\/www.imf.asso.fr\/pages\/index.php?rest_route=\/wp\/v2\/users\/4"}],"replies":[{"embeddable":true,"href":"https:\/\/www.imf.asso.fr\/pages\/index.php?rest_route=%2Fwp%2Fv2%2Fcomments&post=15077"}],"version-history":[{"count":2,"href":"https:\/\/www.imf.asso.fr\/pages\/index.php?rest_route=\/wp\/v2\/pages\/15077\/revisions"}],"predecessor-version":[{"id":16755,"href":"https:\/\/www.imf.asso.fr\/pages\/index.php?rest_route=\/wp\/v2\/pages\/15077\/revisions\/16755"}],"up":[{"embeddable":true,"href":"https:\/\/www.imf.asso.fr\/pages\/index.php?rest_route=\/wp\/v2\/pages\/10619"}],"wp:attachment":[{"href":"https:\/\/www.imf.asso.fr\/pages\/index.php?rest_route=%2Fwp%2Fv2%2Fmedia&parent=15077"}],"curies":[{"name":"wp","href":"https:\/\/api.w.org\/{rel}","templated":true}]}}