{"id":14866,"date":"2025-11-05T16:26:12","date_gmt":"2025-11-05T15:26:12","guid":{"rendered":"https:\/\/www.imf.asso.fr\/pages\/?page_id=14866"},"modified":"2025-12-16T12:13:55","modified_gmt":"2025-12-16T11:13:55","slug":"apprentis","status":"publish","type":"page","link":"https:\/\/www.imf.asso.fr\/pages\/?page_id=14866","title":{"rendered":"Candidats \u00e0 l&rsquo;apprentissage : s&rsquo;inscrire et s&rsquo;informer"},"content":{"rendered":"<p><!--more--><\/p>\n<p>&nbsp;<\/p>\n<p><img decoding=\"async\" loading=\"lazy\" class=\"alignnone wp-image-14907 size-large\" src=\"https:\/\/www.imf.asso.fr\/pages\/wp-content\/uploads\/banner-apprentis-1024x290.png\" alt=\"\" width=\"945\" height=\"268\" srcset=\"https:\/\/www.imf.asso.fr\/pages\/wp-content\/uploads\/banner-apprentis-1024x290.png 1024w, https:\/\/www.imf.asso.fr\/pages\/wp-content\/uploads\/banner-apprentis-300x85.png 300w, https:\/\/www.imf.asso.fr\/pages\/wp-content\/uploads\/banner-apprentis-768x217.png 768w, https:\/\/www.imf.asso.fr\/pages\/wp-content\/uploads\/banner-apprentis-945x267.png 945w, https:\/\/www.imf.asso.fr\/pages\/wp-content\/uploads\/banner-apprentis.png 1414w\" sizes=\"(max-width: 945px) 100vw, 945px\" \/><\/p>\n<div style=\"height: 1000px;\">\n<div style=\"width: 630px; float: left;\">\n<p><span style=\"color: #1d60ab; font-size: 18pt;\"><strong>L&rsquo;APPRENTISSAGE<\/strong><\/span><\/p>\n<p><span style=\"font-size: 14pt;\"><strong>Accessible aux moins de 30 ans <\/strong><span style=\"font-size: 12pt;\">(et sans limite d&rsquo;\u00e2ge maximum pour les personnes disposant d&rsquo;une<strong><a href=\"https:\/\/www.service-public.gouv.fr\/particuliers\/vosdroits\/F1650\"> RQTH<\/a><\/strong>)<\/span><strong>, l&rsquo;apprentissage offre l&rsquo;opportunit\u00e9 de combiner \u00e9tudes et travail r\u00e9mun\u00e9r\u00e9 aupr\u00e8s d&rsquo;un employeur. Avec l&rsquo;apprentissage, vous pouvez :<\/strong><\/span><\/p>\n<ul>\n<li><a href=\"https:\/\/www.alternance.emploi.gouv.fr\/simulateur-alternant\/etape-1\"><strong>\u00catre r\u00e9mun\u00e9r\u00e9<\/strong><\/a> par votre employeur tout au long de votre formation et b\u00e9n\u00e9ficier de tous les droits et avantages du statut de salari\u00e9 (cong\u00e9s, couverture maladie, \u2026).<\/li>\n<li>B\u00e9n\u00e9ficier d\u2019<strong>\u00e9tudes gratuites<\/strong> et de nombreuses <a href=\"https:\/\/www.imf.asso.fr\/pages\/wp-content\/uploads\/23-11-06-Aide-aux-apprentis.pdf\"><strong>aides financi\u00e8res<\/strong><\/a> li\u00e9es au statut d\u2019apprenti, telles que l&rsquo;<a href=\"https:\/\/alternance.emploi.gouv.fr\/aide-au-financement-du-permis-de-conduire-b\"><strong>Aide au financement du permis de conduire <\/strong><\/a><strong>ou l&rsquo;acquisition de mat\u00e9riel informatique<\/strong><a href=\"https:\/\/alternance.emploi.gouv.fr\/aide-au-financement-du-permis-de-conduire-b\"><strong>.<\/strong><\/a><\/li>\n<li>Obtenir un <strong><a href=\"https:\/\/www.imf.asso.fr\/pages\/?page_id=85\">dipl\u00f4me d\u2019\u00c9tat<\/a>\u00a0<\/strong>dans un secteur qui recrute et dont le<strong> taux d\u2019insertion professionnelle est sup\u00e9rieur \u00e0 90%.<\/strong><\/li>\n<li>Acqu\u00e9rir de l\u2019<strong>exp\u00e9rience professionnelle<\/strong> aupr\u00e8s d\u2019un employeur et d\u00e9couvrir les r\u00e9alit\u00e9s du m\u00e9tier sur le terrain.<\/li>\n<\/ul>\n<p><\/p>\n<p><span style=\"color: #1d60ab; font-size: 18pt;\"><strong>LA VALEUR AJOUT\u00c9E DU CFA DE L&rsquo;IMF RIS<\/strong><\/span><\/p>\n<p><span style=\"font-size: 14pt;\"><strong>Vous d\u00e9sirez vous former aux m\u00e9tiers du travail social au sein d&rsquo;un centre de formation de qualit\u00e9 ? <\/strong><\/span><span style=\"font-size: 14pt;\"><strong>D\u00e9couvrez les nombreux atouts de notre CFA :<\/strong><\/span><\/p>\n<ul>\n<li><strong>\u00catre accompagn\u00e9<\/strong> <strong>par des professionnels engag\u00e9s<\/strong> (r\u00e9f\u00e9rent apprentissage, r\u00e9f\u00e9rent de proximit\u00e9, formateurs&#8230;) qui assurent le lien entre vous et votre structure tout au long de votre parcours de formation\u00a0 et vous \u00e9paulent en cas de difficult\u00e9.<\/li>\n<li><strong>Assister \u00e0 des cours \u00e9nergisants et participatifs<\/strong>, mettant en avant les innovations p\u00e9dagogiques, les \u00e9changes et les travaux pratiques.<\/li>\n<li><strong>Candidater pour<\/strong> <a href=\"https:\/\/www.imf.asso.fr\/pages\/?page_id=2080\"><strong>\u00e9tudier \u00e0 l\u2019\u00e9tranger<\/strong><\/a> (Canada, Espagne, Suisse, Maroc, Belgique&#8230;) gr\u00e2ce \u00e0 notre vaste r\u00e9seau de partenaires \u00e0 l\u2019international dans le cadre des programmes de financement Erasmus+ ou R\u00e9gion Sud.<\/li>\n<li><strong>Participer \u00e0 une<\/strong> <a href=\"https:\/\/www.imf.asso.fr\/pages\/?page_id=13080\"><strong>vie \u00e9tudiante dynamique<\/strong><\/a> : s\u00e9minaires, expos, \u00e9crans de la doc, speedbooking, th\u00e9\u00e2tre forum, projets solidaires&#8230;<\/li>\n<li>B\u00e9n\u00e9ficier d&rsquo;une <strong>Commission d&rsquo;attribution des aides aux apprentis\u00a0<\/strong><\/li>\n<li><strong>Profiter d&rsquo;un cadre d&rsquo;apprentissage chaleureux, offrant le mat\u00e9riel et les ressources essentielles \u00e0 un apprentissage optimal<\/strong> :\n<ul>\n<li>Le <a href=\"https:\/\/crm.imf.asso.fr\/\">CRM<\/a> et ses nombreux ouvrages de r\u00e9f\u00e9rence,<\/li>\n<li>Le Cyber, qui propose des PC en libre service,<\/li>\n<li>Le Foyer des \u00c9tudiants, \u00e9quip\u00e9 de nombreuses tables et de distributeurs automatique pour se restaurer,<\/li>\n<li>Des salles de cours agr\u00e9ables et modernes, dot\u00e9es de projecteurs.<\/li>\n<\/ul>\n<\/li>\n<li><strong>\u00catre accompagn\u00e9 par un<\/strong> <a href=\"https:\/\/www.imf.asso.fr\/pages\/?page_id=5784\"><strong>r\u00e9f\u00e9rent handicap<\/strong><\/a> pour faciliter votre parcours de formation et r\u00e9pondre \u00e0 vos questions.<\/li>\n<li><strong>Avoir la possibilit\u00e9 de tester son projet professionnel<\/strong> en int\u00e9grant <strong><a href=\"https:\/\/www.imf.asso.fr\/pages\/?page_id=9941\">un parcours pr\u00e9paratoire de 3 mois<\/a><\/strong> permettant de d\u00e9couvrir les m\u00e9tiers du social.<\/li>\n<\/ul>\n<\/div>\n<div style=\"background: #efefef; border-radius: 20px; width: 280px; float: left; padding: 20px 20px; margin: 50px 0 0 30px;\">\n<p style=\"margin: 20px 0 5px 0;\"><strong>S&rsquo;INSCRIRE AU CFA\u00a0 :<\/strong><\/p>\n<p><a style=\"background: #fff; border-radius: 20px; border: 1px solid #cb6ce6; padding: 5px 15px; margin: 0 auto 10px; display: inline-block;\" href=\"https:\/\/www.imf.asso.fr\/pages\/?page_id=10944\"><strong><span style=\"font-size: 9pt;\">DEVENIR APPRENTI<\/span><\/strong><\/a><\/p>\n<p style=\"margin: 20px 0 5px 0;\"><strong>S&rsquo;INFORMER\u00a0 :<\/strong><\/p>\n<p><a style=\"display: inline-block; background: #fff; border-radius: 20px; border: 1px solid #cb6ce6; padding: 5px 15px; margin: 0 auto 10px;\" href=\"https:\/\/www.imf.asso.fr\/pages\/?page_id=2994\"><strong><span style=\"font-size: 9pt;\">NOS R\u00c9UNIONS D&rsquo;INFORMATION<\/span><\/strong><\/a><a style=\"display: inline-block; background: #fff; border-radius: 20px; border: 1px solid #cb6ce6; padding: 5px 15px; margin: 0 auto 10px;\" href=\"https:\/\/www.imf.asso.fr\/pages\/?page_id=15077\"><strong><span style=\"font-size: 9pt;\">NOS FORMATIONS<\/span><\/strong><\/a> <a style=\"background: #fff; border-radius: 20px; border: 1px solid #cb6ce6; display: inline-block; padding: 5px 15px; margin: 0px auto 10px;\" href=\"https:\/\/www.imf.asso.fr\/pages\/?page_id=11058\"><strong><span style=\"font-size: 9pt;\">NOS R\u00c9SULTATS<\/span><\/strong><\/a><a style=\"background: #fff; border-radius: 20px; border: 1px solid #cb6ce6; display: inline-block; padding: 5px 15px; margin: 0px auto 10px;\" href=\"https:\/\/www.imf.asso.fr\/pages\/?page_id=5784\"><strong><span style=\"font-size: 9pt;\">ACCESSIBILIT\u00c9 ET HANDICAP<\/span><\/strong><\/a><a style=\"background: #fff; border-radius: 20px; border: 1px solid #cb6ce6; display: inline-block; padding: 5px 15px; margin: 0px auto 10px;\" href=\"https:\/\/www.imf.asso.fr\/pages\/?page_id=16\"><strong><span style=\"font-size: 9pt;\">NOUS CONTACTER<\/span><\/strong><\/a><\/p>\n<p style=\"margin: 20px 0 5px 0;\"><strong>RESSOURCES UTILES :<\/strong><\/p>\n<p><a style=\"display: inline-block; background: #fff; border-radius: 20px; border: 1px solid #cb6ce6; padding: 5px 15px; margin: 0 auto 10px;\" href=\"https:\/\/www.service-public.gouv.fr\/particuliers\/vosdroits\/F2918\"><strong><span style=\"font-size: 9pt;\">MODALIT\u00c9S D&rsquo;ACC\u00c8S<\/span><\/strong><\/a> <a style=\"background: #fff; border-radius: 20px; border: 1px solid #cb6ce6; display: inline-block; padding: 5px 15px; margin: 0px auto 10px;\" href=\"https:\/\/www.alternance.emploi.gouv.fr\/simulateur-alternant\/etape-1\"><strong><span style=\"font-size: 9pt;\">SIMULATEUR DE R\u00c9MUN\u00c9RATION<\/span><\/strong><\/a> <a style=\"background: #fff; border-radius: 20px; border: 1px solid #cb6ce6; display: inline-block; padding: 5px 15px; margin: 0px auto 10px;\" href=\"https:\/\/www.imf.asso.fr\/pages\/wp-content\/uploads\/23-11-06-Aide-aux-apprentis.pdf\"><strong><span style=\"font-size: 9pt;\">LES AIDES AUX APPRENTIS<\/span><\/strong><\/a><a style=\"background: #fff; border-radius: 20px; border: 1px solid #cb6ce6; display: inline-block; padding: 5px 15px; margin: 0px auto 10px;\" href=\"https:\/\/alternance.emploi.gouv.fr\/cfa-aide-au-financement-du-permis-de-conduire-b\"><strong><span style=\"font-size: 9pt;\">L&rsquo; AIDE AU PERMIS<\/span><\/strong><\/a> <a style=\"background: #fff; border-radius: 20px; border: 1px solid #cb6ce6; display: inline-block; padding: 5px 15px; margin: 0px auto 10px;\" href=\"https:\/\/www.imf.asso.fr\/pages\/?page_id=34\"><strong><span style=\"font-size: 9pt;\">AUTRES AIDES<\/span><\/strong><\/a><\/div>\n<\/div>\n","protected":false},"excerpt":{"rendered":"","protected":false},"author":4,"featured_media":0,"parent":10619,"menu_order":2,"comment_status":"closed","ping_status":"closed","template":"","meta":{"footnotes":""},"_links":{"self":[{"href":"https:\/\/www.imf.asso.fr\/pages\/index.php?rest_route=\/wp\/v2\/pages\/14866"}],"collection":[{"href":"https:\/\/www.imf.asso.fr\/pages\/index.php?rest_route=\/wp\/v2\/pages"}],"about":[{"href":"https:\/\/www.imf.asso.fr\/pages\/index.php?rest_route=\/wp\/v2\/types\/page"}],"author":[{"embeddable":true,"href":"https:\/\/www.imf.asso.fr\/pages\/index.php?rest_route=\/wp\/v2\/users\/4"}],"replies":[{"embeddable":true,"href":"https:\/\/www.imf.asso.fr\/pages\/index.php?rest_route=%2Fwp%2Fv2%2Fcomments&post=14866"}],"version-history":[{"count":3,"href":"https:\/\/www.imf.asso.fr\/pages\/index.php?rest_route=\/wp\/v2\/pages\/14866\/revisions"}],"predecessor-version":[{"id":15731,"href":"https:\/\/www.imf.asso.fr\/pages\/index.php?rest_route=\/wp\/v2\/pages\/14866\/revisions\/15731"}],"up":[{"embeddable":true,"href":"https:\/\/www.imf.asso.fr\/pages\/index.php?rest_route=\/wp\/v2\/pages\/10619"}],"wp:attachment":[{"href":"https:\/\/www.imf.asso.fr\/pages\/index.php?rest_route=%2Fwp%2Fv2%2Fmedia&parent=14866"}],"curies":[{"name":"wp","href":"https:\/\/api.w.org\/{rel}","templated":true}]}}