{"id":14829,"date":"2025-11-05T12:50:41","date_gmt":"2025-11-05T11:50:41","guid":{"rendered":"https:\/\/www.imf.asso.fr\/pages\/?page_id=14829"},"modified":"2026-03-23T09:55:24","modified_gmt":"2026-03-23T08:55:24","slug":"employeurs","status":"publish","type":"page","link":"https:\/\/www.imf.asso.fr\/pages\/?page_id=14829","title":{"rendered":"Recruter un apprenti"},"content":{"rendered":"<p><!--more--><\/p>\n<p>&nbsp;<\/p>\n<div style=\"height: 1000px;\">\n<div style=\"width: 630px; float: left;\">\n<div style=\"margin: 0 20px 0 0; width: 600px; height: 90px;\"><img decoding=\"async\" style=\"margin: 0 20px 0 0; float: left; width: 100px;\" src=\"https:\/\/www.imf.asso.fr\/pages\/wp-content\/uploads\/icone01.png\" \/><\/p>\n<p style=\"width: 350px; float: left; padding: 10px 0 0 0;\">Transmettez au <strong><a href=\"mailto:imf.cfa@imf.asso.fr\">CFA IMF RIS<\/a><\/strong>\u00a0 <br \/>\nle <a href=\"https:\/\/www.imf.asso.fr\/pages\/wp-content\/uploads\/Apprentissage_Dossier_contractualisation_260320_form-1.pdf\"><strong>dossier <\/strong><strong>d\u2019inscription <\/strong><\/a>d\u00fbment compl\u00e9t\u00e9.<\/p>\n<\/div>\n<p><img decoding=\"async\" loading=\"lazy\" style=\"clear: both; margin: 5px 0 0 18px;\" src=\"https:\/\/www.imf.asso.fr\/pages\/wp-content\/uploads\/fleche.png\" alt=\"\" width=\"60\" height=\"65\" \/><\/p>\n<div style=\"margin: 0; width: 600px; height: 90px;\"><img decoding=\"async\" style=\"margin: 0 20px 0 0; float: left; width: 100px;\" src=\"https:\/\/www.imf.asso.fr\/pages\/wp-content\/uploads\/icone02.png\" \/><\/p>\n<p style=\"width: 350px; float: left; padding: 0;\">A r\u00e9ception, le CFA vous transmet <span style=\"color: #1d60ab;\"><strong>pour signature<\/strong><\/span> le <span style=\"color: #1d60ab;\"><strong>CERFA<\/strong><\/span> pr\u00e9-rempli, la<strong><span style=\"color: #1d60ab;\"> convention de formation<\/span>, <\/strong>ainsi que le<span style=\"color: #1d60ab;\"><strong> calendrier de formation<\/strong><\/span>.<\/p>\n<\/div>\n<p><img decoding=\"async\" loading=\"lazy\" style=\"clear: both; margin: 5px 0 0 18px;\" src=\"https:\/\/www.imf.asso.fr\/pages\/wp-content\/uploads\/fleche.png\" alt=\"\" width=\"60\" height=\"65\" \/><\/p>\n<div style=\"margin: 0; padding: 0 0 0 0; width: 600px; height: 120px;\"><img decoding=\"async\" style=\"margin: 0 20px 0 0; float: left; width: 100px;\" src=\"https:\/\/www.imf.asso.fr\/pages\/wp-content\/uploads\/icone03.png\" \/><\/p>\n<p style=\"width: 350px; float: left; padding: 0 0 0 0;\">A compter de la date de d\u00e9but d\u2019ex\u00e9cution du contrat,<span style=\"color: #1d60ab;\"> <strong>l\u2019employeur<\/strong> <\/span><strong><span style=\"color: #1d60ab;\">dispose de 5 jours ouvrables<\/span>\u00a0<\/strong> <span style=\"color: #1d60ab;\"><strong>pour d\u00e9poser le CERFA aupr\u00e8s de son OPCO<\/strong><\/span> ou d\u2019un autre organisme de financement.<\/p>\n<\/div>\n<p><img decoding=\"async\" loading=\"lazy\" style=\"clear: both; margin: 5px 0 0 18px;\" src=\"https:\/\/www.imf.asso.fr\/pages\/wp-content\/uploads\/fleche.png\" alt=\"\" width=\"60\" height=\"65\" \/><\/p>\n<div style=\"margin: 0; width: 600px; height: 90px;\"><img decoding=\"async\" style=\"margin: 0 20px 0 0; float: left; width: 100px;\" src=\"https:\/\/www.imf.asso.fr\/pages\/wp-content\/uploads\/icone04.png\" \/><\/p>\n<p style=\"width: 350px; float: left; padding: 0 0 0 0;\">A r\u00e9ception du <span style=\"color: #1d60ab;\"><strong>dossier complet<\/strong><\/span>, l\u2019OPCO valide le contrat et envoie \u00e0 l\u2019employeur l\u2019<span style=\"color: #1d60ab;\"><strong>accord d\u2019enregistrement<\/strong><\/span> aupr\u00e8s de la DREETS.<\/p>\n<\/div>\n<p>&nbsp;<\/p>\n<\/div>\n<div style=\"background: #efefef; border-radius: 20px; width: 280px; float: left; padding: 20px 20px; margin: 40px 0 0 30px;\">\n<p style=\"margin: 20px 0 5px 0;\"><strong>NOUS CONTACTER\u00a0 :<\/strong><\/p>\n<p style=\"margin: 0 0 5px 0;\"><span style=\"font-size: 10pt;\"><strong>Marie LIEVAUX<\/strong>, <\/span><br \/>\n<span style=\"font-size: 10pt;\"><em>Charg\u00e9e de Mission Apprentissage<\/em><\/span><\/p>\n<p><a style=\"background: #fff; border-radius: 20px; border: 1px solid #cb6ce6; padding: 5px 15px; margin: 0 auto 10px; display: inline-block;\" href=\"mailto:imf.cfa@imf.asso.fr\"><strong><span style=\"font-size: 9pt;\">imf.cfa@imf.asso.fr<\/span><\/strong><\/a><\/p>\n<p style=\"margin: 20px 0 5px 0;\"><strong>S&rsquo;INFORMER\u00a0 :<\/strong><\/p>\n<p><a style=\"display: inline-block; background: #fff; border-radius: 20px; border: 1px solid #cb6ce6; padding: 5px 15px; margin: 0 auto 10px;\" href=\"https:\/\/www.alternance.emploi.gouv.fr\/demarches-administratives\"><strong><span style=\"font-size: 9pt;\">LES D\u00c9MARCHES<\/span><\/strong><\/a><\/p>\n<p style=\"margin: 20px 0 5px 0;\"><strong>RESSOURCES UTILES :<\/strong><\/p>\n<p><a style=\"display: inline-block; background: #fff; border-radius: 20px; border: 1px solid #cb6ce6; padding: 5px 15px; margin: 0 auto 10px;\" href=\"https:\/\/www.service-public.gouv.fr\/particuliers\/vosdroits\/R1319\"><strong><span style=\"font-size: 9pt;\">LE CERFA<\/span><\/strong><\/a> <br \/>\n<a style=\"background: #fff; border-radius: 20px; border: 1px solid #cb6ce6; display: inline-block; padding: 5px 15px; margin: 0px auto 10px;\" href=\"https:\/\/www.imf.asso.fr\/pages\/wp-content\/uploads\/Apprentissage_Dossier_contractualisation_260320_form-1.pdf\"><strong><span style=\"font-size: 9pt;\">LE DOSSIER\u00a0<\/span><\/strong><\/a><\/div>\n<\/div>\n","protected":false},"excerpt":{"rendered":"","protected":false},"author":4,"featured_media":0,"parent":11021,"menu_order":0,"comment_status":"closed","ping_status":"closed","template":"","meta":{"footnotes":""},"_links":{"self":[{"href":"https:\/\/www.imf.asso.fr\/pages\/index.php?rest_route=\/wp\/v2\/pages\/14829"}],"collection":[{"href":"https:\/\/www.imf.asso.fr\/pages\/index.php?rest_route=\/wp\/v2\/pages"}],"about":[{"href":"https:\/\/www.imf.asso.fr\/pages\/index.php?rest_route=\/wp\/v2\/types\/page"}],"author":[{"embeddable":true,"href":"https:\/\/www.imf.asso.fr\/pages\/index.php?rest_route=\/wp\/v2\/users\/4"}],"replies":[{"embeddable":true,"href":"https:\/\/www.imf.asso.fr\/pages\/index.php?rest_route=%2Fwp%2Fv2%2Fcomments&post=14829"}],"version-history":[{"count":3,"href":"https:\/\/www.imf.asso.fr\/pages\/index.php?rest_route=\/wp\/v2\/pages\/14829\/revisions"}],"predecessor-version":[{"id":16773,"href":"https:\/\/www.imf.asso.fr\/pages\/index.php?rest_route=\/wp\/v2\/pages\/14829\/revisions\/16773"}],"up":[{"embeddable":true,"href":"https:\/\/www.imf.asso.fr\/pages\/index.php?rest_route=\/wp\/v2\/pages\/11021"}],"wp:attachment":[{"href":"https:\/\/www.imf.asso.fr\/pages\/index.php?rest_route=%2Fwp%2Fv2%2Fmedia&parent=14829"}],"curies":[{"name":"wp","href":"https:\/\/api.w.org\/{rel}","templated":true}]}}