{"id":14817,"date":"2025-11-05T10:21:07","date_gmt":"2025-11-05T09:21:07","guid":{"rendered":"https:\/\/www.imf.asso.fr\/pages\/?page_id=14817"},"modified":"2025-11-12T16:08:12","modified_gmt":"2025-11-12T15:08:12","slug":"le-cfa-imf-ris","status":"publish","type":"page","link":"https:\/\/www.imf.asso.fr\/pages\/?page_id=14817","title":{"rendered":"Le CFA de l&rsquo;IMF RIS"},"content":{"rendered":"<p><!--more--><\/p>\n<p><img decoding=\"async\" src=\"https:\/\/www.imf.asso.fr\/pages\/wp-content\/uploads\/banner-cfa2.png\" \/><\/p>\n<p><span style=\"font-size: 18pt;\"><strong><span style=\"color: #1d60ab;\">Avec 35 ans d&rsquo;exp\u00e9rience dans les domaines de la formation, de l\u2019intervention sociale et de la recherche, l&rsquo;IMF RIS est un centre de formation reconnu de longue date en R\u00e9gion Sud et implant\u00e9 sur trois sites \u00e0 Avignon, Marseille et Arles.<\/span><\/strong><\/span><\/p>\n<p>Nous proposons un cadre d&rsquo;apprentissage stimulant, liant pratique et th\u00e9orie, id\u00e9al pour acqu\u00e9rir les comp\u00e9tences n\u00e9cessaires afin de devenir un travailleur social comp\u00e9tent, conscient des enjeux et des r\u00e9alit\u00e9s du terrain. En collaboration avec notre r\u00e9seau de partenaires, nos actions de formations sont soigneusement \u00e9labor\u00e9es pour r\u00e9pondre aux exigences du secteur et s&rsquo;adapter \u00e0 ses \u00e9volutions constantes.<\/p>\n<p>Convaincu que le d\u00e9veloppement de l\u2019apprentissage repr\u00e9sente une r\u00e9elle opportunit\u00e9 pour le secteur social et m\u00e9dico-social, l\u2019IMF RIS a lanc\u00e9 son propre <strong>Centre de Formation d\u2019Apprentis<\/strong> (CFA) en <strong>janvier 2023<\/strong>.<\/p>\n<p style=\"margin: 0; padding: 0;\"><span style=\"color: #1d60ab; font-size: 14pt; font-family: arial, helvetica, sans-serif;\"><strong>NOS OBJECTIFS<\/strong><\/span><\/p>\n<p>Cr\u00e9er un lien entre la structure, l&rsquo;apprenti et l&rsquo;organisme de formation, faciliter la communication entre chaque partie prenante et \u00eatre garant d&rsquo;un parcours r\u00e9ussi.<\/p>\n<ul>\n<li><span style=\"color: #1d60ab;\"><strong>Accompagner nos candidats<\/strong><\/span> \u00e0 chaque \u00e9tape de leur projet professionnel et m\u00eame en amont de l&rsquo;inscription au CFA, pour confirmer leur choix d\u2019orientation et s\u00e9curiser le parcours de formation (entretiens de positionnement, dispositif pr\u00e9parant l&rsquo;entr\u00e9e en formation, etc.), suivre assidument leur parcours p\u00e9dagogique, faciliter la communication avec la structure et les informer sur les aides financi\u00e8res disponibles.\n<p><a href=\"https:\/\/www.imf.asso.fr\/pages\/?page_id=14866\"><img decoding=\"async\" loading=\"lazy\" class=\"alignnone  wp-image-14838\" src=\"https:\/\/www.imf.asso.fr\/pages\/wp-content\/uploads\/ensavoirplus-300x76.png\" alt=\"\" width=\"162\" height=\"47\" data-wp-editing=\"1\" \/><\/a><\/li>\n<\/ul>\n<ul>\n<li><span style=\"color: #1d60ab;\"><strong>Soutenir les employeurs<\/strong> <\/span>en co-construisant \u00e0 leurs c\u00f4t\u00e9s des formations adapt\u00e9es \u00e0 leurs besoins, harmoniser les objectifs p\u00e9dagogiques entre la formation en centre et la pratique au sein de la structure, \u00eatre un lien et un relai constant, r\u00e9pondre \u00e0 leurs interrogations juridiques ou RH, les informer de leurs droits et avantages, les guider dans leur d\u00e9marches administratives et proposer des formations pour sensibiliser les \u00e9quipes \u00e0 l&rsquo;accueil d&rsquo;un apprenti.\n<p><a href=\"https:\/\/www.imf.asso.fr\/pages\/?page_id=11021\"><img decoding=\"async\" loading=\"lazy\" class=\"alignnone  wp-image-14838\" src=\"https:\/\/www.imf.asso.fr\/pages\/wp-content\/uploads\/ensavoirplus-300x76.png\" alt=\"\" width=\"162\" height=\"47\" data-wp-editing=\"1\" \/><\/a><\/li>\n<\/ul>\n<p>&nbsp;<\/p>\n<p><img decoding=\"async\" loading=\"lazy\" class=\"alignnone  wp-image-15140\" src=\"https:\/\/www.imf.asso.fr\/pages\/wp-content\/uploads\/logocfa-300x106.png\" alt=\"\" width=\"192\" height=\"68\" srcset=\"https:\/\/www.imf.asso.fr\/pages\/wp-content\/uploads\/logocfa-300x106.png 300w, https:\/\/www.imf.asso.fr\/pages\/wp-content\/uploads\/logocfa.png 485w\" sizes=\"(max-width: 192px) 100vw, 192px\" \/><\/p>\n","protected":false},"excerpt":{"rendered":"","protected":false},"author":4,"featured_media":0,"parent":10619,"menu_order":0,"comment_status":"closed","ping_status":"closed","template":"","meta":{"footnotes":""},"_links":{"self":[{"href":"https:\/\/www.imf.asso.fr\/pages\/index.php?rest_route=\/wp\/v2\/pages\/14817"}],"collection":[{"href":"https:\/\/www.imf.asso.fr\/pages\/index.php?rest_route=\/wp\/v2\/pages"}],"about":[{"href":"https:\/\/www.imf.asso.fr\/pages\/index.php?rest_route=\/wp\/v2\/types\/page"}],"author":[{"embeddable":true,"href":"https:\/\/www.imf.asso.fr\/pages\/index.php?rest_route=\/wp\/v2\/users\/4"}],"replies":[{"embeddable":true,"href":"https:\/\/www.imf.asso.fr\/pages\/index.php?rest_route=%2Fwp%2Fv2%2Fcomments&post=14817"}],"version-history":[{"count":3,"href":"https:\/\/www.imf.asso.fr\/pages\/index.php?rest_route=\/wp\/v2\/pages\/14817\/revisions"}],"predecessor-version":[{"id":15208,"href":"https:\/\/www.imf.asso.fr\/pages\/index.php?rest_route=\/wp\/v2\/pages\/14817\/revisions\/15208"}],"up":[{"embeddable":true,"href":"https:\/\/www.imf.asso.fr\/pages\/index.php?rest_route=\/wp\/v2\/pages\/10619"}],"wp:attachment":[{"href":"https:\/\/www.imf.asso.fr\/pages\/index.php?rest_route=%2Fwp%2Fv2%2Fmedia&parent=14817"}],"curies":[{"name":"wp","href":"https:\/\/api.w.org\/{rel}","templated":true}]}}