{"id":14665,"date":"2025-10-23T11:31:06","date_gmt":"2025-10-23T09:31:06","guid":{"rendered":"https:\/\/www.imf.asso.fr\/pages\/?page_id=14665"},"modified":"2025-10-23T11:31:48","modified_gmt":"2025-10-23T09:31:48","slug":"ceremonie-de-remise-des-diplomes-2025","status":"publish","type":"page","link":"https:\/\/www.imf.asso.fr\/pages\/?page_id=14665","title":{"rendered":"C\u00e9r\u00e9monie de Remise des Dipl\u00f4mes 2025"},"content":{"rendered":"<div>\n<div>\n<p>&nbsp;<\/p>\n<p>Ce mois d\u2019octobre, l\u2019IMF RIS a c\u00e9l\u00e9br\u00e9 un moment incontournable : la remise des dipl\u00f4mes de nos laur\u00e9ats 2025 ! Entour\u00e9\u00b7e\u00b7s de leurs proches, ils ont pu profiter d\u2019une soir\u00e9e exceptionnelle.<\/p>\n<p>Un immense merci \u00e0 nos \u00e9quipes d\u2019Arles, Avignon et Marseille, \u00e0 nos administrateurs ainsi qu&rsquo;\u00e0 nos invit\u00e9s d&rsquo;honneur : M. Michel BISSI\u00c8RE (R\u00e9gion Provence-Alpes-C\u00f4te d\u2019Azur), M. Sylvain GIOVANI (Conseil d\u00e9partemental des Bouches-du-Rh\u00f4ne), Mme \u00c9lise BARALE-BENAC (Ville de Marseille) et Mme Anne GAGNIARD (Ville d\u2019Avignon). Nous tenons \u00e9galement \u00e0 remercier le groupe musical Lesunsdiff\u00e9rents, qui a su cr\u00e9er une ambiance festive d\u00e8s leur arriv\u00e9e.<\/p>\n<p>Et encore toutes nos f\u00e9licitations aux dipl\u00f4m\u00e9s ! Nous leur souhaitons un avenir radieux, rempli de bonheur et d\u2019opportunit\u00e9s.<\/p>\n<\/div>\n<\/div>\n<p>&nbsp;<\/p>\n<div style=\"width: 945px;\" class=\"wp-video\"><!--[if lt IE 9]><script>document.createElement('video');<\/script><![endif]-->\n<video class=\"wp-video-shortcode\" id=\"video-14665-1\" width=\"945\" height=\"532\" preload=\"metadata\" controls=\"controls\"><source type=\"video\/mp4\" src=\"https:\/\/www.imf.asso.fr\/pages\/wp-content\/uploads\/IMFRIS_CRD205.mp4?_=1\" \/><a href=\"https:\/\/www.imf.asso.fr\/pages\/wp-content\/uploads\/IMFRIS_CRD205.mp4\">https:\/\/www.imf.asso.fr\/pages\/wp-content\/uploads\/IMFRIS_CRD205.mp4<\/a><\/video><\/div>\n","protected":false},"excerpt":{"rendered":"<div>\n<div>\n<p>&nbsp;<\/p>\n<p>Ce mois d\u2019octobre, l\u2019IMF RIS a c\u00e9l\u00e9br\u00e9 un moment incontournable : la remise des dipl\u00f4mes de nos laur\u00e9ats 2025 ! Entour\u00e9\u00b7e\u00b7s de leurs proches, ils ont pu profiter d\u2019une soir\u00e9e exceptionnelle.<\/p>\n<p>Un immense merci \u00e0 nos \u00e9quipes d\u2019Arles, Avignon et Marseille, \u00e0 nos administrateurs ainsi qu&rsquo;\u00e0 nos invit\u00e9s d&rsquo;honneur : M. Michel &hellip; <\/p>\n<p><a class=\"more-link btn\" href=\"https:\/\/www.imf.asso.fr\/pages\/?page_id=14665\">Lire la suite<\/a><\/p>\n<\/div>\n<\/div>\n","protected":false},"author":4,"featured_media":0,"parent":0,"menu_order":0,"comment_status":"closed","ping_status":"closed","template":"","meta":{"footnotes":""},"_links":{"self":[{"href":"https:\/\/www.imf.asso.fr\/pages\/index.php?rest_route=\/wp\/v2\/pages\/14665"}],"collection":[{"href":"https:\/\/www.imf.asso.fr\/pages\/index.php?rest_route=\/wp\/v2\/pages"}],"about":[{"href":"https:\/\/www.imf.asso.fr\/pages\/index.php?rest_route=\/wp\/v2\/types\/page"}],"author":[{"embeddable":true,"href":"https:\/\/www.imf.asso.fr\/pages\/index.php?rest_route=\/wp\/v2\/users\/4"}],"replies":[{"embeddable":true,"href":"https:\/\/www.imf.asso.fr\/pages\/index.php?rest_route=%2Fwp%2Fv2%2Fcomments&post=14665"}],"version-history":[{"count":2,"href":"https:\/\/www.imf.asso.fr\/pages\/index.php?rest_route=\/wp\/v2\/pages\/14665\/revisions"}],"predecessor-version":[{"id":14778,"href":"https:\/\/www.imf.asso.fr\/pages\/index.php?rest_route=\/wp\/v2\/pages\/14665\/revisions\/14778"}],"wp:attachment":[{"href":"https:\/\/www.imf.asso.fr\/pages\/index.php?rest_route=%2Fwp%2Fv2%2Fmedia&parent=14665"}],"curies":[{"name":"wp","href":"https:\/\/api.w.org\/{rel}","templated":true}]}}