{"id":14621,"date":"2025-10-21T14:20:17","date_gmt":"2025-10-21T12:20:17","guid":{"rendered":"https:\/\/www.imf.asso.fr\/pages\/?page_id=14621"},"modified":"2025-10-21T14:20:17","modified_gmt":"2025-10-21T12:20:17","slug":"erasmus-days-2025","status":"publish","type":"page","link":"https:\/\/www.imf.asso.fr\/pages\/?page_id=14621","title":{"rendered":"Erasmus Days 2025"},"content":{"rendered":"<p><!--more--><\/p>\n<p>Chaque ann\u00e9e, l&rsquo;<strong>IMF RIS<\/strong> met en lumi\u00e8re les opportunit\u00e9s offertes par les <strong>mobilit\u00e9s internationales<\/strong> \u00e0 ses apprenants. Allier apprentissage et voyage, c\u2019est possible ! <\/p>\n<p>Lors des <strong>Erasmus Days<\/strong>, nos apprenants partagent leurs exp\u00e9riences enrichissantes en Europe et ailleurs : <strong>Canada, Espagne, Suisse, Allemagne, Maroc, Belgique&#8230;<\/strong> Ils \u00e9voquent leurs d\u00e9couvertes interculturelles, analysent les pratiques professionnelles dans d&rsquo;autres pays, rencontrent de nouveaux partenaires et mettent en avant des initiatives innovantes, ainsi que des solutions inspirantes \u00e0 appliquer sur nos territoires.<\/p>\n<p>Une belle mani\u00e8re de c\u00e9l\u00e9brer \u00e0 la fois les valeurs de l&rsquo;Europe et du travail social. Grand merci \u00e0 nos chers partenaires, apprenants et \u00e9quipes, ainsi qu&rsquo;\u00e0 <strong>Erasmus+<\/strong> de rendre ces moments possibles.<\/p>\n<table style=\"border-collapse: collapse; width: 100%;\">\n<tbody>\n<tr>\n<td style=\"width: 33.3333%;\"><img decoding=\"async\" src=\"https:\/\/www.imf.asso.fr\/pages\/wp-content\/uploads\/IMG_5538-scaled.jpg\" \/><\/td>\n<td style=\"width: 33.3333%;\"><img decoding=\"async\" src=\"https:\/\/www.imf.asso.fr\/pages\/wp-content\/uploads\/20251014_092133-scaled.jpg\" \/>\u00a0<\/td>\n<td style=\"width: 34.5333%;\"><img decoding=\"async\" src=\"https:\/\/www.imf.asso.fr\/pages\/wp-content\/uploads\/IMG_5539-scaled.jpg\" \/><\/td>\n<\/tr>\n<tr>\n<td style=\"width: 33.3333%;\"><img decoding=\"async\" src=\"https:\/\/www.imf.asso.fr\/pages\/wp-content\/uploads\/IMG_5545-scaled.jpg\" \/><\/td>\n<td style=\"width: 33.3333%;\"><img decoding=\"async\" class=\"alignnone\" src=\"https:\/\/www.imf.asso.fr\/pages\/wp-content\/uploads\/20251014_093635-scaled.jpg\" \/>\u00a0<\/td>\n<td style=\"width: 34.5333%;\"><img decoding=\"async\" class=\"\" src=\"https:\/\/www.imf.asso.fr\/pages\/wp-content\/uploads\/IMG_5558-scaled.jpg\" \/><\/td>\n<\/tr>\n<tr>\n<td style=\"width: 33.3333%;\"><img decoding=\"async\" src=\"https:\/\/www.imf.asso.fr\/pages\/wp-content\/uploads\/IMG_5561-scaled.jpg\" \/><\/td>\n<td style=\"width: 33.3333%;\"><img decoding=\"async\" src=\"https:\/\/www.imf.asso.fr\/pages\/wp-content\/uploads\/20251014_085557-scaled.jpg\" \/>\u00a0<\/td>\n<td style=\"width: 34.5333%;\"><img decoding=\"async\" src=\"https:\/\/www.imf.asso.fr\/pages\/wp-content\/uploads\/IMG_5568-scaled.jpg\" \/><\/td>\n<\/tr>\n<\/tbody>\n<\/table>\n<p><img decoding=\"async\" loading=\"lazy\" class=\"alignnone wp-image-10188 size-full\" src=\"https:\/\/www.imf.asso.fr\/pages\/wp-content\/uploads\/erasmuslogo-300x55-1.png\" alt=\"\" width=\"350\" height=\"64\" \/><\/p>\n","protected":false},"excerpt":{"rendered":"","protected":false},"author":6,"featured_media":0,"parent":0,"menu_order":0,"comment_status":"closed","ping_status":"closed","template":"","meta":{"footnotes":""},"_links":{"self":[{"href":"https:\/\/www.imf.asso.fr\/pages\/index.php?rest_route=\/wp\/v2\/pages\/14621"}],"collection":[{"href":"https:\/\/www.imf.asso.fr\/pages\/index.php?rest_route=\/wp\/v2\/pages"}],"about":[{"href":"https:\/\/www.imf.asso.fr\/pages\/index.php?rest_route=\/wp\/v2\/types\/page"}],"author":[{"embeddable":true,"href":"https:\/\/www.imf.asso.fr\/pages\/index.php?rest_route=\/wp\/v2\/users\/6"}],"replies":[{"embeddable":true,"href":"https:\/\/www.imf.asso.fr\/pages\/index.php?rest_route=%2Fwp%2Fv2%2Fcomments&post=14621"}],"version-history":[{"count":3,"href":"https:\/\/www.imf.asso.fr\/pages\/index.php?rest_route=\/wp\/v2\/pages\/14621\/revisions"}],"predecessor-version":[{"id":14647,"href":"https:\/\/www.imf.asso.fr\/pages\/index.php?rest_route=\/wp\/v2\/pages\/14621\/revisions\/14647"}],"wp:attachment":[{"href":"https:\/\/www.imf.asso.fr\/pages\/index.php?rest_route=%2Fwp%2Fv2%2Fmedia&parent=14621"}],"curies":[{"name":"wp","href":"https:\/\/api.w.org\/{rel}","templated":true}]}}