{"id":14513,"date":"2025-10-07T12:22:46","date_gmt":"2025-10-07T10:22:46","guid":{"rendered":"https:\/\/www.imf.asso.fr\/pages\/?page_id=14513"},"modified":"2025-10-07T12:22:46","modified_gmt":"2025-10-07T10:22:46","slug":"journee-daccueil-des-etudiants-davignon","status":"publish","type":"page","link":"https:\/\/www.imf.asso.fr\/pages\/?page_id=14513","title":{"rendered":"Journ\u00e9e d&rsquo;Accueil des Etudiants d&rsquo;Avignon"},"content":{"rendered":"<p>\n<!--more--><\/p>\n<p>Le 2 octobre, l\u2019IMF RIS Avignon a convi\u00e9 les \u00e9tudiants de premi\u00e8re ann\u00e9e \u00e0 la rentr\u00e9e commune au sein de l&rsquo;\u00e9tablissement. Ce fut l\u2019occasion de partager avec eux un moment convivial, de leur souhaiter beaucoup de r\u00e9ussite dans leurs \u00e9tudes et de leur remettre un kit de bienvenue.<\/p>\n<p>L\u2019apr\u00e8s-midi, nos apprenants ont particip\u00e9 \u00e0 la Journ\u00e9e d&rsquo;Accueil des Etudiants, un \u00e9v\u00e8nement organis\u00e9 au centre de loisirs de l\u2019\u00eele de la Barthelasse par la Mairie et l\u2019Universit\u00e9 d\u2019Avignon.<\/p>\n<p>Notre \u00e9tablissement a \u00e9galement pris part \u00e0 cette journ\u00e9e, offrant des activit\u00e9s ludiques et immersives pour faire d\u00e9couvrir les m\u00e9tiers du travail social et sensibiliser le public \u00e0 diverses probl\u00e9matiques.<\/p>\n<p>Les participants ont eu l\u2019occasion d&rsquo;essayer des lunettes occultantes pour mieux appr\u00e9hender les d\u00e9fis quotidiens rencontr\u00e9s par les personnes non voyantes. Un atelier cr\u00e9atif a \u00e9galement \u00e9t\u00e9 mis en place, permettant aux visiteurs d\u2019exprimer leur appr\u00e9ciation du travail social et de ses valeurs.<\/p>\n<p>La journ\u00e9e s&rsquo;est poursuivie avec la Color Run, une course inclusive et color\u00e9e qui a permis \u00e0 nos \u00e9tudiants de fi\u00e8rement repr\u00e9senter leur \u00e9tablissement, avant de se terminer sur une note musicale et festive lors de l&rsquo;Atypik Festival.<\/p>\n<p>Un grand merci aux \u00e9tudiants qui ont montr\u00e9 leur soutien \u00e0 cette initiative, ainsi qu\u2019\u00e0 la Mairie d\u2019Avignon et \u00e0 l\u2019Universit\u00e9 pour l\u2019organisation de cette journ\u00e9e.<\/p>\n<table style=\"border-collapse: collapse; width: 100%;\">\n<tbody>\n<tr>\n<td style=\"width: 33.3333%;\"><img decoding=\"async\" src=\"https:\/\/www.imf.asso.fr\/pages\/wp-content\/uploads\/image00021-scaled.jpeg\" \/><\/td>\n<td style=\"width: 33.3333%;\"><img decoding=\"async\" src=\"https:\/\/www.imf.asso.fr\/pages\/wp-content\/uploads\/image00019-scaled.jpeg\" \/>\u00a0<\/td>\n<td style=\"width: 34.5333%;\"><img decoding=\"async\" src=\"https:\/\/www.imf.asso.fr\/pages\/wp-content\/uploads\/image00028-scaled.jpeg\" \/><\/td>\n<\/tr>\n<tr>\n<td style=\"width: 33.3333%;\"><img decoding=\"async\" src=\"https:\/\/www.imf.asso.fr\/pages\/wp-content\/uploads\/3-3.png\" \/><\/td>\n<td style=\"width: 33.3333%;\"><img decoding=\"async\" class=\"alignnone\" src=\"https:\/\/www.imf.asso.fr\/pages\/wp-content\/uploads\/image00002-1-scaled.jpeg\" \/>\u00a0<\/td>\n<td style=\"width: 34.5333%;\"><img decoding=\"async\" class=\"\" src=\"https:\/\/www.imf.asso.fr\/pages\/wp-content\/uploads\/5-3.png\" \/><\/td>\n<\/tr>\n<tr>\n<td style=\"width: 33.3333%;\"><img decoding=\"async\" src=\"https:\/\/www.imf.asso.fr\/pages\/wp-content\/uploads\/1-5.png\" \/><\/td>\n<td style=\"width: 33.3333%;\"><img decoding=\"async\" src=\"https:\/\/www.imf.asso.fr\/pages\/wp-content\/uploads\/4-3.png\" \/><\/td>\n<td style=\"width: 34.5333%;\"><img decoding=\"async\" src=\"https:\/\/www.imf.asso.fr\/pages\/wp-content\/uploads\/2-4.png\" \/><\/td>\n<\/tr>\n<\/tbody>\n<\/table>\n<p><span style=\"color: #e2264c; font-size: 14pt;\"><strong><span class=\"OYPEnA font-feature-liga-off font-feature-clig-off font-feature-calt-off text-decoration-none text-strikethrough-none\">D\u00e9couvrez le Color Run r\u00e9alis\u00e9 par nos \u00e9tudiant.e.s <\/span><\/strong><strong><span class=\"OYPEnA font-feature-liga-off font-feature-clig-off font-feature-calt-off text-decoration-none text-strikethrough-none\">:<\/span><\/strong><\/span><\/p>\n<p><div class=\"embed-container\"><iframe loading=\"lazy\" title=\"Color Run Etudiants IMF RIS Avignon\" width=\"563\" height=\"1000\" src=\"https:\/\/www.youtube.com\/embed\/KK09NEATxd4?feature=oembed\" frameborder=\"0\" allow=\"accelerometer; autoplay; clipboard-write; encrypted-media; gyroscope; picture-in-picture; web-share\" referrerpolicy=\"strict-origin-when-cross-origin\" allowfullscreen><\/iframe><\/div><\/p>\n","protected":false},"excerpt":{"rendered":"<\/p><p><a class=\"more-link btn\" href=\"https:\/\/www.imf.asso.fr\/pages\/?page_id=14513\">Lire la suite<\/a><\/p>\n","protected":false},"author":6,"featured_media":0,"parent":0,"menu_order":0,"comment_status":"closed","ping_status":"closed","template":"","meta":{"footnotes":""},"_links":{"self":[{"href":"https:\/\/www.imf.asso.fr\/pages\/index.php?rest_route=\/wp\/v2\/pages\/14513"}],"collection":[{"href":"https:\/\/www.imf.asso.fr\/pages\/index.php?rest_route=\/wp\/v2\/pages"}],"about":[{"href":"https:\/\/www.imf.asso.fr\/pages\/index.php?rest_route=\/wp\/v2\/types\/page"}],"author":[{"embeddable":true,"href":"https:\/\/www.imf.asso.fr\/pages\/index.php?rest_route=\/wp\/v2\/users\/6"}],"replies":[{"embeddable":true,"href":"https:\/\/www.imf.asso.fr\/pages\/index.php?rest_route=%2Fwp%2Fv2%2Fcomments&post=14513"}],"version-history":[{"count":3,"href":"https:\/\/www.imf.asso.fr\/pages\/index.php?rest_route=\/wp\/v2\/pages\/14513\/revisions"}],"predecessor-version":[{"id":14539,"href":"https:\/\/www.imf.asso.fr\/pages\/index.php?rest_route=\/wp\/v2\/pages\/14513\/revisions\/14539"}],"wp:attachment":[{"href":"https:\/\/www.imf.asso.fr\/pages\/index.php?rest_route=%2Fwp%2Fv2%2Fmedia&parent=14513"}],"curies":[{"name":"wp","href":"https:\/\/api.w.org\/{rel}","templated":true}]}}