{"id":13821,"date":"2025-07-21T10:01:24","date_gmt":"2025-07-21T08:01:24","guid":{"rendered":"https:\/\/www.imf.asso.fr\/pages\/?page_id=13821"},"modified":"2026-04-15T15:46:13","modified_gmt":"2026-04-15T13:46:13","slug":"le-kit-de-survie-de-la-rentree","status":"publish","type":"page","link":"https:\/\/www.imf.asso.fr\/pages\/?page_id=13821","title":{"rendered":"Kit apprenant"},"content":{"rendered":"<p><!--more--><\/p>\n<p>Petit rappel des ressources mobilisables \u00e0 l&rsquo;IMF RIS dans le cadre de vos \u00e9tudes.<\/p>\n<p><a style=\"width: 450px; font-size: 10pt; color: #333333; border: 1px solid #fff; font-family: lato, sans-serif; border-radius: 25px; box-shadow: 5px 5px 20px #aaa; line-height: 16px; background: no-repeat url('https:\/\/www.imf.asso.fr\/pages\/wp-content\/uploads\/crm-1.png') #eee; height: 180px; display: block; float: left; margin: 0 20px 40px 0; padding: 20px 20px 20px 200px;\" href=\"https:\/\/crm.imf.asso.fr\/\"><span style=\"font-size: 18pt; color: #1d60ab; font-family: arial black, sans-serif;\">LE CRM<\/span> <br \/>\nUn espace chaleureux pour travailler au calme et feuilleter de nombreux ouvrages de r\u00e9f\u00e9rence. Les petits + du CRM ? L&rsquo;acc\u00e8s \u00e0 la plateforme CAIRN, des ateliers de perfectionnement, des expos ou encore les \u00e9crans de la docs&#8230;\u00a0\u00a0<\/a><\/p>\n<p><a style=\"width: 450px; font-size: 10pt; color: #333333; border: 1px solid #fff; font-family: lato, sans-serif; border-radius: 25px; box-shadow: 5px 5px 20px #aaa; line-height: 16px; background: no-repeat url('https:\/\/www.imf.asso.fr\/pages\/wp-content\/uploads\/ecampus.png') #eee; height: 180px; display: block; float: left; margin: 0 20px 40px 0; padding: 20px 20px 20px 200px;\" href=\"https:\/\/ecampus.imf.asso.fr\/\"><span style=\"font-size: 18pt; color: #1d60ab; font-family: arial black, sans-serif;\">E-CAMPUS<\/span> <br \/>\nLa plateforme p\u00e9dagogique E-CAMPUS donne acc\u00e8s \u00e0 des ressources de cours, travaux dirig\u00e9s, exercices, devoirs et m\u00eame \u00e0 des forums de discussion. Une URL absolument indispensable qu&rsquo;il faut placer dans ses favoris !<\/a><\/p>\n<p><a style=\"width: 450px; font-size: 10pt; color: #333333; border: 1px solid #fff; font-family: lato, sans-serif; border-radius: 25px; box-shadow: 5px 5px 20px #aaa; line-height: 16px; background: no-repeat url('https:\/\/www.imf.asso.fr\/pages\/wp-content\/uploads\/7-3.png') #eee; height: 180px; display: block; float: left; margin: 0 20px 40px 0; padding: 20px 20px 20px 200px;\" href=\"https:\/\/www.imf.asso.fr\/pages\/?page_id=2080\"><span style=\"font-size: 18pt; color: #1d60ab; font-family: arial black, sans-serif;\">LA MOBILIT\u00c9<\/span> <br \/>\nPourquoi ne pas profiter de vos \u00e9tudes pour voyager en Europe, en Suisse, au Canada ou au Maghreb pendant quelques semaines ? Combiner formation et d\u00e9couverte de nouveaux horizons, c&rsquo;est possible !\u00a0<\/a><\/p>\n<p><a style=\"width: 450px; font-size: 10pt; color: #333333; border: 1px solid #fff; font-family: lato, sans-serif; border-radius: 25px; box-shadow: 5px 5px 20px #aaa; line-height: 16px; background: no-repeat url('https:\/\/www.imf.asso.fr\/pages\/wp-content\/uploads\/ypaereo.png') #eee; height: 180px; display: block; float: left; margin: 0 20px 40px 0; padding: 20px 20px 20px 200px;\" href=\"https:\/\/www.imf.asso.fr\/pages\/?page_id=34\"><span style=\"font-size: 18pt; color: #1d60ab; font-family: arial black, sans-serif;\">LES AIDES<\/span> <br \/>\nBesoin d&rsquo;un coup de pouce ? Bourses, sant\u00e9, logement, handicap, emploi, transport, alimentation&#8230; Une petite bo\u00eete \u00e0 outils pour vous soutenir en cas de coup dur.<\/a><\/p>\n<p><a style=\"width: 450px; font-size: 10pt; color: #333333; border: 1px solid #fff; font-family: lato, sans-serif; border-radius: 25px; box-shadow: 5px 5px 20px #aaa; line-height: 16px; background: no-repeat url('https:\/\/www.imf.asso.fr\/pages\/wp-content\/uploads\/inscription-1.png') #eee; height: 180px; display: block; float: left; margin: 0 20px 40px 0; padding: 20px 20px 20px 200px;\" href=\"https:\/\/imf.ymag.cloud\/\"><span style=\"font-size: 18pt; color: #1d60ab; font-family: arial black, sans-serif;\">ESPACE PERSO<\/span> <br \/>\nPour vous inscrire \u00e0 l&rsquo;IMF RIS, vous devez compl\u00e9ter un dossier par le biais de la plateforme NET YPAREO. Vous devez encore finaliser une \u00e9tape ? C&rsquo;est par ici ! Des difficult\u00e9s ? Consultez l&rsquo;encart ci-dessous.\u00a0<\/a><\/p>\n<p><a style=\"width: 450px; font-size: 10pt; color: #333333; border: 1px solid #fff; font-family: lato, sans-serif; border-radius: 25px; box-shadow: 5px 5px 20px #aaa; line-height: 16px; background: no-repeat url('https:\/\/www.imf.asso.fr\/pages\/wp-content\/uploads\/5-1.png') #eee; height: 180px; display: block; float: left; margin: 0 20px 40px 0; padding: 20px 20px 20px 200px;\" href=\"https:\/\/www.imf.asso.fr\/pages\/?page_id=13990\"><span style=\"font-size: 18pt; color: #1d60ab; font-family: arial black, sans-serif;\">LES OUTILS<\/span> <br \/>\nR\u00e8glement int\u00e9rieur, Livret des Apprenants, Livret du Citoyen&#8230; Vous ne retrouvez plus ces \u00e9l\u00e9ments ? On a r\u00e9uni ces liens \u00e0 un seul endroit pour vous faciliter la vie !<\/a><\/p>\n<p><a style=\"width: 450px; font-size: 10pt; color: #333333; border: 1px solid #fff; font-family: lato, sans-serif; border-radius: 25px; box-shadow: 5px 5px 20px #aaa; line-height: 16px; background: no-repeat url('https:\/\/www.imf.asso.fr\/pages\/wp-content\/uploads\/10-2.png') #eee; height: 180px; display: block; float: left; margin: 0 20px 40px 0; padding: 20px 20px 20px 200px;\" href=\"https:\/\/linktr.ee\/ImfRis24\"><span style=\"font-size: 18pt; color: #1d60ab; font-family: arial black, sans-serif;\">NOS R\u00c9SEAUX<\/span>\u00a0<br \/>\nSuivez-nous sur Insta, LinkedIn ou encore Facebook pour conna\u00eetre toute l&rsquo;actu de l&rsquo;IMF RIS !<\/a><\/p>\n<p><a style=\"width: 450px; font-size: 10pt; color: #333333; border: 1px solid #fff; font-family: lato, sans-serif; border-radius: 25px; box-shadow: 5px 5px 20px #aaa; line-height: 16px; background: no-repeat url('https:\/\/www.imf.asso.fr\/pages\/wp-content\/uploads\/11-1.png') #eee; height: 180px; display: block; float: left; margin: 0 20px 40px 0; padding: 20px 20px 20px 200px;\" href=\"https:\/\/www.imf.asso.fr\/pages\/?page_id=13080\"><span style=\"font-size: 18pt; color: #1d60ab; font-family: arial black, sans-serif;\">NOS ACTIONS<\/span>\u00a0<br \/>\nPour une meilleure visibilit\u00e9 de nos projets et de nos temps forts, mais aussi d\u00e9couvrir les actions men\u00e9es par les apprenants.<\/a><\/p>\n<p>&nbsp;<\/p>\n<div style=\"clear: both; background-color: #feffc4; padding: 50px 50px; border-radius: 20px;\">\n<p style=\"margin: 0;\"><span style=\"font-size: 18pt; color: #002fa2;\"><strong>Vous rencontrez des difficult\u00e9s pour acc\u00e9der \u00e0 votre espace perso ?<\/strong><\/span><\/p>\n<ul>\n<li style=\"clear: both;\"><span style=\"color: #002fa2;\">Si vous n&rsquo;avez pas re\u00e7u votre email d\u2019activation, pensez \u00e0 bien v\u00e9rifier votre dossier SPAM\/courrier ind\u00e9sirable.<\/span><\/li>\n<li style=\"clear: both;\"><span style=\"color: #002fa2;\">La connexion est impossible ? Attention \u00e0 bien utiliser l\u2019URL exacte fournie dans l\u2019email d\u2019activation.<\/span><\/li>\n<li style=\"clear: both;\"><span style=\"color: #002fa2;\">S&rsquo;il s&rsquo;agit de votre <strong>premi\u00e8re connexion<\/strong>, il est imp\u00e9ratif de <strong>ne pas se connecter via un t\u00e9l\u00e9phone<\/strong>. De plus, les iPhones ne doivent pas \u00eatre utilis\u00e9s pour se connecter, car ils g\u00e9n\u00e8rent des incompatibilit\u00e9s connues.<\/span><\/li>\n<\/ul>\n<\/div>\n<h4 style=\"clear: both;\"><strong>Mais aussi :<\/strong><\/h4>\n<ul>\n<li><span style=\"font-size: 14pt;\"><span style=\"color: #1b60ab;\"><strong>Le Cyber<\/strong><\/span>\u00a0<\/span><br \/>\nBesoin d&rsquo;un ordinateur pour r\u00e9diger un m\u00e9moire, avancer sur un projet ou conduire une recherche documentaire ? Plusieurs PC sont disponibles en libre service au Cyber, ainsi que des imprimantes.<\/li>\n<li><span style=\"color: #1b60ab; font-size: 14pt;\"><strong>Le Foyer des \u00c9tudiants<\/strong><\/span><br \/>\nIl faut aussi savoir souffler ! Le Foyer des \u00c9tudiants est bien \u00e9quip\u00e9 : r\u00e9frig\u00e9rateurs, fours micro-ondes, points d&rsquo;eau, grandes tables et m\u00eame distributeurs automatiques alimentaires pour les petites fringales&#8230;\u00a0\u00a0C&rsquo;est \u00e9galement au Foyer que se trouvent <a href=\"https:\/\/www.imf.asso.fr\/pages\/?p=12323\">les \u00e9tag\u00e8res solidaires<\/a>, le BDEA (Bureau des \u00c9tudiants et des Apprentis) et des espaces d&rsquo;affichage pour que chacun puisse s&rsquo;exprimer.<\/li>\n<\/ul>\n","protected":false},"excerpt":{"rendered":"","protected":false},"author":4,"featured_media":0,"parent":0,"menu_order":0,"comment_status":"closed","ping_status":"closed","template":"","meta":{"footnotes":""},"_links":{"self":[{"href":"https:\/\/www.imf.asso.fr\/pages\/index.php?rest_route=\/wp\/v2\/pages\/13821"}],"collection":[{"href":"https:\/\/www.imf.asso.fr\/pages\/index.php?rest_route=\/wp\/v2\/pages"}],"about":[{"href":"https:\/\/www.imf.asso.fr\/pages\/index.php?rest_route=\/wp\/v2\/types\/page"}],"author":[{"embeddable":true,"href":"https:\/\/www.imf.asso.fr\/pages\/index.php?rest_route=\/wp\/v2\/users\/4"}],"replies":[{"embeddable":true,"href":"https:\/\/www.imf.asso.fr\/pages\/index.php?rest_route=%2Fwp%2Fv2%2Fcomments&post=13821"}],"version-history":[{"count":2,"href":"https:\/\/www.imf.asso.fr\/pages\/index.php?rest_route=\/wp\/v2\/pages\/13821\/revisions"}],"predecessor-version":[{"id":17248,"href":"https:\/\/www.imf.asso.fr\/pages\/index.php?rest_route=\/wp\/v2\/pages\/13821\/revisions\/17248"}],"wp:attachment":[{"href":"https:\/\/www.imf.asso.fr\/pages\/index.php?rest_route=%2Fwp%2Fv2%2Fmedia&parent=13821"}],"curies":[{"name":"wp","href":"https:\/\/api.w.org\/{rel}","templated":true}]}}