{"id":13688,"date":"2025-07-03T13:47:11","date_gmt":"2025-07-03T11:47:11","guid":{"rendered":"https:\/\/www.imf.asso.fr\/pages\/?page_id=13688"},"modified":"2025-07-04T11:24:25","modified_gmt":"2025-07-04T09:24:25","slug":"seminaire-arts-et-travail-social","status":"publish","type":"page","link":"https:\/\/www.imf.asso.fr\/pages\/?page_id=13688","title":{"rendered":"S\u00e9minaire Arts et Travail Social"},"content":{"rendered":"<p>&nbsp;<\/p>\n<p>Le<em><strong> S\u00e9minaire Art et Travail Social<\/strong> <\/em>a rassembl\u00e9, pendant deux jours, les acteurs du secteur pour r\u00e9fl\u00e9chir ensemble \u00e0 la mani\u00e8re dont l&rsquo;art et le travail social peuvent se renforcer mutuellement et contribuer \u00e0 favoriser les innovations p\u00e9dagogiques et les exp\u00e9rimentations en m\u00e9diation \u00e9ducative.<\/p>\n<p data-start=\"56\" data-end=\"298\">Nous remercions chaleureusement nos partenaires : l\u2019<strong>Espace Culturel Busserine<\/strong>, l<strong>&lsquo;Entr\u00e9e des Artistes<\/strong>, la <strong>Friche la Belle de Mai<\/strong> et <strong>2 Carreaux de la Marge<\/strong>, pour leur soutien dans cette premi\u00e8re \u00e9dition du S\u00e9minaire <em data-start=\"272\" data-end=\"295\">Art et Travail Social<\/em>.<\/p>\n<table style=\"width: 91.3346%; border-collapse: collapse; border: 0px hidden; margin: 0px auto; height: 942px;\" border=\"0\">\n<tbody>\n<tr style=\"border-style: hidden;\">\n<td style=\"width: 33.3333%; height: 314px;\"><img decoding=\"async\" loading=\"lazy\" class=\"alignnone size-medium wp-image-13224\" src=\"https:\/\/www.imf.asso.fr\/pages\/wp-content\/uploads\/seminaire-arts-et-travail-social-1-1.png\" alt=\"\" width=\"212\" height=\"300\" \/><\/td>\n<td style=\"width: 33.3333%; height: 314px;\"><img decoding=\"async\" loading=\"lazy\" class=\"alignnone size-medium wp-image-13230\" src=\"https:\/\/www.imf.asso.fr\/pages\/wp-content\/uploads\/seminaire-arts-et-travail-social-2.png\" alt=\"\" width=\"212\" height=\"300\" \/><\/td>\n<td style=\"width: 33.3333%; height: 314px;\"><img decoding=\"async\" loading=\"lazy\" class=\"alignnone size-medium wp-image-13226\" src=\"https:\/\/www.imf.asso.fr\/pages\/wp-content\/uploads\/seminaire-arts-et-travail-social-3.png\" alt=\"\" width=\"212\" height=\"300\" \/><\/td>\n<\/tr>\n<tr style=\"border-style: hidden;\">\n<td style=\"width: 33.3333%; height: 314px;\"><img decoding=\"async\" loading=\"lazy\" class=\"alignnone size-medium wp-image-13223\" src=\"https:\/\/www.imf.asso.fr\/pages\/wp-content\/uploads\/seminaire-arts-et-travail-social-4.png\" alt=\"\" width=\"212\" height=\"300\" \/><\/td>\n<td style=\"width: 33.3333%; height: 314px;\"><img decoding=\"async\" loading=\"lazy\" class=\"alignnone size-medium wp-image-13228\" src=\"https:\/\/www.imf.asso.fr\/pages\/wp-content\/uploads\/seminaire-arts-et-travail-social-5.png\" alt=\"\" width=\"212\" height=\"300\" \/><\/td>\n<td style=\"width: 33.3333%; height: 314px;\"><img decoding=\"async\" loading=\"lazy\" class=\"alignnone size-medium wp-image-13227\" src=\"https:\/\/www.imf.asso.fr\/pages\/wp-content\/uploads\/seminaire-arts-et-travail-social-6.png\" alt=\"\" width=\"212\" height=\"300\" \/><\/td>\n<\/tr>\n<tr style=\"border-style: hidden;\">\n<td style=\"width: 33.3333%; height: 314px;\"><img decoding=\"async\" loading=\"lazy\" class=\"alignnone size-medium wp-image-13229\" src=\"https:\/\/www.imf.asso.fr\/pages\/wp-content\/uploads\/seminaire-arts-et-travail-social-7.png\" alt=\"\" width=\"212\" height=\"300\" \/><\/td>\n<td style=\"width: 33.3333%; height: 314px;\"><img decoding=\"async\" loading=\"lazy\" class=\"alignnone size-medium wp-image-13229\" src=\"https:\/\/www.imf.asso.fr\/pages\/wp-content\/uploads\/Design-sans-titre-15.png\" alt=\"\" width=\"212\" height=\"300\" \/><\/td>\n<td style=\"width: 33.3333%; height: 314px;\"><img decoding=\"async\" loading=\"lazy\" class=\"alignnone size-medium wp-image-13225\" src=\"https:\/\/www.imf.asso.fr\/pages\/wp-content\/uploads\/seminaire-arts-et-travail-social-9.png\" alt=\"\" width=\"212\" height=\"300\" \/><\/td>\n<\/tr>\n<\/tbody>\n<\/table>\n<p>&nbsp;<\/p>\n<p>&nbsp;<\/p>\n<p><div class=\"embed-container\"><iframe loading=\"lazy\" title=\"S\u00e9minaire Arts et Travail Social \u00e0 l&#039;IMF RIS Marseille\" width=\"945\" height=\"532\" src=\"https:\/\/www.youtube.com\/embed\/V2Kj-BYT9pc?feature=oembed\" frameborder=\"0\" allow=\"accelerometer; autoplay; clipboard-write; encrypted-media; gyroscope; picture-in-picture; web-share\" referrerpolicy=\"strict-origin-when-cross-origin\" allowfullscreen><\/iframe><\/div>\n<\/p>\n<hr \/>\n","protected":false},"excerpt":{"rendered":"<p>&nbsp;<\/p>\n<p>Le<em><strong> S\u00e9minaire Art et Travail Social<\/strong> <\/em>a rassembl\u00e9, pendant deux jours, les acteurs du secteur pour r\u00e9fl\u00e9chir ensemble \u00e0 la mani\u00e8re dont l&rsquo;art et le travail social peuvent se renforcer mutuellement et contribuer \u00e0 favoriser les innovations p\u00e9dagogiques et les exp\u00e9rimentations en m\u00e9diation \u00e9ducative.<\/p>\n<p data-start=\"56\" data-end=\"298\">Nous remercions chaleureusement nos partenaires : l\u2019<strong>Espace Culturel &hellip; <\/strong><\/p>\n<p><a class=\"more-link btn\" href=\"https:\/\/www.imf.asso.fr\/pages\/?page_id=13688\">Lire la suite<\/a><\/p>\n","protected":false},"author":6,"featured_media":0,"parent":0,"menu_order":0,"comment_status":"closed","ping_status":"closed","template":"","meta":{"footnotes":""},"_links":{"self":[{"href":"https:\/\/www.imf.asso.fr\/pages\/index.php?rest_route=\/wp\/v2\/pages\/13688"}],"collection":[{"href":"https:\/\/www.imf.asso.fr\/pages\/index.php?rest_route=\/wp\/v2\/pages"}],"about":[{"href":"https:\/\/www.imf.asso.fr\/pages\/index.php?rest_route=\/wp\/v2\/types\/page"}],"author":[{"embeddable":true,"href":"https:\/\/www.imf.asso.fr\/pages\/index.php?rest_route=\/wp\/v2\/users\/6"}],"replies":[{"embeddable":true,"href":"https:\/\/www.imf.asso.fr\/pages\/index.php?rest_route=%2Fwp%2Fv2%2Fcomments&post=13688"}],"version-history":[{"count":2,"href":"https:\/\/www.imf.asso.fr\/pages\/index.php?rest_route=\/wp\/v2\/pages\/13688\/revisions"}],"predecessor-version":[{"id":13716,"href":"https:\/\/www.imf.asso.fr\/pages\/index.php?rest_route=\/wp\/v2\/pages\/13688\/revisions\/13716"}],"wp:attachment":[{"href":"https:\/\/www.imf.asso.fr\/pages\/index.php?rest_route=%2Fwp%2Fv2%2Fmedia&parent=13688"}],"curies":[{"name":"wp","href":"https:\/\/api.w.org\/{rel}","templated":true}]}}