{"id":13670,"date":"2025-07-01T16:21:23","date_gmt":"2025-07-01T14:21:23","guid":{"rendered":"https:\/\/www.imf.asso.fr\/pages\/?page_id=13670"},"modified":"2025-11-12T11:27:09","modified_gmt":"2025-11-12T10:27:09","slug":"europe-sociale-regards-citoyens-regards-inclusifs","status":"publish","type":"page","link":"https:\/\/www.imf.asso.fr\/pages\/?page_id=13670","title":{"rendered":"Europe Sociale : Regards citoyens, Regards Inclusifs | 01\/07\/25"},"content":{"rendered":"<p><!--more--><\/p>\n<div>\n<div>\n<p>\u00ab <em><strong>Regards citoyens, Regard inclusif<\/strong><\/em> \u00bb s&rsquo;est tenu le 1er juillet \u00e0 l&rsquo;IMF RIS Marseille et actuellement \u00e0 l&rsquo;IMF RIS Avignon.<\/p>\n<\/div>\n<p><\/p>\n<div>\n<p>Organis\u00e9 dans le cadre de L&rsquo;Europe sociale en action et financ\u00e9 par l&rsquo;appel \u00e0 projets 2024 <strong><em>Comp\u00e9tences et Citoyennet\u00e9 europ\u00e9enne<\/em><\/strong> de la <em>R\u00e9gion Sud-Provence-Alpes-C\u00f4te d&rsquo;Azur<\/em>, cet \u00e9v\u00e9nement multidimensionnel a rassembl\u00e9 nos apprenants autour des valeurs europ\u00e9ennes pour c\u00e9l\u00e9brer la diversit\u00e9 et l&rsquo;unit\u00e9 europ\u00e9enne.<\/p>\n<\/div>\n<p><\/p>\n<div>\n<p>Libert\u00e9, solidarit\u00e9, justice, respect&#8230; \u00c0 travers des photographies et des t\u00e9moignages film\u00e9s de nos apprenants, nous avons pu d\u00e9couvrir des illustrations et des r\u00e9flexions mettant en lumi\u00e8re la mani\u00e8re dont ces valeurs s&rsquo;incarnent dans notre quotidien et leur impact au sein de nos soci\u00e9t\u00e9s.<\/p>\n<\/div>\n<p><\/p>\n<div>\n<p>Nous souhaitons exprimer notre profonde gratitude \u00e0 toutes les personnes impliqu\u00e9es dans la r\u00e9alisation de cet \u00e9v\u00e9nement : Guillaume Mariotti et Julie L\u00e9gar\u00e9 du studio Myst\u00e8re Public, Jacqueline Gervais, Thierry de Matteis, nos apprenants et les r\u00e9sidents du foyer Saint Pierre \u00e0 Arles.<\/p>\n<p>&nbsp;<\/p>\n<\/div>\n<\/div>\n<table style=\"border-collapse: collapse; width: 100%;\">\n<tbody>\n<tr>\n<td style=\"width: 33.3333%;\"><img decoding=\"async\" src=\"https:\/\/www.imf.asso.fr\/pages\/wp-content\/uploads\/01.png\" \/><\/td>\n<td style=\"width: 33.3333%;\"><img decoding=\"async\" src=\"https:\/\/www.imf.asso.fr\/pages\/wp-content\/uploads\/13.png\" \/><\/td>\n<td style=\"width: 33.3333%;\"><img decoding=\"async\" src=\"https:\/\/www.imf.asso.fr\/pages\/wp-content\/uploads\/04.png\" \/><\/td>\n<\/tr>\n<tr>\n<td style=\"width: 33.3333%;\"><img decoding=\"async\" src=\"https:\/\/www.imf.asso.fr\/pages\/wp-content\/uploads\/14-1.png\" \/><\/td>\n<td style=\"width: 33.3333%;\"><img decoding=\"async\" src=\"https:\/\/www.imf.asso.fr\/pages\/wp-content\/uploads\/06.png\" \/><\/td>\n<td style=\"width: 33.3333%;\"><img decoding=\"async\" src=\"https:\/\/www.imf.asso.fr\/pages\/wp-content\/uploads\/22-1.png\" \/><\/td>\n<\/tr>\n<tr>\n<td style=\"width: 33.3333%;\"><img decoding=\"async\" src=\"https:\/\/www.imf.asso.fr\/pages\/wp-content\/uploads\/19.png\" \/><\/td>\n<td style=\"width: 33.3333%;\"><img decoding=\"async\" src=\"https:\/\/www.imf.asso.fr\/pages\/wp-content\/uploads\/05.png\" \/><\/td>\n<td style=\"width: 33.3333%;\"><img decoding=\"async\" src=\"https:\/\/www.imf.asso.fr\/pages\/wp-content\/uploads\/10-1.png\" \/><\/td>\n<\/tr>\n<\/tbody>\n<\/table>\n","protected":false},"excerpt":{"rendered":"","protected":false},"author":4,"featured_media":0,"parent":0,"menu_order":0,"comment_status":"closed","ping_status":"closed","template":"","meta":{"footnotes":""},"_links":{"self":[{"href":"https:\/\/www.imf.asso.fr\/pages\/index.php?rest_route=\/wp\/v2\/pages\/13670"}],"collection":[{"href":"https:\/\/www.imf.asso.fr\/pages\/index.php?rest_route=\/wp\/v2\/pages"}],"about":[{"href":"https:\/\/www.imf.asso.fr\/pages\/index.php?rest_route=\/wp\/v2\/types\/page"}],"author":[{"embeddable":true,"href":"https:\/\/www.imf.asso.fr\/pages\/index.php?rest_route=\/wp\/v2\/users\/4"}],"replies":[{"embeddable":true,"href":"https:\/\/www.imf.asso.fr\/pages\/index.php?rest_route=%2Fwp%2Fv2%2Fcomments&post=13670"}],"version-history":[{"count":2,"href":"https:\/\/www.imf.asso.fr\/pages\/index.php?rest_route=\/wp\/v2\/pages\/13670\/revisions"}],"predecessor-version":[{"id":15114,"href":"https:\/\/www.imf.asso.fr\/pages\/index.php?rest_route=\/wp\/v2\/pages\/13670\/revisions\/15114"}],"wp:attachment":[{"href":"https:\/\/www.imf.asso.fr\/pages\/index.php?rest_route=%2Fwp%2Fv2%2Fmedia&parent=13670"}],"curies":[{"name":"wp","href":"https:\/\/api.w.org\/{rel}","templated":true}]}}