{"id":13603,"date":"2025-06-17T16:03:25","date_gmt":"2025-06-17T14:03:25","guid":{"rendered":"https:\/\/www.imf.asso.fr\/pages\/?page_id=13603"},"modified":"2025-11-12T14:30:41","modified_gmt":"2025-11-12T13:30:41","slug":"video-temoignage","status":"publish","type":"page","link":"https:\/\/www.imf.asso.fr\/pages\/?page_id=13603","title":{"rendered":"Vid\u00e9os T\u00e9moignage"},"content":{"rendered":"<p><!--more--><\/p>\n<p>R\u00e9alis\u00e9es dans le cadre de <strong data-start=\"519\" data-end=\"551\">\u201cL\u2019Europe sociale en action\u201d<\/strong>, ces vid\u00e9os sont soutenues par l\u2019appel \u00e0 projets 2024 <strong data-start=\"706\" data-end=\"749\">\u201cComp\u00e9tences et Citoyennet\u00e9 europ\u00e9enne\u201d<\/strong> de la <strong data-start=\"756\" data-end=\"799\">R\u00e9gion Sud \u2013 Provence-Alpes-C\u00f4te d\u2019Azur<\/strong>.<\/p>\n<p><span style=\"color: #e2264c; font-size: 14pt;\"><strong><span class=\"OYPEnA font-feature-liga-off font-feature-clig-off font-feature-calt-off text-decoration-none text-strikethrough-none\">La construction Europ\u00e9enne <\/span><\/strong><\/span><span style=\"color: #e2264c; font-size: 14pt;\"><strong><span class=\"OYPEnA font-feature-liga-off font-feature-clig-off font-feature-calt-off text-decoration-none text-strikethrough-none\">:<\/span><\/strong><\/span><\/p>\n<p><div class=\"embed-container\"><iframe loading=\"lazy\" title=\"La Construction Europ\u00e9enne\" width=\"945\" height=\"532\" src=\"https:\/\/www.youtube.com\/embed\/KgbB_gxhfUI?feature=oembed\" frameborder=\"0\" allow=\"accelerometer; autoplay; clipboard-write; encrypted-media; gyroscope; picture-in-picture; web-share\" referrerpolicy=\"strict-origin-when-cross-origin\" allowfullscreen><\/iframe><\/div>\n<\/p>\n<p><span style=\"color: #e2264c; font-size: 14pt;\"><strong><span class=\"OYPEnA font-feature-liga-off font-feature-clig-off font-feature-calt-off text-decoration-none text-strikethrough-none\">L&rsquo;Europe sociale en action : Regards citoyens :<\/span><\/strong><\/span><\/p>\n<p><div class=\"embed-container\"><iframe loading=\"lazy\" title=\"L&#039;Europe sociale en action : Regards citoyens\" width=\"945\" height=\"532\" src=\"https:\/\/www.youtube.com\/embed\/G480IWIaZLs?feature=oembed\" frameborder=\"0\" allow=\"accelerometer; autoplay; clipboard-write; encrypted-media; gyroscope; picture-in-picture; web-share\" referrerpolicy=\"strict-origin-when-cross-origin\" allowfullscreen><\/iframe><\/div>\n<\/p>\n<p>&nbsp;<\/p>\n","protected":false},"excerpt":{"rendered":"","protected":false},"author":4,"featured_media":0,"parent":13464,"menu_order":1,"comment_status":"closed","ping_status":"closed","template":"template-twocolumnsright.php","meta":{"footnotes":""},"_links":{"self":[{"href":"https:\/\/www.imf.asso.fr\/pages\/index.php?rest_route=\/wp\/v2\/pages\/13603"}],"collection":[{"href":"https:\/\/www.imf.asso.fr\/pages\/index.php?rest_route=\/wp\/v2\/pages"}],"about":[{"href":"https:\/\/www.imf.asso.fr\/pages\/index.php?rest_route=\/wp\/v2\/types\/page"}],"author":[{"embeddable":true,"href":"https:\/\/www.imf.asso.fr\/pages\/index.php?rest_route=\/wp\/v2\/users\/4"}],"replies":[{"embeddable":true,"href":"https:\/\/www.imf.asso.fr\/pages\/index.php?rest_route=%2Fwp%2Fv2%2Fcomments&post=13603"}],"version-history":[{"count":3,"href":"https:\/\/www.imf.asso.fr\/pages\/index.php?rest_route=\/wp\/v2\/pages\/13603\/revisions"}],"predecessor-version":[{"id":15183,"href":"https:\/\/www.imf.asso.fr\/pages\/index.php?rest_route=\/wp\/v2\/pages\/13603\/revisions\/15183"}],"up":[{"embeddable":true,"href":"https:\/\/www.imf.asso.fr\/pages\/index.php?rest_route=\/wp\/v2\/pages\/13464"}],"wp:attachment":[{"href":"https:\/\/www.imf.asso.fr\/pages\/index.php?rest_route=%2Fwp%2Fv2%2Fmedia&parent=13603"}],"curies":[{"name":"wp","href":"https:\/\/api.w.org\/{rel}","templated":true}]}}