{"id":13431,"date":"2025-05-19T11:57:46","date_gmt":"2025-05-19T09:57:46","guid":{"rendered":"https:\/\/www.imf.asso.fr\/pages\/?page_id=13431"},"modified":"2025-06-20T11:50:49","modified_gmt":"2025-06-20T09:50:49","slug":"expo-photos","status":"publish","type":"page","link":"https:\/\/www.imf.asso.fr\/pages\/?page_id=13431","title":{"rendered":"Expo photos : les valeurs europ\u00e9ennes"},"content":{"rendered":"<div class=\"xqcrz7y x78zum5 x1qx5ct2 x1y1aw1k x1sxyh0 xwib8y2 xurb0ha xw4jnvo\">\n<div>\u00a0<\/div>\n<\/div>\n<div class=\"html-div xdj266r x11i5rnm xat24cr x1mh8g0r xexx8yu x4uap5 x18d9i69 xkhd6sd\" dir=\"auto\">\n<div class=\"html-div xdj266r x11i5rnm xat24cr x1mh8g0r xexx8yu x4uap5 x18d9i69 xkhd6sd\" data-ad-rendering-role=\"story_message\">\n<div id=\"\u00abrg\u00bb\" class=\"x1l90r2v x1iorvi4 x1ye3gou xn6708d\" data-ad-comet-preview=\"message\" data-ad-preview=\"message\">\n<div class=\"x78zum5 xdt5ytf xz62fqu x16ldp7u\">\n<div class=\"xu06os2 x1ok221b\">\n<div class=\"xdj266r x11i5rnm xat24cr x1mh8g0r x1vvkbs x126k92a\">\n<div dir=\"auto\">Du 17 au 21 mars, la semaine <em>Apprendre Autrement<\/em> a rassembl\u00e9 les r\u00e9sidents du foyer Saint-Pierre et les apprenants de l&rsquo;IMF RIS Arles autour d\u2019une exp\u00e9rience originale :<strong> explorer, \u00e0 travers la photographie, les valeurs fondatrices de l&rsquo;Union Europ\u00e9enne<\/strong>.<\/div>\n<div dir=\"auto\">\u00a0<\/div>\n<\/div>\n<div class=\"x11i5rnm xat24cr x1mh8g0r x1vvkbs xtlvy1s x126k92a\">\n<div dir=\"auto\">\u00c0 travers leurs regards cr\u00e9atifs, les participants nous ont invit\u00e9s \u00e0 (re)d\u00e9couvrir ces valeurs essentielles qui fa\u00e7onnent notre quotidien. Ils nous ont encourag\u00e9s \u00e0 appr\u00e9cier la richesse des diversit\u00e9s, la force des liens sociaux et la beaut\u00e9 de l&rsquo;engagement collectif, tout en nous rappelant que la d\u00e9mocratie, les droits humains, la justice et la paix sont des biens communs \u00e0 cultiver.<\/div>\n<div dir=\"auto\">\u00a0<\/div>\n<\/div>\n<div class=\"x11i5rnm xat24cr x1mh8g0r x1vvkbs xtlvy1s x126k92a\">\n<div dir=\"auto\">Mercredi dernier, l&rsquo;IMF RIS Arles a eu le plaisir de d\u00e9voiler le fruit de ce travail collaboratif lors d&rsquo;un vernissage convivial en pr\u00e9sence de tous les acteurs du projet.<\/div>\n<div dir=\"auto\">\u00a0<\/div>\n<\/div>\n<div class=\"x11i5rnm xat24cr x1mh8g0r x1vvkbs xtlvy1s x126k92a\">\n<div dir=\"auto\">Un immense merci \u00e0 nos chers invit\u00e9s du foyer Saint-Pierre pour leur engagement et leur enthousiasme. Nous tenons \u00e9galement \u00e0 exprimer notre gratitude \u00e0 Jacqueline Gervais et Thierry de Matteis pour leur aide pr\u00e9cieuse, ainsi qu&rsquo;\u00e0 la <span class=\"html-span xdj266r x11i5rnm xat24cr x1mh8g0r xexx8yu x4uap5 x18d9i69 xkhd6sd x1hl2dhg x16tdsg8 x1vvkbs\"><span class=\"xt0psk2\"><span class=\"xjp7ctv\">R\u00e9gion Sud Provence-Alpes-C\u00f4te d&rsquo;Azur<\/span><\/span><\/span> pour son soutien constant dans le cadre du projet Europe Sociale.<\/div>\n<\/div>\n<\/div>\n<div dir=\"auto\">\u00a0<\/div>\n<div dir=\"auto\">\n<table style=\"border-collapse: collapse;\">\n<tbody>\n<tr>\n<td style=\"width: 33.3333%;\"><img decoding=\"async\" src=\"https:\/\/www.imf.asso.fr\/pages\/wp-content\/uploads\/image00002-scaled.jpeg\" width=\"270px\" \/><\/td>\n<td style=\"width: 33.3333%;\"><img decoding=\"async\" src=\"https:\/\/www.imf.asso.fr\/pages\/wp-content\/uploads\/image00016-scaled.jpeg\" width=\"270px\" \/><\/td>\n<td style=\"width: 33.3333%;\"><img decoding=\"async\" class=\"alignnone wp-image-13442\" src=\"https:\/\/www.imf.asso.fr\/pages\/wp-content\/uploads\/image00045-225x300.jpeg\" alt=\"\" width=\"270px\" height=\"311\" srcset=\"https:\/\/www.imf.asso.fr\/pages\/wp-content\/uploads\/image00045-225x300.jpeg 225w, https:\/\/www.imf.asso.fr\/pages\/wp-content\/uploads\/image00045-768x1024.jpeg 768w, https:\/\/www.imf.asso.fr\/pages\/wp-content\/uploads\/image00045-1152x1536.jpeg 1152w, https:\/\/www.imf.asso.fr\/pages\/wp-content\/uploads\/image00045-1536x2048.jpeg 1536w, https:\/\/www.imf.asso.fr\/pages\/wp-content\/uploads\/image00045-945x1260.jpeg 945w, https:\/\/www.imf.asso.fr\/pages\/wp-content\/uploads\/image00045-scaled.jpeg 1920w\" sizes=\"(max-width: 225px) 100vw, 225px\" \/><\/td>\n<\/tr>\n<tr>\n<td style=\"width: 33.3333%;\"><img decoding=\"async\" class=\"alignnone size-medium wp-image-13441\" src=\"https:\/\/www.imf.asso.fr\/pages\/wp-content\/uploads\/image00043-225x300.jpeg\" alt=\"\" width=\"270px\" height=\"300\" srcset=\"https:\/\/www.imf.asso.fr\/pages\/wp-content\/uploads\/image00043-225x300.jpeg 225w, https:\/\/www.imf.asso.fr\/pages\/wp-content\/uploads\/image00043-768x1024.jpeg 768w, https:\/\/www.imf.asso.fr\/pages\/wp-content\/uploads\/image00043-1152x1536.jpeg 1152w, https:\/\/www.imf.asso.fr\/pages\/wp-content\/uploads\/image00043-1536x2048.jpeg 1536w, https:\/\/www.imf.asso.fr\/pages\/wp-content\/uploads\/image00043-945x1260.jpeg 945w, https:\/\/www.imf.asso.fr\/pages\/wp-content\/uploads\/image00043-scaled.jpeg 1920w\" sizes=\"(max-width: 225px) 100vw, 225px\" \/><\/td>\n<td style=\"width: 33.3333%;\"><img decoding=\"async\" class=\"alignnone size-medium wp-image-13438\" src=\"https:\/\/www.imf.asso.fr\/pages\/wp-content\/uploads\/image00008-225x300.jpeg\" alt=\"\" width=\"270px\" height=\"300\" srcset=\"https:\/\/www.imf.asso.fr\/pages\/wp-content\/uploads\/image00008-225x300.jpeg 225w, https:\/\/www.imf.asso.fr\/pages\/wp-content\/uploads\/image00008-768x1024.jpeg 768w, https:\/\/www.imf.asso.fr\/pages\/wp-content\/uploads\/image00008-1152x1536.jpeg 1152w, https:\/\/www.imf.asso.fr\/pages\/wp-content\/uploads\/image00008-1536x2048.jpeg 1536w, https:\/\/www.imf.asso.fr\/pages\/wp-content\/uploads\/image00008-945x1260.jpeg 945w, https:\/\/www.imf.asso.fr\/pages\/wp-content\/uploads\/image00008-scaled.jpeg 1920w\" sizes=\"(max-width: 225px) 100vw, 225px\" \/><\/td>\n<td style=\"width: 33.3333%;\"><img decoding=\"async\" class=\"alignnone wp-image-13439\" src=\"https:\/\/www.imf.asso.fr\/pages\/wp-content\/uploads\/image00010-225x300.jpeg\" alt=\"\" width=\"270px\" srcset=\"https:\/\/www.imf.asso.fr\/pages\/wp-content\/uploads\/image00010-225x300.jpeg 225w, https:\/\/www.imf.asso.fr\/pages\/wp-content\/uploads\/image00010-768x1024.jpeg 768w, https:\/\/www.imf.asso.fr\/pages\/wp-content\/uploads\/image00010-1152x1536.jpeg 1152w, https:\/\/www.imf.asso.fr\/pages\/wp-content\/uploads\/image00010-1536x2048.jpeg 1536w, https:\/\/www.imf.asso.fr\/pages\/wp-content\/uploads\/image00010-945x1260.jpeg 945w, https:\/\/www.imf.asso.fr\/pages\/wp-content\/uploads\/image00010-scaled.jpeg 1920w\" sizes=\"(max-width: 225px) 100vw, 225px\" \/><\/td>\n<\/tr>\n<\/tbody>\n<\/table>\n<p><a href=\"https:\/\/www.linkedin.com\/feed\/update\/urn:li:activity:7329096162420875264\"><strong>Lien vers la publication Linkedin<\/strong><\/a><\/p>\n<\/div>\n<\/div>\n<\/div>\n<\/div>\n<\/div>\n","protected":false},"excerpt":{"rendered":"<div class=\"xqcrz7y x78zum5 x1qx5ct2 x1y1aw1k x1sxyh0 xwib8y2 xurb0ha xw4jnvo\">\n<div>\u00a0<\/div>\n<\/p><\/div>\n<div class=\"html-div xdj266r x11i5rnm xat24cr x1mh8g0r xexx8yu x4uap5 x18d9i69 xkhd6sd\" dir=\"auto\">\n<div class=\"html-div xdj266r x11i5rnm xat24cr x1mh8g0r xexx8yu x4uap5 x18d9i69 xkhd6sd\" data-ad-rendering-role=\"story_message\">\n<div id=\"\u00abrg\u00bb\" class=\"x1l90r2v x1iorvi4 x1ye3gou xn6708d\" data-ad-comet-preview=\"message\" data-ad-preview=\"message\">\n<div class=\"x78zum5 xdt5ytf xz62fqu x16ldp7u\">\n<div class=\"xu06os2 x1ok221b\">\n<div class=\"xdj266r x11i5rnm xat24cr x1mh8g0r x1vvkbs &hellip; <\/p>\n<p><a class=\"more-link btn\" href=\"https:\/\/www.imf.asso.fr\/pages\/?page_id=13431\">Lire la suite<\/a><\/p>\n<\/div>\n<\/div>\n<\/div>\n<\/div>\n<\/div>\n<\/div>\n","protected":false},"author":4,"featured_media":0,"parent":0,"menu_order":0,"comment_status":"closed","ping_status":"closed","template":"","meta":{"footnotes":""},"_links":{"self":[{"href":"https:\/\/www.imf.asso.fr\/pages\/index.php?rest_route=\/wp\/v2\/pages\/13431"}],"collection":[{"href":"https:\/\/www.imf.asso.fr\/pages\/index.php?rest_route=\/wp\/v2\/pages"}],"about":[{"href":"https:\/\/www.imf.asso.fr\/pages\/index.php?rest_route=\/wp\/v2\/types\/page"}],"author":[{"embeddable":true,"href":"https:\/\/www.imf.asso.fr\/pages\/index.php?rest_route=\/wp\/v2\/users\/4"}],"replies":[{"embeddable":true,"href":"https:\/\/www.imf.asso.fr\/pages\/index.php?rest_route=%2Fwp%2Fv2%2Fcomments&post=13431"}],"version-history":[{"count":2,"href":"https:\/\/www.imf.asso.fr\/pages\/index.php?rest_route=\/wp\/v2\/pages\/13431\/revisions"}],"predecessor-version":[{"id":13624,"href":"https:\/\/www.imf.asso.fr\/pages\/index.php?rest_route=\/wp\/v2\/pages\/13431\/revisions\/13624"}],"wp:attachment":[{"href":"https:\/\/www.imf.asso.fr\/pages\/index.php?rest_route=%2Fwp%2Fv2%2Fmedia&parent=13431"}],"curies":[{"name":"wp","href":"https:\/\/api.w.org\/{rel}","templated":true}]}}