{"id":12979,"date":"2025-04-09T10:55:19","date_gmt":"2025-04-09T08:55:19","guid":{"rendered":"https:\/\/www.imf.asso.fr\/pages\/?page_id=12979"},"modified":"2025-10-23T13:54:54","modified_gmt":"2025-10-23T11:54:54","slug":"dossier-final","status":"publish","type":"page","link":"https:\/\/www.imf.asso.fr\/pages\/?page_id=12979","title":{"rendered":"Dossier final"},"content":{"rendered":"<p><!--more--><\/p>\n<p><strong><a style=\"background: #ace1f8; padding: 20px 20px 20px 15px; border-radius: 35px; display: block; color: #1d60ab; text-transform: uppercase;\" href=\"https:\/\/www.calameo.com\/read\/008054491bc9c94ad41ff\"><span style=\"background: white; border-radius: 50px; padding: 10px 7px; margin-right: 20px; font-size: 15px;\">\u00a0 \u00a0 \u00a0 \u00a0 <\/span>\u00c9DUCATION \u00e0 la paix et la justice sociale en m\u00e9diterran\u00e9e<\/a><\/strong><\/p>\n","protected":false},"excerpt":{"rendered":"","protected":false},"author":4,"featured_media":0,"parent":10186,"menu_order":8,"comment_status":"closed","ping_status":"closed","template":"template-twocolumnsright.php","meta":{"footnotes":""},"_links":{"self":[{"href":"https:\/\/www.imf.asso.fr\/pages\/index.php?rest_route=\/wp\/v2\/pages\/12979"}],"collection":[{"href":"https:\/\/www.imf.asso.fr\/pages\/index.php?rest_route=\/wp\/v2\/pages"}],"about":[{"href":"https:\/\/www.imf.asso.fr\/pages\/index.php?rest_route=\/wp\/v2\/types\/page"}],"author":[{"embeddable":true,"href":"https:\/\/www.imf.asso.fr\/pages\/index.php?rest_route=\/wp\/v2\/users\/4"}],"replies":[{"embeddable":true,"href":"https:\/\/www.imf.asso.fr\/pages\/index.php?rest_route=%2Fwp%2Fv2%2Fcomments&post=12979"}],"version-history":[{"count":2,"href":"https:\/\/www.imf.asso.fr\/pages\/index.php?rest_route=\/wp\/v2\/pages\/12979\/revisions"}],"predecessor-version":[{"id":14782,"href":"https:\/\/www.imf.asso.fr\/pages\/index.php?rest_route=\/wp\/v2\/pages\/12979\/revisions\/14782"}],"up":[{"embeddable":true,"href":"https:\/\/www.imf.asso.fr\/pages\/index.php?rest_route=\/wp\/v2\/pages\/10186"}],"wp:attachment":[{"href":"https:\/\/www.imf.asso.fr\/pages\/index.php?rest_route=%2Fwp%2Fv2%2Fmedia&parent=12979"}],"curies":[{"name":"wp","href":"https:\/\/api.w.org\/{rel}","templated":true}]}}