{"id":12456,"date":"2025-01-30T15:28:17","date_gmt":"2025-01-30T14:28:17","guid":{"rendered":"https:\/\/www.imf.asso.fr\/pages\/?page_id=12456"},"modified":"2025-09-26T10:35:46","modified_gmt":"2025-09-26T08:35:46","slug":"moocs-et-tutos","status":"publish","type":"page","link":"https:\/\/www.imf.asso.fr\/pages\/?page_id=12456","title":{"rendered":"MOOCS"},"content":{"rendered":"<p>&nbsp;<\/p>\n<p><!--more--><\/p>\n<p style=\"margin: 0px;\">Acronyme signifiant \u00ab Massive Open Online Course \u00bb, un MOOC est un cours en ligne gratuit et libre d&rsquo;acc\u00e8s. D\u00e9couvrez nos MOOCS :<\/p>\n<ul>\n<li><a href=\"https:\/\/rise.articulate.com\/share\/H0RZ2bm411PfaxB-mgw-wmzoWJIi5bBW#\/\"><strong>M<\/strong><span data-olk-copy-source=\"MessageBody\"><strong>\u00e9diation num\u00e9rique <\/strong><em>[mooc]<\/em><\/span><\/a><\/li>\n<li><a href=\"https:\/\/rise.articulate.com\/share\/06V5YZBTDwhYDGHGxLAoFmrwWK3IYsHo\"><span data-olk-copy-source=\"MessageBody\"><strong>\u00c9co-responsabilit\u00e9 et d\u00e9veloppement durable <\/strong><em>[mooc]<\/em><\/span><\/a><\/li>\n<\/ul>\n<p style=\"margin: 0px;\">\u00a0<\/p>\n","protected":false},"excerpt":{"rendered":"<p>&nbsp;<\/p><p><a class=\"more-link btn\" href=\"https:\/\/www.imf.asso.fr\/pages\/?page_id=12456\">Lire la suite<\/a><\/p>\n","protected":false},"author":4,"featured_media":0,"parent":13080,"menu_order":10,"comment_status":"closed","ping_status":"closed","template":"","meta":{"footnotes":""},"_links":{"self":[{"href":"https:\/\/www.imf.asso.fr\/pages\/index.php?rest_route=\/wp\/v2\/pages\/12456"}],"collection":[{"href":"https:\/\/www.imf.asso.fr\/pages\/index.php?rest_route=\/wp\/v2\/pages"}],"about":[{"href":"https:\/\/www.imf.asso.fr\/pages\/index.php?rest_route=\/wp\/v2\/types\/page"}],"author":[{"embeddable":true,"href":"https:\/\/www.imf.asso.fr\/pages\/index.php?rest_route=\/wp\/v2\/users\/4"}],"replies":[{"embeddable":true,"href":"https:\/\/www.imf.asso.fr\/pages\/index.php?rest_route=%2Fwp%2Fv2%2Fcomments&post=12456"}],"version-history":[{"count":2,"href":"https:\/\/www.imf.asso.fr\/pages\/index.php?rest_route=\/wp\/v2\/pages\/12456\/revisions"}],"predecessor-version":[{"id":13189,"href":"https:\/\/www.imf.asso.fr\/pages\/index.php?rest_route=\/wp\/v2\/pages\/12456\/revisions\/13189"}],"up":[{"embeddable":true,"href":"https:\/\/www.imf.asso.fr\/pages\/index.php?rest_route=\/wp\/v2\/pages\/13080"}],"wp:attachment":[{"href":"https:\/\/www.imf.asso.fr\/pages\/index.php?rest_route=%2Fwp%2Fv2%2Fmedia&parent=12456"}],"curies":[{"name":"wp","href":"https:\/\/api.w.org\/{rel}","templated":true}]}}