{"id":11637,"date":"2024-09-12T11:39:16","date_gmt":"2024-09-12T09:39:16","guid":{"rendered":"https:\/\/www.imf.asso.fr\/pages\/?page_id=11637"},"modified":"2025-05-06T14:32:43","modified_gmt":"2025-05-06T12:32:43","slug":"festival-du-cinema-social-hors-les-murs","status":"publish","type":"page","link":"https:\/\/www.imf.asso.fr\/pages\/?page_id=11637","title":{"rendered":"Festival du Cin\u00e9ma Social Hors les Murs"},"content":{"rendered":"<p>&nbsp;<\/p>\n<p><strong><span class=\"OYPEnA font-feature-liga-off font-feature-clig-off font-feature-calt-off text-decoration-none text-strikethrough-none\">Fictions, documentaires, films d\u2019animation&#8230;<\/span><\/strong><span class=\"OYPEnA font-feature-liga-off font-feature-clig-off font-feature-calt-off text-decoration-none text-strikethrough-none\"> Le <\/span><span class=\"OYPEnA font-feature-liga-off font-feature-clig-off font-feature-calt-off text-decoration-none text-strikethrough-none\">Festival du Cin\u00e9ma Social<\/span><span class=\"OYPEnA font-feature-liga-off font-feature-clig-off font-feature-calt-off text-decoration-none text-strikethrough-none\"> Hors les Murs offre une fa\u00e7on ludique et interactive de d\u00e9couvrir les <\/span><span class=\"OYPEnA font-feature-liga-off font-feature-clig-off font-feature-calt-off text-decoration-none text-strikethrough-none\">m\u00e9tiers du travail social<\/span><span class=\"OYPEnA font-feature-liga-off font-feature-clig-off font-feature-calt-off text-decoration-none text-strikethrough-none\">, mieux comprendre le monde, explorer des questions de soci\u00e9t\u00e9 et peut-\u00eatre trouver sa voie !<\/span><\/p>\n<p><strong>Le Festival du Cin\u00e9ma Social Hors les murs<\/strong> s&rsquo;est achev\u00e9 mardi 28 janvier sur un franc succ\u00e8s.\u00a0 Nous remercions \u00e0 nouveau nos partenaires d&rsquo;H\u00e9tis, pour leur aide pr\u00e9cieuse dans le d\u00e9ploiement de cette \u00e9dition Hors les Murs.\u00a0<\/p>\n<table style=\"width: 680px; border-collapse: collapse; border: solid 0px; margin: 0 auto; border-style: hidden;\" border=\"0\">\n<tbody>\n<tr style=\"border-style: hidden;\">\n<td style=\"width: 33.3333%;\"><img decoding=\"async\" loading=\"lazy\" class=\"alignnone size-medium wp-image-13224\" src=\"https:\/\/www.imf.asso.fr\/pages\/wp-content\/uploads\/1-3-212x300.png\" alt=\"\" width=\"212\" height=\"300\" srcset=\"https:\/\/www.imf.asso.fr\/pages\/wp-content\/uploads\/1-3-212x300.png 212w, https:\/\/www.imf.asso.fr\/pages\/wp-content\/uploads\/1-3-724x1024.png 724w, https:\/\/www.imf.asso.fr\/pages\/wp-content\/uploads\/1-3-768x1086.png 768w, https:\/\/www.imf.asso.fr\/pages\/wp-content\/uploads\/1-3-1086x1536.png 1086w, https:\/\/www.imf.asso.fr\/pages\/wp-content\/uploads\/1-3-945x1337.png 945w, https:\/\/www.imf.asso.fr\/pages\/wp-content\/uploads\/1-3.png 1414w\" sizes=\"(max-width: 212px) 100vw, 212px\" \/><\/td>\n<td style=\"width: 33.3333%;\"><img decoding=\"async\" loading=\"lazy\" class=\"alignnone size-medium wp-image-13230\" src=\"https:\/\/www.imf.asso.fr\/pages\/wp-content\/uploads\/10-212x300.png\" alt=\"\" width=\"212\" height=\"300\" srcset=\"https:\/\/www.imf.asso.fr\/pages\/wp-content\/uploads\/10-212x300.png 212w, https:\/\/www.imf.asso.fr\/pages\/wp-content\/uploads\/10-724x1024.png 724w, https:\/\/www.imf.asso.fr\/pages\/wp-content\/uploads\/10-768x1086.png 768w, https:\/\/www.imf.asso.fr\/pages\/wp-content\/uploads\/10-1086x1536.png 1086w, https:\/\/www.imf.asso.fr\/pages\/wp-content\/uploads\/10-945x1337.png 945w, https:\/\/www.imf.asso.fr\/pages\/wp-content\/uploads\/10.png 1414w\" sizes=\"(max-width: 212px) 100vw, 212px\" \/><\/td>\n<td style=\"width: 33.3333%;\"><img decoding=\"async\" loading=\"lazy\" class=\"alignnone size-medium wp-image-13226\" src=\"https:\/\/www.imf.asso.fr\/pages\/wp-content\/uploads\/4-1-212x300.png\" alt=\"\" width=\"212\" height=\"300\" srcset=\"https:\/\/www.imf.asso.fr\/pages\/wp-content\/uploads\/4-1-212x300.png 212w, https:\/\/www.imf.asso.fr\/pages\/wp-content\/uploads\/4-1-724x1024.png 724w, https:\/\/www.imf.asso.fr\/pages\/wp-content\/uploads\/4-1-768x1086.png 768w, https:\/\/www.imf.asso.fr\/pages\/wp-content\/uploads\/4-1-1086x1536.png 1086w, https:\/\/www.imf.asso.fr\/pages\/wp-content\/uploads\/4-1-945x1337.png 945w, https:\/\/www.imf.asso.fr\/pages\/wp-content\/uploads\/4-1.png 1414w\" sizes=\"(max-width: 212px) 100vw, 212px\" \/><\/td>\n<\/tr>\n<tr style=\"border-style: hidden;\">\n<td style=\"width: 33.3333%;\"><img decoding=\"async\" loading=\"lazy\" class=\"alignnone size-medium wp-image-13223\" src=\"https:\/\/www.imf.asso.fr\/pages\/wp-content\/uploads\/14-212x300.png\" alt=\"\" width=\"212\" height=\"300\" srcset=\"https:\/\/www.imf.asso.fr\/pages\/wp-content\/uploads\/14-212x300.png 212w, https:\/\/www.imf.asso.fr\/pages\/wp-content\/uploads\/14-724x1024.png 724w, https:\/\/www.imf.asso.fr\/pages\/wp-content\/uploads\/14-768x1086.png 768w, https:\/\/www.imf.asso.fr\/pages\/wp-content\/uploads\/14-1086x1536.png 1086w, https:\/\/www.imf.asso.fr\/pages\/wp-content\/uploads\/14-945x1337.png 945w, https:\/\/www.imf.asso.fr\/pages\/wp-content\/uploads\/14.png 1414w\" sizes=\"(max-width: 212px) 100vw, 212px\" \/><\/td>\n<td style=\"width: 33.3333%;\"><img decoding=\"async\" loading=\"lazy\" class=\"alignnone size-medium wp-image-13228\" src=\"https:\/\/www.imf.asso.fr\/pages\/wp-content\/uploads\/7-1-212x300.png\" alt=\"\" width=\"212\" height=\"300\" srcset=\"https:\/\/www.imf.asso.fr\/pages\/wp-content\/uploads\/7-1-212x300.png 212w, https:\/\/www.imf.asso.fr\/pages\/wp-content\/uploads\/7-1-724x1024.png 724w, https:\/\/www.imf.asso.fr\/pages\/wp-content\/uploads\/7-1-768x1086.png 768w, https:\/\/www.imf.asso.fr\/pages\/wp-content\/uploads\/7-1-1086x1536.png 1086w, https:\/\/www.imf.asso.fr\/pages\/wp-content\/uploads\/7-1-945x1337.png 945w, https:\/\/www.imf.asso.fr\/pages\/wp-content\/uploads\/7-1.png 1414w\" sizes=\"(max-width: 212px) 100vw, 212px\" \/><\/td>\n<td style=\"width: 33.3333%;\"><img decoding=\"async\" loading=\"lazy\" class=\"alignnone size-medium wp-image-13227\" src=\"https:\/\/www.imf.asso.fr\/pages\/wp-content\/uploads\/6-2-212x300.png\" alt=\"\" width=\"212\" height=\"300\" srcset=\"https:\/\/www.imf.asso.fr\/pages\/wp-content\/uploads\/6-2-212x300.png 212w, https:\/\/www.imf.asso.fr\/pages\/wp-content\/uploads\/6-2-724x1024.png 724w, https:\/\/www.imf.asso.fr\/pages\/wp-content\/uploads\/6-2-768x1086.png 768w, https:\/\/www.imf.asso.fr\/pages\/wp-content\/uploads\/6-2-1086x1536.png 1086w, https:\/\/www.imf.asso.fr\/pages\/wp-content\/uploads\/6-2-945x1337.png 945w, https:\/\/www.imf.asso.fr\/pages\/wp-content\/uploads\/6-2.png 1414w\" sizes=\"(max-width: 212px) 100vw, 212px\" \/><\/td>\n<\/tr>\n<tr style=\"border-style: hidden;\">\n<td style=\"width: 33.3333%;\"><img decoding=\"async\" loading=\"lazy\" class=\"alignnone size-medium wp-image-13229\" src=\"https:\/\/www.imf.asso.fr\/pages\/wp-content\/uploads\/8-212x300.png\" alt=\"\" width=\"212\" height=\"300\" srcset=\"https:\/\/www.imf.asso.fr\/pages\/wp-content\/uploads\/8-212x300.png 212w, https:\/\/www.imf.asso.fr\/pages\/wp-content\/uploads\/8-724x1024.png 724w, https:\/\/www.imf.asso.fr\/pages\/wp-content\/uploads\/8-768x1086.png 768w, https:\/\/www.imf.asso.fr\/pages\/wp-content\/uploads\/8-1086x1536.png 1086w, https:\/\/www.imf.asso.fr\/pages\/wp-content\/uploads\/8-945x1337.png 945w, https:\/\/www.imf.asso.fr\/pages\/wp-content\/uploads\/8.png 1414w\" sizes=\"(max-width: 212px) 100vw, 212px\" \/><\/td>\n<td style=\"width: 33.3333%;\"><img decoding=\"async\" loading=\"lazy\" class=\"alignnone size-medium wp-image-13229\" src=\"https:\/\/www.imf.asso.fr\/pages\/wp-content\/uploads\/12-212x300.png\" alt=\"\" width=\"212\" height=\"300\" \/><\/td>\n<td style=\"width: 33.3333%;\"><img decoding=\"async\" loading=\"lazy\" class=\"alignnone size-medium wp-image-13225\" src=\"https:\/\/www.imf.asso.fr\/pages\/wp-content\/uploads\/3-1-212x300.png\" alt=\"\" width=\"212\" height=\"300\" srcset=\"https:\/\/www.imf.asso.fr\/pages\/wp-content\/uploads\/3-1-212x300.png 212w, https:\/\/www.imf.asso.fr\/pages\/wp-content\/uploads\/3-1-724x1024.png 724w, https:\/\/www.imf.asso.fr\/pages\/wp-content\/uploads\/3-1-768x1086.png 768w, https:\/\/www.imf.asso.fr\/pages\/wp-content\/uploads\/3-1-1086x1536.png 1086w, https:\/\/www.imf.asso.fr\/pages\/wp-content\/uploads\/3-1-945x1337.png 945w, https:\/\/www.imf.asso.fr\/pages\/wp-content\/uploads\/3-1.png 1414w\" sizes=\"(max-width: 212px) 100vw, 212px\" \/><\/td>\n<\/tr>\n<\/tbody>\n<\/table>\n<p>&nbsp;<\/p>\n<p>&nbsp;<\/p>\n<p><div class=\"embed-container\"><iframe loading=\"lazy\" title=\"Festival du Cin\u00e9ma Social Hors les Murs\" width=\"945\" height=\"532\" src=\"https:\/\/www.youtube.com\/embed\/jm6EGmTf0bo?feature=oembed\" frameborder=\"0\" allow=\"accelerometer; autoplay; clipboard-write; encrypted-media; gyroscope; picture-in-picture; web-share\" referrerpolicy=\"strict-origin-when-cross-origin\" allowfullscreen><\/iframe><\/div>\n<\/p>\n<hr \/>\n<p><a href=\"https:\/\/www.imf.asso.fr\/pages\/wp-content\/uploads\/Livret-festival-cinema-social-hors-les-murs.pdf\">Consulter notre livret de valorisation de l&rsquo;\u00e9v\u00e9nement<\/a><\/p>\n<hr \/>\n<p><!---\n\n\n\n\n\n\n\n\n\n\n\n\n\n\n\n\n\n\n\n\n\n\n\n\n\n\n\n\n\n\n\n\n\n\n\n\n\n\n<p>Plusieurs dates de <strong>projections-d\u00e9bats<\/strong> vous sont propos\u00e9es \u00e0 Marseille, Arles et Avignon :<\/p>\n\n\n\n\n<hr \/>\n\n\n\n\n<p><span style=\"font-size: 10pt;\"><span style=\"font-size: 12pt;\"><strong><span style=\"background-color: #1d60ab; color: #fff; padding: 3px 10px;\">Mardi 21\/01<\/span> \u00a0\u00a0 |\u00a0\u00a0\u00a0 <\/strong><\/span><strong><span style=\"font-size: 12pt;\">10h-12h \u00a0\u00a0 <\/span><\/strong><span style=\"font-size: 12pt;\">| \u00a0\u00a0 <\/span><span class=\"OYPEnA font-feature-liga-off font-feature-clig-off font-feature-calt-off text-decoration-none text-strikethrough-none\"><strong>Le ZEF <\/strong>- <\/span>Av. Raimu - 13014 Marseille\u00a0<\/span><\/p>\n\n\n\n\n<table style=\"border: hidden; width: 100%;\">\n\n\n<tbody>\n\n\n<tr>\n\n\n<td style=\"width: 33.3333%;\"><img decoding=\"async\" loading=\"lazy\" class=\"alignnone wp-image-12045 size-full\" src=\"https:\/\/www.imf.asso.fr\/pages\/wp-content\/uploads\/yellow-1.png\" alt=\"\" width=\"591\" height=\"298\" \/><\/td>\n\n\n\n\n<td style=\"width: 33.3333%;\"><img decoding=\"async\" loading=\"lazy\" class=\"alignnone wp-image-12043 size-full\" src=\"https:\/\/www.imf.asso.fr\/pages\/wp-content\/uploads\/grandeourse-1.png\" alt=\"\" width=\"591\" height=\"298\" \/><\/td>\n\n\n<\/tr>\n\n\n<\/tbody>\n\n\n<\/table>\n\n\n\n\n<hr \/>\n\n\n\n\n<p><span style=\"font-size: 10pt;\"><span style=\"font-size: 12pt;\"><strong><span style=\"background-color: #1d60ab; color: #fff; padding: 3px 10px;\">Mardi 21\/01<\/span> \u00a0\u00a0 |\u00a0\u00a0\u00a0 <\/strong><\/span><strong><span style=\"font-size: 12pt;\">15h-17h \u00a0\u00a0 <\/span><\/strong><span style=\"font-size: 12pt;\">| \u00a0\u00a0 <\/span><span class=\"OYPEnA font-feature-liga-off font-feature-clig-off font-feature-calt-off text-decoration-none text-strikethrough-none\"><strong>Le ZEF <\/strong>- <\/span>Av. Raimu - 13014 Marseille\u00a0\u00a0 <br \/>\n<\/span><\/p>\n\n\n\n\n<p><em>En pr\u00e9sence de la r\u00e9alisatrice du documentaire Alias.<\/em><\/p>\n\n\n\n\n<table style=\"border: hidden; width: 100%;\">\n\n\n<tbody>\n\n\n<tr>\n\n\n<td style=\"width: 33.3333%;\"><img decoding=\"async\" loading=\"lazy\" class=\"alignnone wp-image-12045 size-full\" src=\"https:\/\/www.imf.asso.fr\/pages\/wp-content\/uploads\/yellow-1.png\" alt=\"\" width=\"591\" height=\"298\" \/><\/td>\n\n\n\n\n<td style=\"width: 33.3333%;\"><img decoding=\"async\" loading=\"lazy\" class=\"alignnone wp-image-12043 size-full\" src=\"https:\/\/www.imf.asso.fr\/pages\/wp-content\/uploads\/alias-1.png\" alt=\"\" width=\"591\" height=\"298\" \/><\/td>\n\n\n<\/tr>\n\n\n<\/tbody>\n\n\n<\/table>\n\n\n\n\n<hr \/>\n\n\n\n\n<p><span style=\"font-size: 10pt;\"><span style=\"font-size: 12pt;\"><strong><span style=\"background-color: #1d60ab; color: #fff; padding: 3px 10px;\">Mercredi 22\/01<\/span> \u00a0\u00a0 |\u00a0\u00a0\u00a0 <\/strong><\/span><strong><span style=\"font-size: 12pt;\">10h-12h \u00a0\u00a0 <\/span><\/strong><span style=\"font-size: 12pt;\">| \u00a0\u00a0 <\/span><span class=\"OYPEnA font-feature-liga-off font-feature-clig-off font-feature-calt-off text-decoration-none text-strikethrough-none\"><strong>La BALEINE <\/strong>- 59 Cr Julien - 13006 Marseille<\/span>\u00a0 <\/span><\/p>\n\n\n\n\n<p><span style=\"color: #1d60ab;\"><strong><span style=\"padding: 3px 10px; background-color: #efefef;\">Petit d\u00e9j' de bienvenue offert<\/span><\/strong><\/span><\/p>\n\n\n\n\n<p><em>En pr\u00e9sence de la r\u00e9alisatrice du documentaire Alias.<\/em><\/p>\n\n\n\n\n<table style=\"border: hidden; width: 100%;\">\n\n\n<tbody>\n\n\n<tr>\n\n\n<td style=\"width: 33.3333%;\"><img decoding=\"async\" loading=\"lazy\" class=\"alignnone wp-image-12045 size-full\" src=\"https:\/\/www.imf.asso.fr\/pages\/wp-content\/uploads\/alias-1.png\" alt=\"\" width=\"591\" height=\"298\" \/><\/td>\n\n\n\n\n<td style=\"width: 33.3333%;\"><img decoding=\"async\" loading=\"lazy\" class=\"alignnone wp-image-12043 size-full\" src=\"https:\/\/www.imf.asso.fr\/pages\/wp-content\/uploads\/papier-1.png\" alt=\"\" width=\"591\" height=\"298\" \/><\/td>\n\n\n<\/tr>\n\n\n<\/tbody>\n\n\n<\/table>\n\n\n\n\n<hr \/>\n\n\n\n\n<p><span style=\"font-size: 10pt;\"><span style=\"font-size: 12pt;\"><strong><span style=\"background-color: #1d60ab; color: #fff; padding: 3px 10px;\">Jeudi 23\/01<\/span> \u00a0\u00a0 |\u00a0\u00a0\u00a0 <\/strong><\/span><strong><span style=\"font-size: 12pt;\">15h-17h \u00a0\u00a0 <\/span><\/strong><span style=\"font-size: 12pt;\">| \u00a0\u00a0 <\/span><span class=\"OYPEnA font-feature-liga-off font-feature-clig-off font-feature-calt-off text-decoration-none text-strikethrough-none\"><strong>La BALEINE <\/strong>- <\/span>59 Cr Julien - 13006 Marseille <\/span><\/p>\n\n\n\n\n<table style=\"border: hidden; width: 100%;\">\n\n\n<tbody>\n\n\n<tr>\n\n\n<td style=\"width: 33.3333%;\"><img decoding=\"async\" loading=\"lazy\" class=\"alignnone wp-image-12045 size-full\" src=\"https:\/\/www.imf.asso.fr\/pages\/wp-content\/uploads\/auxiliaire-1.png\" alt=\"\" width=\"591\" height=\"298\" \/><\/td>\n\n\n\n\n<td style=\"width: 33.3333%;\"><img decoding=\"async\" loading=\"lazy\" class=\"alignnone wp-image-12043 size-full\" src=\"https:\/\/www.imf.asso.fr\/pages\/wp-content\/uploads\/grandeourse-1.png\" alt=\"\" width=\"591\" height=\"298\" \/><\/td>\n\n\n<\/tr>\n\n\n<\/tbody>\n\n\n<\/table>\n\n\n\n\n<hr \/>\n\n\n\n\n<p><span style=\"font-size: 10pt;\"><span style=\"font-size: 12pt;\"><strong><span style=\"background-color: #1d60ab; color: #fff; padding: 3px 10px;\">Jeudi 23\/01<\/span> \u00a0\u00a0 <\/strong>| <\/span><strong><span style=\"font-size: 12pt;\">09h-12h\u00a0\u00a0 <\/span><\/strong><span style=\"font-size: 12pt;\">| \u00a0 <\/span><span class=\"OYPEnA font-feature-liga-off font-feature-clig-off font-feature-calt-off text-decoration-none text-strikethrough-none\"><strong>LE MAS ST PIERRE<\/strong> - <\/span><span class=\"OYPEnA font-feature-liga-off font-feature-clig-off font-feature-calt-off text-decoration-none text-strikethrough-none\">601 avenue Louis Vissac - 13200 Arles<\/span><\/span><\/p>\n\n\n\n\n<table style=\"border: hidden; width: 100%;\">\n\n\n<tbody>\n\n\n<tr>\n\n\n<td style=\"width: 33.3333%;\"><img decoding=\"async\" loading=\"lazy\" class=\"alignnone wp-image-12045 size-full\" src=\"https:\/\/www.imf.asso.fr\/pages\/wp-content\/uploads\/auxiliaire-1.png\" alt=\"\" width=\"591\" height=\"298\" \/><\/td>\n\n\n\n\n<td style=\"width: 33.3333%;\"><img decoding=\"async\" loading=\"lazy\" class=\"alignnone wp-image-12043 size-full\" src=\"https:\/\/www.imf.asso.fr\/pages\/wp-content\/uploads\/grandeourse-1.png\" alt=\"\" width=\"591\" height=\"298\" \/><\/td>\n\n\n<\/tr>\n\n\n<\/tbody>\n\n\n<\/table>\n\n\n\n\n<hr \/>\n\n\n\n\n<p><span style=\"font-size: 10pt;\"><span style=\"font-size: 12pt;\"><strong><span style=\"background-color: #1d60ab; color: #fff; padding: 3px 10px;\">Vendredi 24\/01<\/span> \u00a0\u00a0 |\u00a0\u00a0\u00a0 <\/strong><\/span><strong><span style=\"font-size: 12pt;\">10h-12h \u00a0\u00a0 <\/span><\/strong><span style=\"font-size: 12pt;\">| \u00a0 <span style=\"font-size: 10pt;\"><strong><span class=\"OYPEnA font-feature-liga-off font-feature-clig-off font-feature-calt-off text-decoration-none text-strikethrough-none\">IMF RIS <\/span><\/strong><span class=\"OYPEnA font-feature-liga-off font-feature-clig-off font-feature-calt-off text-decoration-none text-strikethrough-none\">- 59 av. St Just - 13013 Marseille<\/span><\/span><\/span> <\/span><\/p>\n\n\n\n\n<p><span style=\"color: #1d60ab;\"><strong><span style=\"padding: 3px 10px; background-color: #efefef;\">Petite collation offerte pour la cl\u00f4ture du festival hors les murs<\/span><\/strong><\/span><\/p>\n\n\n\n\n<table style=\"border: hidden; width: 100%;\">\n\n\n<tbody>\n\n\n<tr>\n\n\n<td style=\"width: 33.3333%;\"><img decoding=\"async\" loading=\"lazy\" class=\"alignnone wp-image-12045 size-full\" src=\"https:\/\/www.imf.asso.fr\/pages\/wp-content\/uploads\/bordguerre-1.png\" alt=\"\" width=\"591\" height=\"298\" \/><\/td>\n\n\n\n\n<td style=\"width: 33.3333%;\">\u00a0<\/td>\n\n\n<\/tr>\n\n\n<\/tbody>\n\n\n<\/table>\n\n\n\n\n<hr \/>\n\n\n\n\n<p><span style=\"font-size: 10pt;\"><span style=\"font-size: 12pt;\"><strong><span style=\"background-color: #1d60ab; color: #fff; padding: 3px 10px;\">Mardi 28\/01<\/span> \u00a0\u00a0 |\u00a0 <\/strong><\/span><strong><span style=\"font-size: 12pt;\">14h-17h30\u00a0 <\/span><\/strong><span style=\"font-size: 12pt;\">|\u00a0 <\/span><span class=\"OYPEnA font-feature-liga-off font-feature-clig-off font-feature-calt-off text-decoration-none text-strikethrough-none\"><strong>Cin\u00e9ma UTOPIA <\/strong>- 4 Rue des Escaliers Sainte-Anne - 84000 Avignon<\/span>\u00a0 <\/span><\/p>\n\n\n\n\n<table style=\"border: hidden; width: 100%;\">\n\n\n<tbody>\n\n\n<tr>\n\n\n<td style=\"width: 33.3333%;\"><img decoding=\"async\" loading=\"lazy\" class=\"alignnone wp-image-12045 size-full\" src=\"https:\/\/www.imf.asso.fr\/pages\/wp-content\/uploads\/auxiliaire-1.png\" alt=\"\" width=\"591\" height=\"298\" \/><\/td>\n\n\n\n\n<td style=\"width: 33.3333%;\"><img decoding=\"async\" loading=\"lazy\" class=\"alignnone wp-image-12043 size-full\" src=\"https:\/\/www.imf.asso.fr\/pages\/wp-content\/uploads\/grandeourse-1.png\" alt=\"\" width=\"591\" height=\"298\" \/><\/td>\n\n\n<\/tr>\n\n\n<\/tbody>\n\n\n<\/table>\n\n\n\n\n\n\n\n\n\n\n\n\n\n\n\n\n\n\n\n\n\n\n\n\n\n\n\n\n\n\n\n\n\n\n\n\n\n\n---><\/p>\n<p>&nbsp;<\/p>\n<p><img decoding=\"async\" loading=\"lazy\" class=\"alignnone wp-image-12068\" src=\"https:\/\/www.imf.asso.fr\/pages\/wp-content\/uploads\/tracetonavenir-bandeau-hetis.png\" alt=\"\" width=\"1000\" height=\"126\" \/><\/p>\n","protected":false},"excerpt":{"rendered":"<p>&nbsp;<\/p>\n<p><strong><span class=\"OYPEnA font-feature-liga-off font-feature-clig-off font-feature-calt-off text-decoration-none text-strikethrough-none\">Fictions, documentaires, films d\u2019animation&#8230;<\/span><\/strong><span class=\"OYPEnA font-feature-liga-off font-feature-clig-off font-feature-calt-off text-decoration-none text-strikethrough-none\"> Le <\/span><span class=\"OYPEnA font-feature-liga-off font-feature-clig-off font-feature-calt-off text-decoration-none text-strikethrough-none\">Festival du Cin\u00e9ma Social<\/span><span class=\"OYPEnA font-feature-liga-off font-feature-clig-off font-feature-calt-off text-decoration-none text-strikethrough-none\"> Hors les Murs offre une fa\u00e7on ludique et interactive de d\u00e9couvrir les <\/span><span class=\"OYPEnA font-feature-liga-off font-feature-clig-off font-feature-calt-off text-decoration-none text-strikethrough-none\">m\u00e9tiers du travail &hellip; <\/span><\/p>\n<p><a class=\"more-link btn\" href=\"https:\/\/www.imf.asso.fr\/pages\/?page_id=11637\">Lire la suite<\/a><\/p>\n","protected":false},"author":4,"featured_media":0,"parent":0,"menu_order":0,"comment_status":"closed","ping_status":"closed","template":"","meta":{"footnotes":""},"_links":{"self":[{"href":"https:\/\/www.imf.asso.fr\/pages\/index.php?rest_route=\/wp\/v2\/pages\/11637"}],"collection":[{"href":"https:\/\/www.imf.asso.fr\/pages\/index.php?rest_route=\/wp\/v2\/pages"}],"about":[{"href":"https:\/\/www.imf.asso.fr\/pages\/index.php?rest_route=\/wp\/v2\/types\/page"}],"author":[{"embeddable":true,"href":"https:\/\/www.imf.asso.fr\/pages\/index.php?rest_route=\/wp\/v2\/users\/4"}],"replies":[{"embeddable":true,"href":"https:\/\/www.imf.asso.fr\/pages\/index.php?rest_route=%2Fwp%2Fv2%2Fcomments&post=11637"}],"version-history":[{"count":3,"href":"https:\/\/www.imf.asso.fr\/pages\/index.php?rest_route=\/wp\/v2\/pages\/11637\/revisions"}],"predecessor-version":[{"id":13351,"href":"https:\/\/www.imf.asso.fr\/pages\/index.php?rest_route=\/wp\/v2\/pages\/11637\/revisions\/13351"}],"wp:attachment":[{"href":"https:\/\/www.imf.asso.fr\/pages\/index.php?rest_route=%2Fwp%2Fv2%2Fmedia&parent=11637"}],"curies":[{"name":"wp","href":"https:\/\/api.w.org\/{rel}","templated":true}]}}