{"id":11592,"date":"2024-09-03T09:49:55","date_gmt":"2024-09-03T07:49:55","guid":{"rendered":"https:\/\/www.imf.asso.fr\/pages\/?page_id=11592"},"modified":"2026-02-03T10:47:34","modified_gmt":"2026-02-03T09:47:34","slug":"reunions-dinformation-imf-ris-arles-en-presentiel","status":"publish","type":"page","link":"https:\/\/www.imf.asso.fr\/pages\/?page_id=11592","title":{"rendered":"R\u00e9unions d\u2019information IMF RIS ARLES (en pr\u00e9sentiel)"},"content":{"rendered":"<p>Pour en savoir plus sur les m\u00e9tiers de l&rsquo;intervention sociale, venez nous rencontrer et d\u00e9couvrir nos locaux arl\u00e9siens lors de nos r\u00e9unions d&rsquo;information en pr\u00e9sentiel.<\/p>\n<p>Adresse :\u00a0 <span style=\"color: #1d60ab;\"><span style=\"color: #1d60ab;\"><b>IMF RIS ARLES<\/b> &#8211; 12 chemin du Temple &#8211; 13200 Arles<br \/>\n<\/span><\/span><em>Contactez <a href=\"c.moulery@imf.asso.fr\">Christine Moulery<\/a> pour tout compl\u00e9ment d&rsquo;information.<\/em><\/p>\n<p>&nbsp;<\/p>\n<ul style=\"margin: 20px 0 0 0;\">\n<li id=\"aestisfme\" style=\"text-align: left;\"><span style=\"color: #1d60ab; font-size: 14pt;\"><strong>Les formations de niveaux 3\/4 :<\/strong>\u00a0 <span style=\"font-size: 12pt; color: #000000;\"><strong>Accueillant \u00c9ducatif<\/strong> secteur Petite Enfance<\/span><\/span><span style=\"color: #1d60ab; font-size: 14pt;\"><br \/>\n<em><strong>\u2794<\/strong> <\/em><a href=\"https:\/\/forms.office.com\/Pages\/ResponsePage.aspx?id=8t8My6u1x0Gyi9OndG5U_JL8Z7qBqxFIv5_wahf5Hz9UMlM5TjNGQjhYTTFTWUhMS0NHRkJLSzE2QS4u\"><em><span style=\"font-size: 12pt;\">S&rsquo;inscrire en remplissant le formulaire.<\/span><\/em><\/a><\/span><\/li>\n<\/ul>\n<div style=\"background: #eee; border: 1px solid #efefef; border-radius: 30px; padding: 20px; width: 600px;\">\n<ul>\n<li style=\"list-style-type: none;\">\n<ul>\n<li style=\"list-style-type: none;\"><strong>Vendredi 13 f\u00e9vrier<\/strong> <span data-olk-copy-source=\"MessageBody\">de <strong>10h30 a 11h30<\/strong>\u00a0<\/span><\/li>\n<\/ul>\n<\/li>\n<\/ul>\n<\/div>\n<ul style=\"margin: 20px 0 0 0;\">\n<li id=\"aestisfme\" style=\"text-align: left;\"><span style=\"color: #1d60ab; font-size: 14pt;\"><strong>Les formations de niveaux 3\/4 :<\/strong>\u00a0 <span style=\"font-size: 12pt; color: #000000;\">Accompagnant \u00c9ducatif et Social<em> &#8211; <\/em>T<\/span><\/span><span style=\"font-size: 12pt; color: #000000;\">echnicien de l&rsquo;Intervention Sociale et Familiale &#8211; Moniteur \u00c9ducateur<\/span><span style=\"color: #1d60ab; font-size: 14pt;\"><span style=\"font-size: 12pt; color: #000000;\"> &#8211; les formations pr\u00e9paratoires<\/span><br \/>\n<em><strong>\u2794<\/strong> <\/em><a href=\"https:\/\/forms.office.com\/Pages\/ResponsePage.aspx?id=8t8My6u1x0Gyi9OndG5U_JL8Z7qBqxFIv5_wahf5Hz9UQUtISlg1MFBVWktWTjk5SDM0T05WNFJZMi4u\"><em><span style=\"font-size: 12pt;\">S&rsquo;inscrire en remplissant le formulaire.<\/span><\/em><\/a><\/span><\/li>\n<\/ul>\n<div style=\"background: #eee; border: 1px solid #efefef; border-radius: 30px; padding: 20px; width: 600px;\">\n<ul>\n<li style=\"list-style-type: none;\">\n<ul>\n<li style=\"list-style-type: none;\">Dates \u00e0 venir\u00a0<\/li>\n<\/ul>\n<\/li>\n<\/ul>\n<\/div>\n<p>&nbsp;<\/p>\n<p><a href=\"https:\/\/www.imf.asso.fr\/pages\/?page_id=2994\"><span style=\"color: #1d60ab; font-size: 14pt;\"><strong>\u2794 Consulter les autres dates de nos r\u00e9unions d&rsquo;information collective<\/strong><\/span><\/a><span style=\"color: #1d60ab; font-size: 14pt;\"><br \/>\n<\/span><\/p>\n","protected":false},"excerpt":{"rendered":"<p>Pour en savoir plus sur les m\u00e9tiers de l&rsquo;intervention sociale, venez nous rencontrer et d\u00e9couvrir nos locaux arl\u00e9siens lors de nos r\u00e9unions d&rsquo;information en pr\u00e9sentiel.<\/p>\n<p>Adresse :\u00a0 <span style=\"color: #1d60ab;\"><span style=\"color: #1d60ab;\"><b>IMF RIS ARLES<\/b> &#8211; 12 chemin du Temple &#8211; 13200 Arles<br \/> <\/span><\/span><em>Contactez <a href=\"c.moulery@imf.asso.fr\">Christine Moulery<\/a> pour tout compl\u00e9ment d&rsquo;information.<\/em><\/p>\n<p>&nbsp;<\/p>\n<ul style=\"margin: 20px &hellip; <\/p>\n<p><a class=\"more-link btn\" href=\"https:\/\/www.imf.asso.fr\/pages\/?page_id=11592\">Lire la suite<\/a><\/p>\n<\/ul>\n","protected":false},"author":4,"featured_media":0,"parent":0,"menu_order":0,"comment_status":"closed","ping_status":"closed","template":"","meta":{"footnotes":""},"_links":{"self":[{"href":"https:\/\/www.imf.asso.fr\/pages\/index.php?rest_route=\/wp\/v2\/pages\/11592"}],"collection":[{"href":"https:\/\/www.imf.asso.fr\/pages\/index.php?rest_route=\/wp\/v2\/pages"}],"about":[{"href":"https:\/\/www.imf.asso.fr\/pages\/index.php?rest_route=\/wp\/v2\/types\/page"}],"author":[{"embeddable":true,"href":"https:\/\/www.imf.asso.fr\/pages\/index.php?rest_route=\/wp\/v2\/users\/4"}],"replies":[{"embeddable":true,"href":"https:\/\/www.imf.asso.fr\/pages\/index.php?rest_route=%2Fwp%2Fv2%2Fcomments&post=11592"}],"version-history":[{"count":2,"href":"https:\/\/www.imf.asso.fr\/pages\/index.php?rest_route=\/wp\/v2\/pages\/11592\/revisions"}],"predecessor-version":[{"id":16135,"href":"https:\/\/www.imf.asso.fr\/pages\/index.php?rest_route=\/wp\/v2\/pages\/11592\/revisions\/16135"}],"wp:attachment":[{"href":"https:\/\/www.imf.asso.fr\/pages\/index.php?rest_route=%2Fwp%2Fv2%2Fmedia&parent=11592"}],"curies":[{"name":"wp","href":"https:\/\/api.w.org\/{rel}","templated":true}]}}