{"id":11121,"date":"2024-07-02T16:12:22","date_gmt":"2024-07-02T14:12:22","guid":{"rendered":"https:\/\/www.imf.asso.fr\/pages\/?page_id=11121"},"modified":"2025-03-06T10:14:15","modified_gmt":"2025-03-06T09:14:15","slug":"seniorlab-soft-skills","status":"publish","type":"page","link":"https:\/\/www.imf.asso.fr\/pages\/?page_id=11121","title":{"rendered":"FC2404 &#8211; Soft skills"},"content":{"rendered":"<div class=\"post_sous-title; non-visible\"><a title=\"Permalien vers FC2014 - Exercer une mission de r\u00e9f\u00e9rent de parcours sant\u00e9 social\" href=\"\/pages\/?page_id=11121\" rel=\"bookmark\">Soft Skills<\/a><\/div>\n<p><!--more--><\/p>\n<table>\n<tbody>\n<tr>\n<td class=\"cell_background_img\"><a href=\"https:\/\/www.imf.asso.fr\/pages\/wp-content\/uploads\/FC2404-SENIORLAB-Soft-Skills_converted.pdf\"><img decoding=\"async\" loading=\"lazy\" class=\"alignnone wp-image-10738 size-large\" src=\"https:\/\/www.imf.asso.fr\/pages\/wp-content\/uploads\/FC2404-SENIORLAB-Soft-Skills_converted.png\" alt=\"\" width=\"945\" height=\"669\" \/><\/a><\/td>\n<\/tr>\n<\/tbody>\n<\/table>\n<p><em>documentation \u00e0 t\u00e9l\u00e9charger (plaquette, dossier d&rsquo;inscription, calendriers&#8230;) en page 2.<br \/>\n<\/em><!--nextpage--><\/p>\n<table>\n<tbody>\n<tr>\n<td>\n<h4><em>FC2404 &#8211; SoftSkills<\/em><\/h4>\n<\/td>\n<\/tr>\n<\/tbody>\n<\/table>\n<table style=\"width: 100%; height: 118px;\">\n<tbody>\n<tr style=\"height: 118px;\">\n<td style=\"width: 50%; height: 118px;\">\n<ul>\n<li><a href=\"https:\/\/www.imf.asso.fr\/pages\/wp-content\/uploads\/FC2404-SENIORLAB-Soft-Skills_converted.pdf\" target=\"_blank\" rel=\"noopener noreferrer\">Fiche FC2404 &#8211; Soft Skills<\/a><\/li>\n<li><a href=\"https:\/\/forms.office.com\/Pages\/ResponsePage.aspx?id=8t8My6u1x0Gyi9OndG5U_BgGgOekM1FNgjjUOfZM9plURDk5T1JJU0JPT0lTSzhJN0xRN1c2NEhNMC4u\">S&rsquo;inscrire<\/a><\/li>\n<li><a href=\"mailto:seniorlab@imf.asso.fr\">Nous contacter<\/a><\/li>\n<\/ul>\n<\/td>\n<td style=\"width: 49.8667%; height: 118px;\">\u00a0<\/td>\n<\/tr>\n<\/tbody>\n<\/table>\n","protected":false},"excerpt":{"rendered":"<div class=\"post_sous-title; non-visible\"><a title=\"Permalien vers FC2014 - Exercer une mission de r\u00e9f\u00e9rent de parcours sant\u00e9 social\" href=\"\/pages\/?page_id=11121\" rel=\"bookmark\">Soft Skills<\/a><\/div>\n","protected":false},"author":4,"featured_media":0,"parent":11125,"menu_order":1,"comment_status":"closed","ping_status":"closed","template":"template-twocolumnsleft.php","meta":{"footnotes":""},"_links":{"self":[{"href":"https:\/\/www.imf.asso.fr\/pages\/index.php?rest_route=\/wp\/v2\/pages\/11121"}],"collection":[{"href":"https:\/\/www.imf.asso.fr\/pages\/index.php?rest_route=\/wp\/v2\/pages"}],"about":[{"href":"https:\/\/www.imf.asso.fr\/pages\/index.php?rest_route=\/wp\/v2\/types\/page"}],"author":[{"embeddable":true,"href":"https:\/\/www.imf.asso.fr\/pages\/index.php?rest_route=\/wp\/v2\/users\/4"}],"replies":[{"embeddable":true,"href":"https:\/\/www.imf.asso.fr\/pages\/index.php?rest_route=%2Fwp%2Fv2%2Fcomments&post=11121"}],"version-history":[{"count":2,"href":"https:\/\/www.imf.asso.fr\/pages\/index.php?rest_route=\/wp\/v2\/pages\/11121\/revisions"}],"predecessor-version":[{"id":12687,"href":"https:\/\/www.imf.asso.fr\/pages\/index.php?rest_route=\/wp\/v2\/pages\/11121\/revisions\/12687"}],"up":[{"embeddable":true,"href":"https:\/\/www.imf.asso.fr\/pages\/index.php?rest_route=\/wp\/v2\/pages\/11125"}],"wp:attachment":[{"href":"https:\/\/www.imf.asso.fr\/pages\/index.php?rest_route=%2Fwp%2Fv2%2Fmedia&parent=11121"}],"curies":[{"name":"wp","href":"https:\/\/api.w.org\/{rel}","templated":true}]}}