{"id":11021,"date":"2024-06-27T12:05:25","date_gmt":"2024-06-27T10:05:25","guid":{"rendered":"https:\/\/www.imf.asso.fr\/pages\/?page_id=11021"},"modified":"2026-03-18T15:57:35","modified_gmt":"2026-03-18T14:57:35","slug":"pourquoi-prendre-un-apprenti","status":"publish","type":"page","link":"https:\/\/www.imf.asso.fr\/pages\/?page_id=11021","title":{"rendered":"Employeurs"},"content":{"rendered":"<p><!--more--><\/p>\n<p>&nbsp;<\/p>\n<p><img decoding=\"async\" loading=\"lazy\" class=\"alignnone wp-image-14890 size-large\" src=\"https:\/\/www.imf.asso.fr\/pages\/wp-content\/uploads\/banner-employ-1024x256.png\" alt=\"\" width=\"945\" height=\"236\" srcset=\"https:\/\/www.imf.asso.fr\/pages\/wp-content\/uploads\/banner-employ-1024x256.png 1024w, https:\/\/www.imf.asso.fr\/pages\/wp-content\/uploads\/banner-employ-300x75.png 300w, https:\/\/www.imf.asso.fr\/pages\/wp-content\/uploads\/banner-employ-768x192.png 768w, https:\/\/www.imf.asso.fr\/pages\/wp-content\/uploads\/banner-employ-945x237.png 945w, https:\/\/www.imf.asso.fr\/pages\/wp-content\/uploads\/banner-employ.png 1414w\" sizes=\"(max-width: 945px) 100vw, 945px\" \/><\/p>\n<div style=\"height: auto;\">\n<div style=\"width: 630px; float: left;\">\n<p><span style=\"color: #1d60ab; font-size: 18pt;\"><strong>L&rsquo;APPRENTISSAGE<\/strong><\/span><\/p>\n<p><strong><span style=\"font-size: 14pt;\">Recruter un apprenti offre de nombreux avantages :<\/span><\/strong><\/p>\n<ul>\n<li><span style=\"color: #1d60ab;\"><strong>Fid\u00e9liser un futur professionnel<\/strong> <\/span>comp\u00e9tent dans un contexte de crise d\u2019attractivit\u00e9 du secteur rendant les processus de recrutement laborieux.<\/li>\n<li><span style=\"color: #1d60ab;\"><strong>Faire une gestion pr\u00e9visionnelle des emplois et comp\u00e9tences <\/strong><\/span>: anticiper les d\u00e9parts et donc les remplacements n\u00e9cessaires, recruter des salari\u00e9s sur des contrats de 6 mois \u00e0 3 ans\u2026<\/li>\n<li><span style=\"color: #1d60ab;\"><strong>B\u00e9n\u00e9ficier d\u2019avantages financiers <\/strong><\/span>(exemple : <a href=\"https:\/\/www.economie.gouv.fr\/entreprises\/gerer-ses-ressources-humaines-et-ses-salaries\/embauche-dun-apprenti-vous-avez-droit-des-aides\"><strong>aide de l\u2019\u00e9tat<\/strong><\/a>).<\/li>\n<li><span style=\"color: #1d60ab;\"><strong>Transmettre vos valeurs et vos pratiques professionnelles<\/strong><\/span> \u00e0 la nouvelle g\u00e9n\u00e9ration de travailleurs sociaux.<\/li>\n<\/ul>\n<p>&nbsp;<\/p>\n<p><span style=\"color: #1d60ab; font-size: 18pt;\"><strong>LA VALEUR AJOUT\u00c9E DU CFA DE L&rsquo;IMF RIS<\/strong><\/span><\/p>\n<p><strong><span style=\"font-size: 14pt;\">Nous accordons <span class=\"VgvqkQ aZskFA u16U_g\">une attention particuli\u00e8re \u00e0 l\u2019accompagnement des employeurs<\/span> dans le processus de recrutement d\u2019un apprenti. D\u00e9couvrez les avantages de travailler avec notre CFA :<\/span><\/strong><\/p>\n<ul>\n<li><span style=\"color: #1d60ab;\"><strong>B\u00e9n\u00e9ficier des services du CFA IMF RIS <\/strong><\/span>dans l\u2019aide au recrutement (sourcing des apprentis), mais aussi dans les d\u00e9marches administratives et financi\u00e8res (Cerfa, veille l\u00e9gislative r\u00e9alis\u00e9e par l\u2019<span style=\"color: #1d60ab;\"><strong>IMF RIS<\/strong><\/span> sur l\u2019apprentissage,\u00a0etc.).<\/li>\n<li><span style=\"color: #1d60ab;\"><strong>\u00catre soutenu en cas de difficult\u00e9s, b\u00e9n\u00e9ficier de m\u00e9diations et pouvoir compter sur la disponibilit\u00e9 du CFA au <b>06 58 37 14 11<\/b><\/strong><span style=\"color: #333333;\">.<\/span><\/span><\/li>\n<li><span style=\"color: #1d60ab;\"><strong>\u00c9changer r\u00e9guli\u00e8rement<\/strong><\/span> avec les formateurs r\u00e9f\u00e9rents.<\/li>\n<li><span style=\"color: #1d60ab;\"><strong>Co-construire \u00e0 nos c\u00f4t\u00e9s l\u2019offre de formation en travail social<\/strong><\/span> afin de mieux r\u00e9pondre aux besoins et aux r\u00e9alit\u00e9s du terrain.<\/li>\n<li><span style=\"color: #1d60ab;\"><strong>Proposer \u00e0 vos \u00e9quipes<\/strong><\/span> <strong><a href=\"https:\/\/www.imf.asso.fr\/pages\/?page_id=4720\">la certification MATU<\/a><\/strong>, une formation courte et engageante qui leur fournira toutes les cl\u00e9s de l&rsquo;accueil r\u00e9ussi d&rsquo;un apprenti.<\/li>\n<\/ul>\n<p>&nbsp;<\/p>\n<\/div>\n<div style=\"background: #efefef; border-radius: 20px; width: 280px; float: left; padding: 20px 20px; margin: 10px 0 0 30px;\">\n<p style=\"margin: 20px 0 8px 0;\"><strong>NOUS CONTACTER\u00a0 :<\/strong><\/p>\n<p style=\"margin: 0 0 5px 15px;\"><span style=\"font-size: 10pt;\"><strong>Marie LIEVAUX<\/strong>, <\/span><br \/>\n<span style=\"font-size: 10pt;\"><em>Charg\u00e9e de Mission Apprentissage<\/em><\/span><br \/>\n<span style=\"color: #1d60ab;\"><b>06 58 37 14 11<\/b><\/span><\/p>\n<p><a style=\"background: #fff; border-radius: 20px; border: 1px solid #cb6ce6; padding: 5px 15px; margin: 0 auto 10px; display: inline-block;\" href=\"mailto:imf.cfa@imf.asso.fr\"><strong><span style=\"font-size: 9pt;\">imf.cfa@imf.asso.fr<\/span><\/strong><\/a><\/p>\n<p style=\"margin: 20px 0 5px 0;\"><strong>S&rsquo;INFORMER\u00a0 :<\/strong><\/p>\n<p><a style=\"display: inline-block; background: #fff; border-radius: 20px; border: 1px solid #cb6ce6; padding: 5px 15px; margin: 0 auto 10px;\" href=\"https:\/\/www.imf.asso.fr\/pages\/?page_id=14829\"><strong><span style=\"font-size: 9pt;\">COMMENT RECRUTER UN APPRENTI<\/span><\/strong><\/a> <a style=\"display: inline-block; background: #fff; border-radius: 20px; border: 1px solid #cb6ce6; padding: 5px 15px; margin: 0 auto 10px;\" href=\"https:\/\/www.imf.asso.fr\/pages\/?page_id=15077\"><strong><span style=\"font-size: 9pt;\">NOS FORMATIONS<\/span><\/strong><\/a><a style=\"display: inline-block; background: #fff; border-radius: 20px; border: 1px solid #cb6ce6; padding: 5px 15px; margin: 0 auto 10px;\" href=\"https:\/\/www.imf.asso.fr\/pages\/?page_id=11058\"><strong><span style=\"font-size: 9pt;\">NOS R\u00c9SULTATS<\/span><\/strong><\/a><\/p>\n<p style=\"margin: 20px 0 5px 0;\"><strong>RESSOURCES UTILES :<\/strong><\/p>\n<p><a style=\"display: inline-block; background: #fff; border-radius: 20px; border: 1px solid #cb6ce6; padding: 5px 15px; margin: 0 auto 10px;\" href=\"https:\/\/www.economie.gouv.fr\/entreprises\/gerer-ses-ressources-humaines-et-ses-salaries\/embauche-dun-apprenti-vous-avez-droit-des-aides\"><strong><span style=\"font-size: 9pt;\">LES AIDES A L&rsquo;EMBAUCHE<\/span><\/strong><\/a> <a style=\"display: inline-block; background: #fff; border-radius: 20px; border: 1px solid #cb6ce6; padding: 5px 15px; margin: 0 auto 10px;\" href=\"https:\/\/www.alternance.emploi.gouv.fr\/simulateur-employeur\/etape-1\"><strong><span style=\"font-size: 9pt;\">LE SIMULATEUR DE CALCUL D&rsquo;AIDES<\/span><\/strong><\/a> <a style=\"background: #fff; border-radius: 20px; border: 1px solid #cb6ce6; display: inline-block; padding: 5px 15px; margin: 0px auto 10px;\" href=\"https:\/\/www.imf.asso.fr\/pages\/?page_id=4720\"><strong><span style=\"font-size: 9pt;\">LA CERTIFICATION MATU<\/span><\/strong><\/a><\/div>\n<\/div>\n","protected":false},"excerpt":{"rendered":"","protected":false},"author":4,"featured_media":0,"parent":10619,"menu_order":3,"comment_status":"closed","ping_status":"closed","template":"","meta":{"footnotes":""},"_links":{"self":[{"href":"https:\/\/www.imf.asso.fr\/pages\/index.php?rest_route=\/wp\/v2\/pages\/11021"}],"collection":[{"href":"https:\/\/www.imf.asso.fr\/pages\/index.php?rest_route=\/wp\/v2\/pages"}],"about":[{"href":"https:\/\/www.imf.asso.fr\/pages\/index.php?rest_route=\/wp\/v2\/types\/page"}],"author":[{"embeddable":true,"href":"https:\/\/www.imf.asso.fr\/pages\/index.php?rest_route=\/wp\/v2\/users\/4"}],"replies":[{"embeddable":true,"href":"https:\/\/www.imf.asso.fr\/pages\/index.php?rest_route=%2Fwp%2Fv2%2Fcomments&post=11021"}],"version-history":[{"count":2,"href":"https:\/\/www.imf.asso.fr\/pages\/index.php?rest_route=\/wp\/v2\/pages\/11021\/revisions"}],"predecessor-version":[{"id":16672,"href":"https:\/\/www.imf.asso.fr\/pages\/index.php?rest_route=\/wp\/v2\/pages\/11021\/revisions\/16672"}],"up":[{"embeddable":true,"href":"https:\/\/www.imf.asso.fr\/pages\/index.php?rest_route=\/wp\/v2\/pages\/10619"}],"wp:attachment":[{"href":"https:\/\/www.imf.asso.fr\/pages\/index.php?rest_route=%2Fwp%2Fv2%2Fmedia&parent=11021"}],"curies":[{"name":"wp","href":"https:\/\/api.w.org\/{rel}","templated":true}]}}