{"id":10944,"date":"2024-06-26T14:12:13","date_gmt":"2024-06-26T12:12:13","guid":{"rendered":"https:\/\/www.imf.asso.fr\/pages\/?page_id=10944"},"modified":"2026-03-30T14:01:44","modified_gmt":"2026-03-30T12:01:44","slug":"devenir-apprenti","status":"publish","type":"page","link":"https:\/\/www.imf.asso.fr\/pages\/?page_id=10944","title":{"rendered":"Devenir apprenti"},"content":{"rendered":"<p><!--more--><\/p>\n<div id=\"reusable-sections\" class=\"h-section h-section-global-spacing d-flex align-items-lg-center align-items-md-center align-items-center style-2118 style-local-1744-c2 position-relative\" data-colibri-component=\"section\" data-colibri-id=\"1744-c2\">\n<div class=\"h-section-grid-container h-section-boxed-container\">\n<div class=\"h-row-container gutters-row-lg-2 gutters-row-md-2 gutters-row-0 gutters-row-v-lg-2 gutters-row-v-md-2 gutters-row-v-2 style-2119 style-local-1744-c3 position-relative\" data-colibri-id=\"1744-c3\">\n<p>&nbsp;<\/p>\n<p><span style=\"color: #ffffff; background: linear-gradient(90deg, rgba(40,152,219,1) 0%, rgba(29,96,171,1) 100%); padding: 15px 30px 11px 30px; border-radius: 30px;\"><strong><span style=\"font-size: 18pt;\">1. D\u00e9poser sa candidature<\/span> <\/strong><\/span><\/p>\n<ol>\n<li style=\"list-style-type: none;\">\n<ol>\n<li>Pr\u00e9parez <span style=\"color: #1d60ab;\"><strong>votre CV<\/strong><\/span><\/li>\n<li>R\u00e9unissez \u00a0vos <span style=\"color: #1d60ab;\"><strong>dipl\u00f4mes<\/strong><\/span> et <span style=\"color: #1d60ab;\"><strong>carte d\u2019identit\u00e9<\/strong><\/span> recto\/verso (ou <strong>passeport)<\/strong><\/li>\n<li>D\u00e9posez votre candidature en <strong><a href=\"https:\/\/imf.ymag.cloud\/index.php\/preinscription\/\">cliquant ici<\/a><\/strong><\/li>\n<\/ol>\n<\/li>\n<\/ol>\n<p>&nbsp;<\/p>\n<table style=\"width: 100%; border-collapse: collapse; border-style: hidden; height: 115px;\">\n<tbody>\n<tr style=\"height: 179px;\">\n<td style=\"width: 50%; height: 115px;\">\n<p><span style=\"color: #ffffff; background: linear-gradient(90deg, rgba(40,152,219,1) 0%, rgba(29,96,171,1) 100%); padding: 15px 30px 11px 30px; border-radius: 30px;\"><strong><span style=\"font-size: 18pt;\"><strong>2.a Vous avez un employeur ?<\/strong> <\/span><\/strong><\/span><\/p>\n<p>Vous devrez \u00e9galement faire compl\u00e9ter <br \/>\n<strong>la <span style=\"color: #1d60ab;\">fiche employeur et ma\u00eetre d\u2019apprentissage<\/span><\/strong> <br \/>\net la renvoyer par mail \u00e0 <span style=\"color: #1d60ab;\"><strong>imf.cfa@imf.asso.fr<\/strong><\/span> :<\/p>\n<p><span style=\"color: #ffb339; font-size: 14pt;\"><strong>\u279c<\/strong><\/span><a href=\"https:\/\/www.imf.asso.fr\/pages\/wp-content\/uploads\/Apprentissage_Dossier_contractualisation_260320_form-1.pdf\" target=\"_blank\" rel=\"noopener\"> T\u00e9l\u00e9chargez la <strong>FICHE EMPLOYEUR<\/strong><\/a><\/p>\n<\/td>\n<td style=\"width: 50%; height: 115px;\">\n<p><span style=\"color: #ffffff; background: linear-gradient(90deg, rgba(40,152,219,1) 0%, rgba(29,96,171,1) 100%); padding: 15px 30px 11px 30px; border-radius: 30px;\"><strong><span style=\"font-size: 18pt;\"><b>2.b Vous n\u2019avez pas d\u2019employeur ?<\/b><\/span><\/strong><\/span><\/p>\n<p>Candidatez en ligne et nous vous communiquerons une <span style=\"color: #1d60ab;\"><strong>liste d\u2019employeurs \u00e0 la recherche d\u2019un.e apprenti.e<\/strong>. <span style=\"color: #333333;\">Nous pouvons \u00e9galement vous accompagner pour pr\u00e9parer votre candidature (aide \u00e0 l&rsquo;\u00e9laboration du<span style=\"color: #1d60ab;\"> <strong>CV<\/strong><\/span> et de la <strong><span style=\"color: #1d60ab;\">lettre de motivation<\/span><\/strong>). <\/span><br \/>\n<\/span><\/p>\n<p><span style=\"color: #ffb339; font-size: 14pt;\"><strong>\u279c<\/strong><\/span> Pour trouver un employeur, vous pouvez consulter notre page d\u00e9di\u00e9e <a href=\"https:\/\/www.imf.asso.fr\/emploi\/?page_id=101\"><strong>OFFRES D&rsquo;EMPLOI<\/strong><\/a>, ainsi que les sites suivants : <strong><a href=\"https:\/\/labonnealternance.apprentissage.beta.gouv.fr\/\">LA BONNE ALTERNANCE<\/a>, <a href=\"https:\/\/www.action-sociale.org\/\">ACTION SOCIALE<\/a>, <a href=\"https:\/\/alternance.emploi.gouv.fr\/recherches-offres-formations\">LE PORTAIL DE L&rsquo;ALTERNANCE<\/a>, <a href=\"https:\/\/labonneboite.francetravail.fr\/\">LA BONNE BO\u00ceTE<\/a><\/strong><\/p>\n<p><span style=\"color: #ffb339; font-size: 14pt;\"><strong>\u279c<\/strong><\/span> Consultez la page <a href=\"https:\/\/www.alternance.emploi.gouv.fr\/preparer-son-projet-en-alternance-0\"><strong>PR\u00c9PARER SON PROJET ALTERNANCE<\/strong> <\/a><\/p>\n<p><span style=\"color: #ffb339; font-size: 14pt;\"><strong>\u279c<\/strong><\/span> Consultez la <a href=\"https:\/\/www.imf.asso.fr\/pages\/?page_id=34\"><strong>RUBRIQUE AIDES<\/strong><\/a> pour explorer des solutions (logement, bourse, sant\u00e9, transport&#8230;)<\/p>\n<\/td>\n<\/tr>\n<\/tbody>\n<\/table>\n<p><strong><span style=\"font-size: 18pt;\"><span style=\"color: #ffffff; background: linear-gradient(90deg, rgba(40,152,219,1) 0%, rgba(29,96,171,1) 100%); padding: 15px 30px 11px 30px; border-radius: 30px;\">3. Entretien de positionnement<\/span><br \/>\n<\/span><\/strong><\/p>\n<div class=\"h-text h-text-component style-498 style-local-191-c8 position-relative h-element\" data-colibri-id=\"191-c8\">\n<div class=\"\">\n<p>Apr\u00e8s avoir rempli votre dossier d\u2019inscription, <span style=\"color: #1d60ab;\"><strong>vous serez convoqu\u00e9 \u00e0 l&rsquo;entretien de positionnement<\/strong><\/span>.<\/p>\n<p>Le <span style=\"color: #1d60ab;\"><strong>positionnement <\/strong><\/span>est un bilan de votre situation, vos acquis et vos exp\u00e9riences qui permet \u00e0 l\u2019organisme de formation d\u2019\u00e9valuer votre projet afin de vous proposer un parcours de formation \u00ab sur mesure \u00bb. Il constitue une \u00e9tape incontournable et pr\u00e9alable \u00e0 l\u2019entr\u00e9e en formation.<\/p>\n<p>Vous serez ensuite contact\u00e9 dans les plus brefs d\u00e9lais pour vous communiquer toutes les informations n\u00e9cessaires \u00e0 votre accueil au sein de notre \u00e9tablissement.<\/p>\n<\/div>\n<\/div>\n<\/div>\n<\/div>\n<\/div>\n","protected":false},"excerpt":{"rendered":"","protected":false},"author":4,"featured_media":0,"parent":14866,"menu_order":0,"comment_status":"closed","ping_status":"closed","template":"","meta":{"footnotes":""},"_links":{"self":[{"href":"https:\/\/www.imf.asso.fr\/pages\/index.php?rest_route=\/wp\/v2\/pages\/10944"}],"collection":[{"href":"https:\/\/www.imf.asso.fr\/pages\/index.php?rest_route=\/wp\/v2\/pages"}],"about":[{"href":"https:\/\/www.imf.asso.fr\/pages\/index.php?rest_route=\/wp\/v2\/types\/page"}],"author":[{"embeddable":true,"href":"https:\/\/www.imf.asso.fr\/pages\/index.php?rest_route=\/wp\/v2\/users\/4"}],"replies":[{"embeddable":true,"href":"https:\/\/www.imf.asso.fr\/pages\/index.php?rest_route=%2Fwp%2Fv2%2Fcomments&post=10944"}],"version-history":[{"count":3,"href":"https:\/\/www.imf.asso.fr\/pages\/index.php?rest_route=\/wp\/v2\/pages\/10944\/revisions"}],"predecessor-version":[{"id":16895,"href":"https:\/\/www.imf.asso.fr\/pages\/index.php?rest_route=\/wp\/v2\/pages\/10944\/revisions\/16895"}],"up":[{"embeddable":true,"href":"https:\/\/www.imf.asso.fr\/pages\/index.php?rest_route=\/wp\/v2\/pages\/14866"}],"wp:attachment":[{"href":"https:\/\/www.imf.asso.fr\/pages\/index.php?rest_route=%2Fwp%2Fv2%2Fmedia&parent=10944"}],"curies":[{"name":"wp","href":"https:\/\/api.w.org\/{rel}","templated":true}]}}