{"id":109,"date":"2017-07-05T11:18:04","date_gmt":"2017-07-05T09:18:04","guid":{"rendered":"http:\/\/www.imf.asso.fr\/pages\/?page_id=109"},"modified":"2025-07-24T11:14:37","modified_gmt":"2025-07-24T09:14:37","slug":"selections","status":"publish","type":"page","link":"https:\/\/www.imf.asso.fr\/pages\/?page_id=109","title":{"rendered":"Inscriptions et S\u00e9lections"},"content":{"rendered":"<p><!--more--><\/p>\n<div class=\"post-nav-top parent-return parent-88 clearfix\">\n<p class=\"col-md-12\"><i class=\"fa fa-arrow-circle-up\"><\/i> Revenir \u00e0 <a class=\"parent-return-link\" href=\"\/pages\/\">Accueil<\/a><\/p>\n<\/div>\n<table style=\"width: 100%; height: 142px;\">\n<tbody>\n<tr style=\"height: 40px;\">\n<td style=\"height: 40px;\"><a href=\"https:\/\/www.imf.asso.fr\/pages\/wp-content\/uploads\/IMF-RIS-Financer-sa-formation-1.pdf\" target=\"_blank\" rel=\"noopener noreferrer\"><strong><em>Comment financer sa formation<\/em><\/strong><\/a><\/td>\n<\/tr>\n<tr style=\"height: 62px;\">\n<td style=\"height: 62px;\"><em>Vous avez d\u00e9j\u00e0 entam\u00e9 une proc\u00e9dure d&rsquo;inscription et souhaitez compl\u00e9ter votre dossier ? <\/em><strong><em><br \/>\n<a href=\"https:\/\/imf.ymag.cloud\/index.php\/login\/\" target=\"_blank\" rel=\"noopener noreferrer\">Acc\u00e9dez \u00e0 votre espace personnel<\/a><\/em><\/strong><\/td>\n<\/tr>\n<tr style=\"height: 40px;\">\n<td style=\"height: 40px;\"><a href=\"https:\/\/www.imf.asso.fr\/pages\/?page_id=9449\"><em><strong>Dispense et all\u00e8gement de formation<\/strong><\/em><\/a><\/td>\n<\/tr>\n<p><!--\n\n\n\n\n\n\n\n\n\n\n\n\n\n\n<tr>\n\n\n<td><a href=\"https:\/\/www.imf.asso.fr\/pages\/?p=7291\"><strong><em>R\u00e9sultats S\u00e9lections<\/em><\/strong><\/a><\/td>\n\n\n<\/tr>\n\n\n\n\n\n\n\n\n\n\n\n\n\n\n--><\/tbody>\n<\/table>\n","protected":false},"excerpt":{"rendered":"","protected":false},"author":1,"featured_media":0,"parent":0,"menu_order":0,"comment_status":"closed","ping_status":"closed","template":"template-twocolumnsleft.php","meta":{"footnotes":""},"_links":{"self":[{"href":"https:\/\/www.imf.asso.fr\/pages\/index.php?rest_route=\/wp\/v2\/pages\/109"}],"collection":[{"href":"https:\/\/www.imf.asso.fr\/pages\/index.php?rest_route=\/wp\/v2\/pages"}],"about":[{"href":"https:\/\/www.imf.asso.fr\/pages\/index.php?rest_route=\/wp\/v2\/types\/page"}],"author":[{"embeddable":true,"href":"https:\/\/www.imf.asso.fr\/pages\/index.php?rest_route=\/wp\/v2\/users\/1"}],"replies":[{"embeddable":true,"href":"https:\/\/www.imf.asso.fr\/pages\/index.php?rest_route=%2Fwp%2Fv2%2Fcomments&post=109"}],"version-history":[{"count":3,"href":"https:\/\/www.imf.asso.fr\/pages\/index.php?rest_route=\/wp\/v2\/pages\/109\/revisions"}],"predecessor-version":[{"id":14052,"href":"https:\/\/www.imf.asso.fr\/pages\/index.php?rest_route=\/wp\/v2\/pages\/109\/revisions\/14052"}],"wp:attachment":[{"href":"https:\/\/www.imf.asso.fr\/pages\/index.php?rest_route=%2Fwp%2Fv2%2Fmedia&parent=109"}],"curies":[{"name":"wp","href":"https:\/\/api.w.org\/{rel}","templated":true}]}}