{"id":10293,"date":"2024-05-06T13:57:50","date_gmt":"2024-05-06T11:57:50","guid":{"rendered":"https:\/\/www.imf.asso.fr\/pages\/?page_id=10293"},"modified":"2026-05-05T15:17:52","modified_gmt":"2026-05-05T13:17:52","slug":"reunions-dinformation-en-visioconference","status":"publish","type":"page","link":"https:\/\/www.imf.asso.fr\/pages\/?page_id=10293","title":{"rendered":"R\u00e9unions d&rsquo;information en visioconf\u00e9rence"},"content":{"rendered":"<p>&nbsp;<\/p>\n<p>Pour en savoir plus sur les m\u00e9tiers de l&rsquo;intervention sociale, participez \u00e0 nos r\u00e9unions d&rsquo;information en visio.<br \/>\n<strong>Les inscriptions sont obligatoires (voir liens correspondants \u00e0 la r\u00e9union choisie ci-dessous)<\/strong>.<\/p>\n<ul>\n<li id=\"tousniveaux\" style=\"text-align: left;\"><span style=\"color: #1d60ab; font-size: 14pt;\"><strong>Les formations tous niveaux<\/strong> (hors formations cadres)<br \/>\n<span style=\"font-size: 12pt;\"><span style=\"color: #1d60ab;\"><span style=\"font-size: 14pt;\"><strong>\u2794<\/strong><\/span><\/span><em><span style=\"color: #000000;\">\u00a0S&rsquo;inscrire aupr\u00e8s de<\/span><strong> imfinfos@imf.asso.fr <\/strong><span style=\"color: #000000;\">en indiquant la date choisie. <br \/>\nLes candidats doivent s\u2019inscrire au plus tard 48h avant le jour de la r\u00e9union afin de recevoir le lien permettant d&rsquo;y participer.<br \/>\n<\/span><\/em><\/span><\/span><\/li>\n<\/ul>\n<div style=\"background: #eee; border: 1px solid #efefef; border-radius: 30px; padding: 20px; width: 600px;\">\n<ul>\n<li style=\"list-style-type: none;\">\n<ul>\n<li style=\"list-style-type: none;\">\n<ul>\n<li style=\"padding: 10px 0 10px 0; border-bottom: 1px solid #fff;\"><span style=\"width: 200px; display: inline-block;\">Mercredi <strong>01 avril<\/strong><\/span> 15h00<\/li>\n<li style=\"padding: 10px 0 10px 0; border-bottom: 1px solid #fff;\"><span style=\"width: 200px; display: inline-block;\">Jeudi <strong>09 avril<\/strong><\/span> 15h00<\/li>\n<li style=\"padding: 10px 0 10px 0; border-bottom: 1px solid #fff;\"><span style=\"width: 200px; display: inline-block;\">Mercredi <strong>22 avril<\/strong><\/span> 15h00<\/li>\n<li style=\"padding: 10px 0 10px 0; border-bottom: 1px solid #fff;\"><span style=\"width: 200px; display: inline-block;\">Jeudi <strong>30 avril<\/strong><\/span> 15h00<\/li>\n<li style=\"padding: 10px 0 10px 0; border-bottom: 1px solid #fff;\"><span style=\"width: 200px; display: inline-block;\">Mercredi <strong>06 mai<\/strong><\/span> 15h00<\/li>\n<li style=\"padding: 10px 0 10px 0; border-bottom: 1px solid #fff;\"><span style=\"width: 200px; display: inline-block;\">Jeudi <strong>28 mai<\/strong><\/span> 15h00<\/li>\n<li style=\"padding: 10px 0 10px 0; border-bottom: 1px solid #fff;\"><span style=\"width: 200px; display: inline-block;\">Jeudi <strong>11 juin<\/strong><\/span> 15h00<\/li>\n<li style=\"padding: 10px 0 10px 0; border-bottom: 1px solid #fff;\"><span style=\"width: 200px; display: inline-block;\">Jeudi <strong>25 juin<\/strong><\/span> 15h00<\/li>\n<li style=\"padding: 10px 0 10px 0; border-bottom: 1px solid #fff;\"><span style=\"width: 200px; display: inline-block;\">Mercredi <strong>01 juillet<\/strong><\/span> 15h00<\/li>\n<li style=\"padding: 10px 0 10px 0; border-bottom: 1px solid #fff;\"><span style=\"width: 200px; display: inline-block;\">Jeudi <strong>16 juillet<\/strong><\/span> 15h00<\/li>\n<\/ul>\n<\/li>\n<\/ul>\n<\/li>\n<\/ul>\n<\/div>\n<p>&nbsp;<\/p>\n<ul>\n<li style=\"text-align: left;\"><span style=\"color: #1d60ab; font-size: 14pt;\"><strong>Les formations cadres \u00e0 Avignon : DEIS &#8211; CAFDES<\/strong><br \/>\n<span style=\"color: #000000;\"><span style=\"font-size: 12pt; color: #1d60ab;\"><span style=\"font-size: 14pt;\"><strong>\u2794 <\/strong><\/span><\/span><em><span style=\"font-size: 12pt;\">S&rsquo;inscrire en <\/span><\/em><\/span><a href=\"https:\/\/forms.office.com\/pages\/responsepage.aspx?id=8t8My6u1x0Gyi9OndG5U_N1LjFdPju1Mv85U1KcwrqhUMFcxQTE1TlRUR05LT0owMU4xSFZJTTVEVC4u&amp;route=shorturl\"><em><span style=\"font-size: 12pt;\"><strong>remplissant le formulaire<\/strong><\/span><\/em><\/a><\/span><br \/>\n<em>Les candidats doivent s\u2019inscrire au plus tard 48h avant le jour de la r\u00e9union afin de recevoir le lien permettant d&rsquo;y participer.<\/em><\/li>\n<\/ul>\n<div style=\"background: #eee; border: 1px solid #eee; border-radius: 30px; padding: 10px 20px; width: 600px;\">\n<ul>\n<li style=\"padding: 10px 0 10px 0; border-bottom: 1px solid #fff;\"><span style=\"width: 200px; display: inline-block;\">Vendredi <strong>24 avril<\/strong><\/span>14h00-16h00<\/li>\n<\/ul>\n<\/div>\n<p id=\"deiscafdes\" style=\"text-align: left;\">\u00a0<\/p>\n<ul>\n<li style=\"text-align: left;\"><span style=\"color: #1d60ab; font-size: 14pt;\"><strong>Les formations cadres \u00e0 Marseille : DEIS<\/strong><br \/>\n<span style=\"color: #000000;\"><span style=\"font-size: 12pt; color: #1d60ab;\"><span style=\"font-size: 14pt;\"><strong>\u2794 <\/strong><\/span><\/span><a href=\"mailto:a.belhaj@imf.asso.fr\"><em><span style=\"font-size: 12pt;\">S&rsquo;inscrire en envoyant un mail : <strong>a.belhaj@imf.asso.fr<\/strong><\/span><\/em><\/a><\/span><\/span><br \/>\n<em>Les candidats doivent s\u2019inscrire au plus tard 48h avant le jour de la r\u00e9union afin de recevoir le lien permettant d&rsquo;y participer.<\/em><\/li>\n<\/ul>\n<div style=\"background: #eee; border: 1px solid #eee; border-radius: 30px; padding: 10px 20px; width: 600px;\">\n<ul>\n<li style=\"padding: 10px 0 10px 0; border-bottom: 1px solid #fff;\"><span style=\"width: 200px; display: inline-block;\">Vendredi <strong>27 mars<\/strong><\/span> 14h00<\/li>\n<li style=\"padding: 10px 0 10px 0; border-bottom: 1px solid #fff;\"><span style=\"width: 200px; display: inline-block;\">Vendredi <strong>24 avril<\/strong><\/span>10h00<\/li>\n<li style=\"padding: 10px 0 10px 0;\"><span style=\"width: 200px; display: inline-block;\">Vendredi <strong>22 mai<\/strong><\/span>14h00<\/li>\n<\/ul>\n<\/div>\n<div class=\"x_elementToProof\">\u00a0<\/div>\n<div>\u00a0<\/div>\n<div>\n<div>\n<ul>\n<li id=\"caferuis\" style=\"text-align: left;\"><span style=\"color: #1d60ab; font-size: 14pt;\"><strong>Les formations cadres : CAFERUIS<\/strong><br \/>\n<span style=\"color: #000000;\"><span style=\"font-size: 12pt; color: #1d60ab;\"><span style=\"font-size: 14pt;\"><strong>\u2794<\/strong> <\/span><\/span><em><span style=\"font-size: 12pt;\">S&rsquo;inscrire en <\/span><\/em><\/span><a href=\"https:\/\/forms.office.com\/pages\/responsepage.aspx?id=8t8My6u1x0Gyi9OndG5U_N1LjFdPju1Mv85U1KcwrqhUMFcxQTE1TlRUR05LT0owMU4xSFZJTTVEVC4u&amp;route=shorturl\"><em><span style=\"font-size: 12pt;\"><strong>remplissant le formulaire<\/strong><\/span><\/em><\/a><\/span><br \/>\n<em>Les candidats doivent s\u2019inscrire au plus tard 48h avant le jour de la r\u00e9union afin de recevoir le lien permettant d&rsquo;y participer.<\/em><\/li>\n<\/ul>\n<div style=\"background: #eee; border: 1px solid #eee; border-radius: 30px; padding: 10px 20px; width: 600px;\">\n<ul>\n<li style=\"list-style-type: none;\">\n<ul>\n<li style=\"list-style-type: none;\">\n<ul>\n<li style=\"padding: 10px 0 10px 0;\"><span style=\"width: 200px; display: inline-block;\">Jeudi <strong>07 mai<br \/>\n<\/strong><\/span> 14h00-16h00<br \/>\n<a href=\"https:\/\/zoom.us\/j\/95516385410?pwd=sTWAxEttPgC2yDjI5bxkrUMjAbOubN.1\">Lien ZOOM pour se connecter \u00e0 la visio<\/a><\/li>\n<\/ul>\n<\/li>\n<\/ul>\n<\/li>\n<\/ul>\n<\/div>\n<div>\u00a0<\/div>\n<p>&nbsp;<\/p>\n<\/div>\n<p><a href=\"https:\/\/www.imf.asso.fr\/pages\/?page_id=2994\"><span style=\"color: #1d60ab; font-size: 14pt;\"><strong>\u2794 Consulter les autres dates de nos r\u00e9unions d&rsquo;information collective<\/strong><\/span><\/a><span style=\"color: #1d60ab; font-size: 14pt;\"><br \/>\n<\/span><\/p>\n<\/div>\n","protected":false},"excerpt":{"rendered":"<p>&nbsp;<\/p>\n<p>Pour en savoir plus sur les m\u00e9tiers de l&rsquo;intervention sociale, participez \u00e0 nos r\u00e9unions d&rsquo;information en visio.<br \/> <strong>Les inscriptions sont obligatoires (voir liens correspondants \u00e0 la r\u00e9union choisie ci-dessous)<\/strong>.<\/p>\n<ul>\n<li id=\"tousniveaux\" style=\"text-align: left;\"><span style=\"color: #1d60ab; font-size: 14pt;\"><strong>Les formations tous niveaux<\/strong> (hors formations cadres)<br \/> <span style=\"font-size: 12pt;\"><span style=\"color: #1d60ab;\"><span style=\"font-size: 14pt;\"><strong>\u2794<\/strong><\/span><\/span><em><span style=\"color: &hellip; <\/p>\n<p><a class=\"more-link btn\" href=\"https:\/\/www.imf.asso.fr\/pages\/?page_id=10293\">Lire la suite<\/a><\/p>\n<p><\/span><\/em><\/span><\/span><\/li>\n<\/ul>\n","protected":false},"author":4,"featured_media":0,"parent":0,"menu_order":0,"comment_status":"closed","ping_status":"closed","template":"","meta":{"footnotes":""},"_links":{"self":[{"href":"https:\/\/www.imf.asso.fr\/pages\/index.php?rest_route=\/wp\/v2\/pages\/10293"}],"collection":[{"href":"https:\/\/www.imf.asso.fr\/pages\/index.php?rest_route=\/wp\/v2\/pages"}],"about":[{"href":"https:\/\/www.imf.asso.fr\/pages\/index.php?rest_route=\/wp\/v2\/types\/page"}],"author":[{"embeddable":true,"href":"https:\/\/www.imf.asso.fr\/pages\/index.php?rest_route=\/wp\/v2\/users\/4"}],"replies":[{"embeddable":true,"href":"https:\/\/www.imf.asso.fr\/pages\/index.php?rest_route=%2Fwp%2Fv2%2Fcomments&post=10293"}],"version-history":[{"count":3,"href":"https:\/\/www.imf.asso.fr\/pages\/index.php?rest_route=\/wp\/v2\/pages\/10293\/revisions"}],"predecessor-version":[{"id":17441,"href":"https:\/\/www.imf.asso.fr\/pages\/index.php?rest_route=\/wp\/v2\/pages\/10293\/revisions\/17441"}],"wp:attachment":[{"href":"https:\/\/www.imf.asso.fr\/pages\/index.php?rest_route=%2Fwp%2Fv2%2Fmedia&parent=10293"}],"curies":[{"name":"wp","href":"https:\/\/api.w.org\/{rel}","templated":true}]}}