{"id":10186,"date":"2024-03-26T11:04:06","date_gmt":"2024-03-26T10:04:06","guid":{"rendered":"https:\/\/www.imf.asso.fr\/pages\/?page_id=10186"},"modified":"2025-10-21T10:53:37","modified_gmt":"2025-10-21T08:53:37","slug":"youth-for-peace","status":"publish","type":"page","link":"https:\/\/www.imf.asso.fr\/pages\/?page_id=10186","title":{"rendered":"Youth for Peace"},"content":{"rendered":"<p><!--more--><\/p>\n<p>\u00ab <strong>Youth for Peace in the Mediterranean Sea<\/strong> \u00bb est un projet de renforcement des capacit\u00e9s de 24 mois destin\u00e9 aux professionnels \u0153uvrant aupr\u00e8s des jeunes et aux jeunes eux-m\u00eames. Dans une perspective de coop\u00e9ration Europe-M\u00e9diterran\u00e9e, ce projet implique neuf organisations \u0153uvrant dans le champ de la jeunesse, du lien social et de la formation au sein de huit pays du pourtour m\u00e9diterran\u00e9en (Espagne, Italie, France, Maroc, Tunisie, \u00c9gypte, Liban et Jordanie).<\/p>\n<p><img decoding=\"async\" loading=\"lazy\" class=\"wp-image-10187  aligncenter\" src=\"https:\/\/www.imf.asso.fr\/pages\/wp-content\/uploads\/YxP-Logo_official-1024x790.png\" alt=\"\" width=\"578\" height=\"446\" srcset=\"https:\/\/www.imf.asso.fr\/pages\/wp-content\/uploads\/YxP-Logo_official-1024x790.png 1024w, https:\/\/www.imf.asso.fr\/pages\/wp-content\/uploads\/YxP-Logo_official-300x232.png 300w, https:\/\/www.imf.asso.fr\/pages\/wp-content\/uploads\/YxP-Logo_official-768x593.png 768w, https:\/\/www.imf.asso.fr\/pages\/wp-content\/uploads\/YxP-Logo_official-1536x1186.png 1536w, https:\/\/www.imf.asso.fr\/pages\/wp-content\/uploads\/YxP-Logo_official-945x729.png 945w, https:\/\/www.imf.asso.fr\/pages\/wp-content\/uploads\/YxP-Logo_official.png 1696w\" sizes=\"(max-width: 578px) 100vw, 578px\" \/><\/p>\n<p><img decoding=\"async\" loading=\"lazy\" class=\"alignnone wp-image-10188 size-full\" src=\"https:\/\/www.imf.asso.fr\/pages\/wp-content\/uploads\/image-2.png\" alt=\"\" width=\"350\" height=\"64\" \/><\/p>\n<p>&nbsp;<\/p>\n","protected":false},"excerpt":{"rendered":"","protected":false},"author":4,"featured_media":10476,"parent":4391,"menu_order":0,"comment_status":"closed","ping_status":"closed","template":"template-twocolumnsright.php","meta":{"footnotes":""},"_links":{"self":[{"href":"https:\/\/www.imf.asso.fr\/pages\/index.php?rest_route=\/wp\/v2\/pages\/10186"}],"collection":[{"href":"https:\/\/www.imf.asso.fr\/pages\/index.php?rest_route=\/wp\/v2\/pages"}],"about":[{"href":"https:\/\/www.imf.asso.fr\/pages\/index.php?rest_route=\/wp\/v2\/types\/page"}],"author":[{"embeddable":true,"href":"https:\/\/www.imf.asso.fr\/pages\/index.php?rest_route=\/wp\/v2\/users\/4"}],"replies":[{"embeddable":true,"href":"https:\/\/www.imf.asso.fr\/pages\/index.php?rest_route=%2Fwp%2Fv2%2Fcomments&post=10186"}],"version-history":[{"count":3,"href":"https:\/\/www.imf.asso.fr\/pages\/index.php?rest_route=\/wp\/v2\/pages\/10186\/revisions"}],"predecessor-version":[{"id":15204,"href":"https:\/\/www.imf.asso.fr\/pages\/index.php?rest_route=\/wp\/v2\/pages\/10186\/revisions\/15204"}],"up":[{"embeddable":true,"href":"https:\/\/www.imf.asso.fr\/pages\/index.php?rest_route=\/wp\/v2\/pages\/4391"}],"wp:featuredmedia":[{"embeddable":true,"href":"https:\/\/www.imf.asso.fr\/pages\/index.php?rest_route=\/wp\/v2\/media\/10476"}],"wp:attachment":[{"href":"https:\/\/www.imf.asso.fr\/pages\/index.php?rest_route=%2Fwp%2Fv2%2Fmedia&parent=10186"}],"curies":[{"name":"wp","href":"https:\/\/api.w.org\/{rel}","templated":true}]}}