{"id":101,"date":"2017-07-05T11:13:07","date_gmt":"2017-07-05T09:13:07","guid":{"rendered":"http:\/\/www.imf.asso.fr\/pages\/?page_id=101"},"modified":"2026-04-28T16:50:48","modified_gmt":"2026-04-28T14:50:48","slug":"fc2104-maitre-sse-de-maison","status":"publish","type":"page","link":"https:\/\/www.imf.asso.fr\/pages\/?page_id=101","title":{"rendered":"FC2104 | Ma\u00eetre-sse de maison"},"content":{"rendered":"<div class=\"post_sous-title; non-visible\"><a title=\"Permalien vers FC2104 - Ma\u00eetre-sse de maison\" href=\"\/pages\/?page_id=101\" rel=\"bookmark\">Ma\u00eetre-sse de maison<\/a><\/div>\n<p><!--more--><\/p>\n<p><span style=\"font-size: 14pt; color: #1d60ab;\"><strong>Dans le cadre des secteurs social, m\u00e9dico-social, et sanitaire,<\/strong> <strong>le ou la Ma\u00eetre(sse) de maison assure l\u2019adaptation, la qualit\u00e9 et la s\u00e9curisation du cadre de vie, r\u00e9alise les actes de la vie courante et participe \u00e0 l\u2019accompagnement des personnes au travers de ces activit\u00e9s, dans le respect du projet personnalis\u00e9 d\u2019accompagnement et du projet d\u2019\u00e9tablissement ou de service.<\/strong> <\/span><\/p>\n<p>A l\u2019interface des fonctions \u00e9ducatives et logistiques, il ou elle assure une pr\u00e9sence permanente et repr\u00e9sente un rep\u00e8re pour les personnes accompagn\u00e9es, leur permet de s\u2019approprier leur espace de vie. Il ou elle peut ainsi faire le lien avec les membres de l\u2019\u00e9quipe \u00e9ducative, soignante ou technique afin de garantir un cadre de vie agr\u00e9able et s\u00e9curisant et de favoriser le bien-\u00eatre physique et psychologique des personnes accompagn\u00e9es.<\/p>\n<div style=\"width: 500px; float: left; margin-bottom: 50px;\">\n<p style=\"margin: 0;\"><span style=\"color: #1d60ab;\">\u25cb<\/span> La formation :<\/p>\n<p style=\"margin: 0;\"><span style=\"color: #1d60ab;\"><span style=\"padding: 5px 10px; border-radius: 20px;\">CQP\u00a0<strong>Ma\u00eetre de Maison <\/strong>(SN) &#8211; Niveau 3 (\u00e9quivalent CAP)<\/span><\/span><\/p>\n<p style=\"margin: 10px 0;\"><a href=\"https:\/\/www.imf.asso.fr\/pages\/wp-content\/uploads\/FC2104-\u2013-Maitre-sse-de-maison.pdf\"><span style=\"margin: 0 0 0 10px; padding: 5px 10px; background: #f4f3fa; border: 1px solid purple; border-radius: 20px;\"><strong>\u00a0La fiche de la formation<\/strong><\/span><\/a><\/p>\n<p style=\"margin: 10px 0;\"><a href=\"\/pages\/formations\/catalogue\/docs\/fc2104c.pdf\"><span style=\"margin: 0 0 0 10px; padding: 5px 10px; background: #f4f3fa; border: 1px solid purple; border-radius: 20px;\"><strong>\u00a0La fiche compl\u00e9mentaire<\/strong><\/span><\/a><\/p>\n<p style=\"margin: 10px 0;\"><a href=\"https:\/\/www.imf.asso.fr\/pages\/wp-content\/uploads\/Programme-de-formation-MM-reformee-majsept23.pdf\"><span style=\"margin: 0 0 0 10px; padding: 5px 10px; background: #f4f3fa; border: 1px solid purple; border-radius: 20px;\"><strong>\u00a0Le programme de formation<\/strong><\/span><\/a><\/p>\n<p style=\"margin: 10px 0;\"><a href=\"https:\/\/www.imf.asso.fr\/pages\/wp-content\/uploads\/Fiche-metier-Titre-MM-opco23.pdf\"><span style=\"margin: 0 0 0 10px; padding: 5px 10px; background: #f4f3fa; border: 1px solid purple; border-radius: 20px;\"><strong>\u00a0La fiche OPCO<\/strong><\/span><\/a><\/p>\n<p style=\"margin: 10px 0;\"><a href=\"https:\/\/www.francecompetences.fr\/recherche\/rncp\/37424\/\"><span style=\"margin: 0 0 0 10px; padding: 5px 10px; background: #f4f3fa; border: 1px solid purple; border-radius: 20px;\"><strong>\u00a0La fiche RNCP<\/strong><\/span><\/a><\/p>\n<p><\/p>\n<p style=\"margin: 0 0 10px 0;\"><span style=\"color: #1d60ab;\">\u25cb<\/span> Sites disponibles :<\/p>\n<p><span style=\"padding: 0 10px; border-radius: 20px; color: #1d60ab;\"><strong>IMF RIS Avignon <\/strong>(55 all\u00e9e Camille Claudel &#8211; 84 140)<strong><br \/>\n<\/strong><span style=\"padding: 0 10px; border-radius: 20px; color: #1d60ab;\"><strong>IMF RIS Marseille <\/strong>(59 av. St Just &#8211; 13013)<\/span><\/span><\/p>\n<p style=\"margin: 0 0 10px 0;\"><span style=\"color: #1d60ab;\">\u25cb<\/span> R\u00e9f\u00e9rentiel :<\/p>\n<p><a style=\"margin: 0 0 0 10px; padding: 5px 10px; background: #f4f3fa; border: 1px solid purple; border-radius: 20px;\" href=\"\/pages\/formations\/catalogue\/docs\/ref_fc2104.pdf\"><strong>Le r\u00e9f\u00e9rentiel<\/strong><\/a><\/p>\n<p style=\"margin: 0;\"><span style=\"color: #1d60ab;\">\u25cb<\/span> S&rsquo;informer :<\/p>\n<p style=\"margin: 0 0 10px 0;\"><span style=\"padding: 0 10px; border-radius: 20px; color: #1d60ab;\"><strong>Avignon :<\/strong><\/span><span style=\"color: #333333;\">\u00a0l.guyot@imf.asso.fr &#8211; 04 32 40 41 81<\/span><br \/>\n<span style=\"padding: 0 10px; border-radius: 20px; color: #1d60ab;\"><strong>Marseille :<\/strong><\/span><span style=\"color: #333333;\">a.belhaj@imf.asso.fr &#8211; 04 91 24 61 15<br \/>\n<\/span><\/p>\n<p><a style=\"margin: 0 0 0 10px; padding: 5px 10px 5px; background: #f4f3fa; border: 1px solid purple; border-radius: 20px;\" href=\"https:\/\/www.imf.asso.fr\/pages\/?page_id=2994\"><strong>Nos R\u00e9unions d&rsquo;Information Collective<\/strong><\/a><\/div>\n<div style=\"width: 300px; float: left;\">\n<p style=\"margin: 0;\"><span style=\"color: #1d60ab;\">\u25cb<\/span> Prochaines sessions :<\/p>\n<p style=\"margin: 0 0 10px 0;\"><strong><span style=\"padding: 0 10px; border-radius: 20px; margin: 0; display: inline-block;\"><span style=\"color: #1d60ab;\">Septembre 2026<br \/>\n<\/span><\/span><\/strong><span style=\"padding: 0px 10px; border-radius: 20px; margin: 0px; display: inline-block; font-size: 10pt;\"><span style=\"color: #1d60ab;\">(sous r\u00e9serve de candidatures suffisantes)<\/span><\/span><\/p>\n<p style=\"margin: 0 0 10px;\"><a style=\"margin: 0 0 0 10px; padding: 5px 10px; background: #f4f3fa; border: 1px solid purple; border-radius: 20px;\" href=\"https:\/\/www.imf.asso.fr\/pages\/wp-content\/uploads\/MM_Marseille-2026-1.pdf\"><strong>Calendrier IMF RIS Marseille<\/strong><\/a><\/p>\n<p style=\"margin: 15px 0;\"><a style=\"margin: 0 0 0 10px; padding: 5px 10px; background: #f4f3fa; border: 1px solid purple; border-radius: 20px;\" href=\"https:\/\/www.imf.asso.fr\/pages\/wp-content\/uploads\/MM_2627.pdf\"><strong>Calendrier IMF RIS Avignon<\/strong><\/a><\/p>\n<p><\/p>\n<p style=\"margin: 0 0 10px 0;\"><span style=\"color: #1d60ab;\">\u25cb<\/span> S&rsquo;inscrire :<\/p>\n<p style=\"margin: 0;\"><a href=\"https:\/\/www.imf.asso.fr\/pages\/wp-content\/uploads\/IMF-RIS-26-27-Fiche-renseignements-employeur-SN-MM.pdf\"><span style=\"margin: 0 0 0 10px; padding: 5px 10px; background: #f4f3fa; border: 1px solid purple; border-radius: 20px;\"><strong>La fiche d&rsquo;inscription<\/strong><\/span><\/a><\/p>\n<p style=\"margin: 10px 0 0 10px;\"><span style=\"font-size: 10pt;\">Vous serez contact\u00e9 prochainement pour un <strong>entretien de positionnement<\/strong>, se d\u00e9roulant habituellement au mois de juin ou de septembre.<\/span>\u00a0<\/p>\n<p><\/p>\n<p style=\"margin: 0;\"><span style=\"color: #1d60ab;\">\u25cb<\/span> Nos taux en 2025 :<\/p>\n<p style=\"margin: 0;\"><span style=\"color: #1d60ab;\"><span style=\"display: block; padding: 5px 10px; border-radius: 20px;\">R\u00e9ussite : <strong>80% (Marseille) <br \/>\net 88,88% (Avignon)<\/strong><\/span><\/span><\/p>\n<p style=\"margin: 0;\"><span style=\"color: #1d60ab;\"><span style=\"padding: 5px 10px; border-radius: 20px;\">Insertion : <strong>100%<\/strong> sur les 2 sites<\/span><\/span><\/p>\n<\/div>\n<p>&nbsp;<\/p>\n","protected":false},"excerpt":{"rendered":"<div class=\"post_sous-title; non-visible\"><a title=\"Permalien vers FC2104 - Ma\u00eetre-sse de maison\" href=\"\/pages\/?page_id=101\" rel=\"bookmark\">Ma\u00eetre-sse de maison<\/a><\/div>\n","protected":false},"author":1,"featured_media":10771,"parent":47,"menu_order":7,"comment_status":"closed","ping_status":"closed","template":"template-twocolumnsleft.php","meta":{"footnotes":""},"_links":{"self":[{"href":"https:\/\/www.imf.asso.fr\/pages\/index.php?rest_route=\/wp\/v2\/pages\/101"}],"collection":[{"href":"https:\/\/www.imf.asso.fr\/pages\/index.php?rest_route=\/wp\/v2\/pages"}],"about":[{"href":"https:\/\/www.imf.asso.fr\/pages\/index.php?rest_route=\/wp\/v2\/types\/page"}],"author":[{"embeddable":true,"href":"https:\/\/www.imf.asso.fr\/pages\/index.php?rest_route=\/wp\/v2\/users\/1"}],"replies":[{"embeddable":true,"href":"https:\/\/www.imf.asso.fr\/pages\/index.php?rest_route=%2Fwp%2Fv2%2Fcomments&post=101"}],"version-history":[{"count":3,"href":"https:\/\/www.imf.asso.fr\/pages\/index.php?rest_route=\/wp\/v2\/pages\/101\/revisions"}],"predecessor-version":[{"id":17373,"href":"https:\/\/www.imf.asso.fr\/pages\/index.php?rest_route=\/wp\/v2\/pages\/101\/revisions\/17373"}],"up":[{"embeddable":true,"href":"https:\/\/www.imf.asso.fr\/pages\/index.php?rest_route=\/wp\/v2\/pages\/47"}],"wp:featuredmedia":[{"embeddable":true,"href":"https:\/\/www.imf.asso.fr\/pages\/index.php?rest_route=\/wp\/v2\/media\/10771"}],"wp:attachment":[{"href":"https:\/\/www.imf.asso.fr\/pages\/index.php?rest_route=%2Fwp%2Fv2%2Fmedia&parent=101"}],"curies":[{"name":"wp","href":"https:\/\/api.w.org\/{rel}","templated":true}]}}